{"id":239615,"date":"2025-04-07T11:01:35","date_gmt":"2025-04-07T11:01:35","guid":{"rendered":"https:\/\/linkxa.es\/contratacion\/producto\/accesorio-sony-ps5-estacion-carga\/"},"modified":"2025-12-08T17:24:04","modified_gmt":"2025-12-08T17:24:04","slug":"accesorio-sony-ps5-estacion-carga","status":"publish","type":"product","link":"https:\/\/linkxa.es\/linkshop\/producto\/accesorio-sony-ps5-estacion-carga\/","title":{"rendered":"Accesorio sony ps5 &#8211;  estacion carga"},"content":{"rendered":"<div style=\"text-align: center; margin-bottom: 20px;\">\n<h2 style=\"font-size: 22px; font-weight: 600; margin: 0; color: #333;\">Sony\u00a0|\u00a0 Accesorios de consola ps5<\/h2>\n<p><strong>Accesorio sony ps5 &#8211;  estacion de carga dualsense<\/strong><\/p>\n<\/div>\n<p style=\"max-width: 700px; margin: 0px auto 30px; font-size: 18px; line-height: 1.6; color: #555555; font-style: italic; text-align: left;\">Acopla. Carga. Juega.<\/p>\n<p>Sigue al pie del ca\u00f1\u00f3n y prep\u00e1rate para enfrentarte a tus amigos con la<br \/>estaci\u00f3n de recarga DualSense. Acopla r\u00e1pida y f\u00e1cilmente hasta dos mandos<br \/>inal\u00e1mbricos DualSense con el dise\u00f1o de acoplamiento sencillo de la estaci\u00f3n<br \/>de recarga. Los mandos se cargan tan r\u00e1pido como al conectarlos a la PS5, de<br \/>forma que puedes liberar puertos USB sin sacrificar el rendimiento.<\/p>\n","protected":false},"excerpt":{"rendered":"<p>Accesorio sony ps5 &#8211;  estacion de carga dualsense<\/p>\n","protected":false},"featured_media":239616,"comment_status":"open","ping_status":"open","template":"","meta":{"_et_pb_use_builder":"","_et_pb_old_content":"","_et_gb_content_width":""},"product_brand":[2912],"product_cat":[4344,4343,2058,4345],"product_tag":[4347,4346,2913],"class_list":{"0":"post-239615","1":"product","2":"type-product","3":"status-publish","4":"has-post-thumbnail","6":"product_brand-sony","7":"product_cat-accesorios-de-consola-ps5","8":"product_cat-consolas-y-videojuegos","9":"product_cat-dispositivos","10":"product_cat-sony","11":"product_tag-accesorios-de-consola-ps5","12":"product_tag-consolas-y-videojuegos","13":"product_tag-sony","14":"product_shipping_class-2059","15":"pa_canon-digital-impuesto-incluido-de-0-e","16":"pa_categoria-consolas-y-videojuegos","17":"pa_marca-sony","18":"pa_peso-4065","19":"pa_referencia-4352","21":"first","22":"instock","23":"sale","24":"taxable","25":"shipping-taxable","26":"purchasable","27":"product-type-simple"},"_links":{"self":[{"href":"https:\/\/linkxa.es\/linkshop\/wp-json\/wp\/v2\/product\/239615","targetHints":{"allow":["GET"]}}],"collection":[{"href":"https:\/\/linkxa.es\/linkshop\/wp-json\/wp\/v2\/product"}],"about":[{"href":"https:\/\/linkxa.es\/linkshop\/wp-json\/wp\/v2\/types\/product"}],"replies":[{"embeddable":true,"href":"https:\/\/linkxa.es\/linkshop\/wp-json\/wp\/v2\/comments?post=239615"}],"wp:featuredmedia":[{"embeddable":true,"href":"https:\/\/linkxa.es\/linkshop\/wp-json\/wp\/v2\/media\/239616"}],"wp:attachment":[{"href":"https:\/\/linkxa.es\/linkshop\/wp-json\/wp\/v2\/media?parent=239615"}],"wp:term":[{"taxonomy":"product_brand","embeddable":true,"href":"https:\/\/linkxa.es\/linkshop\/wp-json\/wp\/v2\/product_brand?post=239615"},{"taxonomy":"product_cat","embeddable":true,"href":"https:\/\/linkxa.es\/linkshop\/wp-json\/wp\/v2\/product_cat?post=239615"},{"taxonomy":"product_tag","embeddable":true,"href":"https:\/\/linkxa.es\/linkshop\/wp-json\/wp\/v2\/product_tag?post=239615"}],"curies":[{"name":"wp","href":"https:\/\/api.w.org\/{rel}","templated":true}]}}