{"id":239629,"date":"2025-11-21T12:02:07","date_gmt":"2025-11-21T12:02:07","guid":{"rendered":"https:\/\/linkxa.es\/contratacion\/producto\/juego-ps5-demons-soul-remake\/"},"modified":"2025-12-08T17:26:12","modified_gmt":"2025-12-08T17:26:12","slug":"juego-ps5-demons-soul-remake","status":"publish","type":"product","link":"https:\/\/linkxa.es\/linkshop\/producto\/juego-ps5-demons-soul-remake\/","title":{"rendered":"Juego ps5 &#8211;  demon&#8217;s soul remake"},"content":{"rendered":"<div style=\"text-align: center; margin-bottom: 20px;\">\n<h2 style=\"font-size: 22px; font-weight: 600; margin: 0; color: #333;\">Sony\u00a0|\u00a0 Juegos ps5<\/h2>\n<p><strong>Juego ps5 &#8211;  demon&#8217;s soul remake<\/strong><\/p>\n<\/div>\n<p style=\"max-width: 700px; margin: 0px auto 30px; font-size: 18px; line-height: 1.6; color: #555555; font-style: italic; text-align: left;\">PlayStation Studios y Bluepoint Games presentan un remake del cl\u00e1sico de PlayStation, Demon&#8217;s Souls. Este remake, redise\u00f1ado por completo y optimizado de forma magistral, presenta los horrores de una oscura y neblinosa tierra de fantas\u00eda a una nueva generaci\u00f3n de jugadores. Aquellos que ya se hayan enfrentado a sus dificultades y adversidades pueden volver a desafiar a la oscuridad con una calidad visual sin igual y un rendimiento incre\u00edble. En la b\u00fasqueda por aumentar su poder, el rey Allant XII, monarca de Boletaria, canaliz\u00f3 las antiguas artes del alma y despert\u00f3 a un demonio tan antiguo como el tiempo: el Anciano. Esta acci\u00f3n provoc\u00f3 que una niebla incolora se extendiera por toda la regi\u00f3n, liberando a terror\u00edficas criaturas hambrientas de almas humanas. Aquellos cuyas almas les fueron arrebatadas perdieron la cordura y solo les qued\u00f3 el deseo de atacar a quien a\u00fan la conserve. Ahora, Boletaria est\u00e1 aislada del mundo exterior, y los caballeros que se atreven a penetrar la densa niebla para liberar la regi\u00f3n desaparecen para siempre. Encarna a un guerrero solitario y ad\u00e9ntrate en la peligrosa niebla, donde deber\u00e1s enfrentarte a los desaf\u00edos m\u00e1s dif\u00edciles para ganarte el t\u00edtulo de \u00abmatademonios\u00bb y devolver al Anciano a su letargo. Descubre el origen del viaje Experimenta el brutal desaf\u00edo original, recreado completamente desde cero. Gracias a una espectacular calidad visual con rendimiento optimizado, ver\u00e1s el mundo de Boletaria como nunca antes. Convi\u00e9rtete en matademonios Ad\u00e9ntrate en el reino norte\u00f1o de Boletaria, un reino de caballeros anta\u00f1o pr\u00f3spero, que ahora est\u00e1 asolado por criaturas innombrables y voraces demonios. Conoce a extra\u00f1os personajes, trastornados y corrompidos por el mundo que los rodea, y desentra\u00f1a la inquietante historia de Demon&#8217;s Souls. Domina las artes de la magia y la guerra Perfecciona tus habilidades en combate, aprende cu\u00e1ndo atacar y cu\u00e1ndo esperar tu momento, pues con cada golpe fallido y cada descuido corres el riesgo de perder todas las almas que tanto te ha costado conseguir. Sin embargo, las recompensas por derrotar a los enemigos m\u00e1s poderosos son inmensas, y la muerte no es el fin, solo otro estado de tu ser. Enfr\u00e9ntate a los mejores guerreros del mundo Enfr\u00e9ntate a los mejores guerreros del mundo en feroces combates JcJ. Las invasiones online1 a\u00f1aden peligro a tu aventura. Tambi\u00e9n puedes jugar cooperativamente, invocando a aliados que te ayudar\u00e1n en tu lucha contra los demonios.<\/p>\n","protected":false},"excerpt":{"rendered":"<p>Juego ps5 &#8211;  demon&#8217;s soul remake<\/p>\n","protected":false},"featured_media":239630,"comment_status":"open","ping_status":"open","template":"","meta":{"_et_pb_use_builder":"","_et_pb_old_content":"","_et_gb_content_width":""},"product_brand":[2912],"product_cat":[4343,2058,4361,4362],"product_tag":[4346,4363,2913],"class_list":{"0":"post-239629","1":"product","2":"type-product","3":"status-publish","4":"has-post-thumbnail","6":"product_brand-sony","7":"product_cat-consolas-y-videojuegos","8":"product_cat-dispositivos","9":"product_cat-juegos-ps5","10":"product_cat-sony-juegos-ps5","11":"product_tag-consolas-y-videojuegos","12":"product_tag-juegos-ps5","13":"product_tag-sony","14":"product_shipping_class-2059","15":"pa_canon-digital-impuesto-incluido-de-0-e","16":"pa_categoria-consolas-y-videojuegos","17":"pa_marca-sony","18":"pa_peso-4370","19":"pa_referencia-4369","21":"first","22":"instock","23":"sale","24":"taxable","25":"shipping-taxable","26":"purchasable","27":"product-type-simple"},"_links":{"self":[{"href":"https:\/\/linkxa.es\/linkshop\/wp-json\/wp\/v2\/product\/239629","targetHints":{"allow":["GET"]}}],"collection":[{"href":"https:\/\/linkxa.es\/linkshop\/wp-json\/wp\/v2\/product"}],"about":[{"href":"https:\/\/linkxa.es\/linkshop\/wp-json\/wp\/v2\/types\/product"}],"replies":[{"embeddable":true,"href":"https:\/\/linkxa.es\/linkshop\/wp-json\/wp\/v2\/comments?post=239629"}],"wp:featuredmedia":[{"embeddable":true,"href":"https:\/\/linkxa.es\/linkshop\/wp-json\/wp\/v2\/media\/239630"}],"wp:attachment":[{"href":"https:\/\/linkxa.es\/linkshop\/wp-json\/wp\/v2\/media?parent=239629"}],"wp:term":[{"taxonomy":"product_brand","embeddable":true,"href":"https:\/\/linkxa.es\/linkshop\/wp-json\/wp\/v2\/product_brand?post=239629"},{"taxonomy":"product_cat","embeddable":true,"href":"https:\/\/linkxa.es\/linkshop\/wp-json\/wp\/v2\/product_cat?post=239629"},{"taxonomy":"product_tag","embeddable":true,"href":"https:\/\/linkxa.es\/linkshop\/wp-json\/wp\/v2\/product_tag?post=239629"}],"curies":[{"name":"wp","href":"https:\/\/api.w.org\/{rel}","templated":true}]}}