{"id":239631,"date":"2025-07-11T17:44:43","date_gmt":"2025-07-11T17:44:43","guid":{"rendered":"https:\/\/linkxa.es\/contratacion\/producto\/juego-ps5-destruction-allstars\/"},"modified":"2025-12-08T17:26:31","modified_gmt":"2025-12-08T17:26:31","slug":"juego-ps5-destruction-allstars","status":"publish","type":"product","link":"https:\/\/linkxa.es\/linkshop\/producto\/juego-ps5-destruction-allstars\/","title":{"rendered":"Juego ps5 &#8211;  destruction allstars"},"content":{"rendered":"<div style=\"text-align: center; margin-bottom: 20px;\">\n<h2 style=\"font-size: 22px; font-weight: 600; margin: 0; color: #333;\">Sony\u00a0|\u00a0 Juegos ps5<\/h2>\n<p><strong>Juego ps5 &#8211;  destruction allstars<\/strong><\/p>\n<\/div>\n<p style=\"max-width: 700px; margin: 0px auto 30px; font-size: 18px; line-height: 1.6; color: #555555; font-style: italic; text-align: left;\">Las estrellas y los coches colisionan. Domina el fen\u00f3meno rutilante global de Destruction AllStars: \u00a1el deporte espectacular de m\u00e1xima audiencia para pilotos peligrosos! Domina el arte del combate intenso de veh\u00edculos mediante la oportunidad, la t\u00e1ctica y la habilidad para infligir colosales cantidades de da\u00f1o, destrucci\u00f3n y devastaci\u00f3n en arenas vibrantes de todo el mundo. Acumula destrucci\u00f3n tras el volante o salta a la arena con una exhibici\u00f3n de parkour al esquivar ataques, relevar veh\u00edculos o utilizar habilidades para desbaratar la embestida de los veh\u00edculos que vienen. Provoca suficiente caos para potenciar tu decisivo veh\u00edculo de h\u00e9roe AllStars, repleto de habilidades especiales. Un plantel de 16 populares Destruction AllStars est\u00e1 revolucionado y listo para competir en nombre del entretenimiento y la demolici\u00f3n. As\u00ed que abr\u00f3chense para niveles intensos, explosivos e impredecibles de acci\u00f3n libre y pelea para hacerse con la corona del Campeonato de la Federaci\u00f3n Global de Destrucci\u00f3n. Es hora de correr, empujar y embestir. Nos vemos en la arena.<\/p>\n","protected":false},"excerpt":{"rendered":"<p>Juego ps5 &#8211;  destruction allstars<\/p>\n","protected":false},"featured_media":239632,"comment_status":"open","ping_status":"open","template":"","meta":{"_et_pb_use_builder":"","_et_pb_old_content":"","_et_gb_content_width":""},"product_brand":[2912],"product_cat":[4343,2058,4361,4362],"product_tag":[4346,4363,2913],"class_list":{"0":"post-239631","1":"product","2":"type-product","3":"status-publish","4":"has-post-thumbnail","6":"product_brand-sony","7":"product_cat-consolas-y-videojuegos","8":"product_cat-dispositivos","9":"product_cat-juegos-ps5","10":"product_cat-sony-juegos-ps5","11":"product_tag-consolas-y-videojuegos","12":"product_tag-juegos-ps5","13":"product_tag-sony","14":"product_shipping_class-2059","15":"pa_canon-digital-impuesto-incluido-de-0-e","16":"pa_categoria-consolas-y-videojuegos","17":"pa_marca-sony","18":"pa_peso-4071","19":"pa_referencia-4371","21":"first","22":"instock","23":"sale","24":"taxable","25":"shipping-taxable","26":"purchasable","27":"product-type-simple"},"_links":{"self":[{"href":"https:\/\/linkxa.es\/linkshop\/wp-json\/wp\/v2\/product\/239631","targetHints":{"allow":["GET"]}}],"collection":[{"href":"https:\/\/linkxa.es\/linkshop\/wp-json\/wp\/v2\/product"}],"about":[{"href":"https:\/\/linkxa.es\/linkshop\/wp-json\/wp\/v2\/types\/product"}],"replies":[{"embeddable":true,"href":"https:\/\/linkxa.es\/linkshop\/wp-json\/wp\/v2\/comments?post=239631"}],"wp:featuredmedia":[{"embeddable":true,"href":"https:\/\/linkxa.es\/linkshop\/wp-json\/wp\/v2\/media\/239632"}],"wp:attachment":[{"href":"https:\/\/linkxa.es\/linkshop\/wp-json\/wp\/v2\/media?parent=239631"}],"wp:term":[{"taxonomy":"product_brand","embeddable":true,"href":"https:\/\/linkxa.es\/linkshop\/wp-json\/wp\/v2\/product_brand?post=239631"},{"taxonomy":"product_cat","embeddable":true,"href":"https:\/\/linkxa.es\/linkshop\/wp-json\/wp\/v2\/product_cat?post=239631"},{"taxonomy":"product_tag","embeddable":true,"href":"https:\/\/linkxa.es\/linkshop\/wp-json\/wp\/v2\/product_tag?post=239631"}],"curies":[{"name":"wp","href":"https:\/\/api.w.org\/{rel}","templated":true}]}}