{"id":239635,"date":"2025-10-14T13:28:24","date_gmt":"2025-10-14T13:28:24","guid":{"rendered":"https:\/\/linkxa.es\/contratacion\/producto\/juego-ps5-spider-man-miles\/"},"modified":"2025-12-08T17:27:13","modified_gmt":"2025-12-08T17:27:13","slug":"juego-ps5-spider-man-miles","status":"publish","type":"product","link":"https:\/\/linkxa.es\/linkshop\/producto\/juego-ps5-spider-man-miles\/","title":{"rendered":"Juego ps5 &#8211;  spider man miles"},"content":{"rendered":"<div style=\"text-align: center; margin-bottom: 20px;\">\n<h2 style=\"font-size: 22px; font-weight: 600; margin: 0; color: #333;\">Sony\u00a0|\u00a0 Juegos ps5<\/h2>\n<p><strong>Juego ps5 &#8211;  spider man miles morales<\/strong><\/p>\n<\/div>\n<p style=\"max-width: 700px; margin: 0px auto 30px; font-size: 18px; line-height: 1.6; color: #555555; font-style: italic; text-align: left;\">En la \u00faltima aventura del universo de Spider-Man de Marvel, el adolescente Miles Morales se adapta a su nuevo barrio al tiempo que sigue los pasos de Peter Parker, su mentor, y se convierte en un nuevo Spider-Man. Pero cuando una feroz lucha de poderes amenaza con destruir su nuevo hogar, el aspirante a h\u00e9roe se da cuenta de que un gran poder debe conllevar una gran responsabilidad. Para salvar la Nueva York de Marvel, Miles debe tomar el relevo de Spider-Man y estar a la altura. El ascenso de Miles Morales Miles Morales descubre poderes sensacionales que lo diferencian de Peter Parker, su mentor. Domina sus ins\u00f3litos ataques bioel\u00e9ctricos de r\u00e1faga de veneno y su poder de camuflaje, junto a las espectaculares acrobacias con lanzamiento de telara\u00f1as, los artilugios y las dem\u00e1s habilidades. Una guerra por el poder Ha estallado una guerra por el control de la Nueva York de Marvel entre una turbia corporaci\u00f3n energ\u00e9tica y un grupo paramilitar que se surte de armas de alta tecnolog\u00eda. Con su nuevo hogar en pleno campo de batalla, Miles debe aprender el coste de convertirse en h\u00e9roe y decidir lo que debe sacrificar por el bien com\u00fan. Un nuevo hogar lleno de vida Descubre las calles nevadas del nuevo barrio de Miles, lleno de bullicio y animaci\u00f3n, en su b\u00fasqueda de arraigo. Cuando empieza a desdibujarse la frontera entre su vida personal y su lucha contra el crimen, descubre en qui\u00e9n puede confiar y lo que significa un hogar verdadero.<\/p>\n","protected":false},"excerpt":{"rendered":"<p>Juego ps5 &#8211;  spider man miles morales<\/p>\n","protected":false},"featured_media":239636,"comment_status":"open","ping_status":"open","template":"","meta":{"_et_pb_use_builder":"","_et_pb_old_content":"","_et_gb_content_width":""},"product_brand":[2912],"product_cat":[4343,2058,4361,4362],"product_tag":[4346,4363,2913],"class_list":{"0":"post-239635","1":"product","2":"type-product","3":"status-publish","4":"has-post-thumbnail","6":"product_brand-sony","7":"product_cat-consolas-y-videojuegos","8":"product_cat-dispositivos","9":"product_cat-juegos-ps5","10":"product_cat-sony-juegos-ps5","11":"product_tag-consolas-y-videojuegos","12":"product_tag-juegos-ps5","13":"product_tag-sony","14":"product_shipping_class-2059","15":"pa_canon-digital-impuesto-incluido-de-0-e","16":"pa_categoria-consolas-y-videojuegos","17":"pa_marca-sony","18":"pa_peso-3473","19":"pa_referencia-4374","21":"first","22":"instock","23":"sale","24":"taxable","25":"shipping-taxable","26":"purchasable","27":"product-type-simple"},"_links":{"self":[{"href":"https:\/\/linkxa.es\/linkshop\/wp-json\/wp\/v2\/product\/239635","targetHints":{"allow":["GET"]}}],"collection":[{"href":"https:\/\/linkxa.es\/linkshop\/wp-json\/wp\/v2\/product"}],"about":[{"href":"https:\/\/linkxa.es\/linkshop\/wp-json\/wp\/v2\/types\/product"}],"replies":[{"embeddable":true,"href":"https:\/\/linkxa.es\/linkshop\/wp-json\/wp\/v2\/comments?post=239635"}],"wp:featuredmedia":[{"embeddable":true,"href":"https:\/\/linkxa.es\/linkshop\/wp-json\/wp\/v2\/media\/239636"}],"wp:attachment":[{"href":"https:\/\/linkxa.es\/linkshop\/wp-json\/wp\/v2\/media?parent=239635"}],"wp:term":[{"taxonomy":"product_brand","embeddable":true,"href":"https:\/\/linkxa.es\/linkshop\/wp-json\/wp\/v2\/product_brand?post=239635"},{"taxonomy":"product_cat","embeddable":true,"href":"https:\/\/linkxa.es\/linkshop\/wp-json\/wp\/v2\/product_cat?post=239635"},{"taxonomy":"product_tag","embeddable":true,"href":"https:\/\/linkxa.es\/linkshop\/wp-json\/wp\/v2\/product_tag?post=239635"}],"curies":[{"name":"wp","href":"https:\/\/api.w.org\/{rel}","templated":true}]}}