{"id":239683,"date":"2025-01-16T00:41:37","date_gmt":"2025-01-16T00:41:37","guid":{"rendered":"https:\/\/linkxa.es\/contratacion\/producto\/juego-ps5-horizon-forbidden-west\/"},"modified":"2025-12-08T17:31:39","modified_gmt":"2025-12-08T17:31:39","slug":"juego-ps5-horizon-forbidden-west","status":"publish","type":"product","link":"https:\/\/linkxa.es\/linkshop\/producto\/juego-ps5-horizon-forbidden-west\/","title":{"rendered":"Juego ps5 &#8211;  horizon forbidden west"},"content":{"rendered":"<div style=\"text-align: center; margin-bottom: 20px;\">\n<h2 style=\"font-size: 22px; font-weight: 600; margin: 0; color: #333;\">Sony\u00a0|\u00a0 Juegos ps5<\/h2>\n<p><strong>Juego ps5 &#8211;  horizon forbidden west<\/strong><\/p>\n<\/div>\n<p style=\"max-width: 700px; margin: 0px auto 30px; font-size: 18px; line-height: 1.6; color: #555555; font-style: italic; text-align: left;\">\u00danete a Aloy mientras desaf\u00eda el Oeste Prohibido, una frontera majestuosa,<br \/>aunque peligrosa, en la que se ocultan nuevas y misteriosas amenazas<\/p>\n<p>Explora tierras remotas, enfr\u00e9ntate a m\u00e1quinas m\u00e1s grandes e imponentes y<br \/>descubre incre\u00edbles tribus en tu regreso a un futuro lejano en el mundo<br \/>apocal\u00edptico de Horizon. La tierra se muere. Las rugientes tormentas y una<br \/>desolaci\u00f3n imparable causan estragos entre lo que queda de la humanidad,<br \/>unas cuantas tribus dispersas, mientras nuevas y temibles m\u00e1quinas<br \/>merodean por sus fronteras. La vida en la Tierra se enfrenta a una nueva<br \/>extinci\u00f3n y nadie sabe por qu\u00e9. Solo Aloy es capaz de descubrir los secretos<br \/>que hay detr\u00e1s de estas amenazas, y restablecer el orden y el equilibrio en el<br \/>mundo. Por el camino, se reunir\u00e1 con viejos amigos, forjar\u00e1 alianzas con nuevas<br \/>facciones en guerra y descubrir\u00e1 la herencia de un antiguo pasado, mientras<br \/>que intenta permanecer un paso por delante de un nuevo y aparentemente<br \/>invencible enemigo.<\/p>\n<p>General<br \/>Tipo del art\u00edculo: Gaming<br \/>Marca: SONY<br \/>Garant\u00eda: 2<br \/>Part Number: 9720492<br \/>Categor\u00edas: VIDEOCONSOLAS<br \/>Reacondicionado: No<br \/>Reposici\u00f3n &#8211; Etiqueta: No<br \/>Peso Volumetrico 0.77 Kg.<br \/>Detalles t\u00e9cnicos<br \/>Modelo de Consola: PlayStation 5<br \/>G\u00e9nero: Aventuras<br \/>Edici\u00f3n: Est\u00e1ndar<\/p>\n","protected":false},"excerpt":{"rendered":"<p>Juego ps5 &#8211;  horizon forbidden west<\/p>\n","protected":false},"featured_media":0,"comment_status":"open","ping_status":"open","template":"","meta":{"_et_pb_use_builder":"","_et_pb_old_content":"","_et_gb_content_width":""},"product_brand":[2912],"product_cat":[4343,2058,4361,4362],"product_tag":[4346,4363,2913],"class_list":{"0":"post-239683","1":"product","2":"type-product","3":"status-publish","5":"product_brand-sony","6":"product_cat-consolas-y-videojuegos","7":"product_cat-dispositivos","8":"product_cat-juegos-ps5","9":"product_cat-sony-juegos-ps5","10":"product_tag-consolas-y-videojuegos","11":"product_tag-juegos-ps5","12":"product_tag-sony","13":"product_shipping_class-2059","14":"pa_canon-digital-impuesto-incluido-de-0-e","15":"pa_categoria-consolas-y-videojuegos","16":"pa_marca-sony","17":"pa_peso-4370","18":"pa_referencia-dsp0000005893","20":"first","21":"instock","22":"sale","23":"taxable","24":"shipping-taxable","25":"purchasable","26":"product-type-simple"},"_links":{"self":[{"href":"https:\/\/linkxa.es\/linkshop\/wp-json\/wp\/v2\/product\/239683","targetHints":{"allow":["GET"]}}],"collection":[{"href":"https:\/\/linkxa.es\/linkshop\/wp-json\/wp\/v2\/product"}],"about":[{"href":"https:\/\/linkxa.es\/linkshop\/wp-json\/wp\/v2\/types\/product"}],"replies":[{"embeddable":true,"href":"https:\/\/linkxa.es\/linkshop\/wp-json\/wp\/v2\/comments?post=239683"}],"wp:attachment":[{"href":"https:\/\/linkxa.es\/linkshop\/wp-json\/wp\/v2\/media?parent=239683"}],"wp:term":[{"taxonomy":"product_brand","embeddable":true,"href":"https:\/\/linkxa.es\/linkshop\/wp-json\/wp\/v2\/product_brand?post=239683"},{"taxonomy":"product_cat","embeddable":true,"href":"https:\/\/linkxa.es\/linkshop\/wp-json\/wp\/v2\/product_cat?post=239683"},{"taxonomy":"product_tag","embeddable":true,"href":"https:\/\/linkxa.es\/linkshop\/wp-json\/wp\/v2\/product_tag?post=239683"}],"curies":[{"name":"wp","href":"https:\/\/api.w.org\/{rel}","templated":true}]}}