{"id":239766,"date":"2025-04-30T22:22:04","date_gmt":"2025-04-30T22:22:04","guid":{"rendered":"https:\/\/linkxa.es\/contratacion\/producto\/maquina-arcade-arcade1up-pac-man-deluxe\/"},"modified":"2025-12-08T17:40:17","modified_gmt":"2025-12-08T17:40:17","slug":"maquina-arcade-arcade1up-pac-man-deluxe","status":"publish","type":"product","link":"https:\/\/linkxa.es\/linkshop\/producto\/maquina-arcade-arcade1up-pac-man-deluxe\/","title":{"rendered":"Maquina arcade arcade1up pac &#8211; man deluxe"},"content":{"rendered":"<div style=\"text-align: center; margin-bottom: 20px;\">\n<h2 style=\"font-size: 22px; font-weight: 600; margin: 0; color: #333;\">Arcade1up\u00a0|\u00a0 Consolas mini &#8211; clasicas<\/h2>\n<p><strong>Maquina arcade arcade1up pac &#8211; man deluxe<\/strong><\/p>\n<\/div>\n<p style=\"max-width: 700px; margin: 0px auto 30px; font-size: 18px; line-height: 1.6; color: #555555; font-style: italic; text-align: left;\">Caracter\u00edsticas:<\/p>\n<p>\u00a1Tablas de clasificaci\u00f3n WiFi para desafiar al mundo!<br \/>Dise\u00f1o de gabinete elegante<br \/>Carpa iluminada<br \/>Puerta de monedas moldeada para una apariencia arcade aut\u00e9ntica<br \/>Altavoces duales para un sonido arcade n\u00edtido<br \/>Monitor a color BOE de 17 pulgadas<br \/>Joysticks y botones de sensaci\u00f3n real<br \/>M\u00e1s de 5 pies de altura<br \/>14 juegos cl\u00e1sicos<\/p>\n<p>Lista de juegos:<\/p>\n<p>PAC-MAN<br \/>EXCAVAR EXCAVADO<br \/>EXCAVAR EXCAVAR II<br \/>PAC-MANIA<br \/>PAC Y PAL<br \/>S\u00daPER PAC-MAN<br \/>PAC-MAN PLUS<br \/>PAC-TIERRA<br \/>G\u00c1LAGA<br \/>GALAXIANO<br \/>G\u00c1LAGA &#8217;88<br \/>MAPA<br \/>MONO<br \/>TRUENO RODANTE<\/p>\n<p>Creado por Bandai Namco Entertainment Inc. (anteriormente NAMCO), este cl\u00e1sico de 1980 es el juego arcade PAC-MAN original y contiene 14 juegos cl\u00e1sicos. Viene con todo lo que hizo de PAC-MAN una<br \/>experiencia tan innovadora: el laberinto resplandeciente, PAC-DOT, fantasmas y el h\u00e9roe masticador amarillo, exactamente como lo recuerdas. Una n\u00edtida pantalla LCD de 17&#8243; da vida a todos los detalles<br \/>visuales cl\u00e1sicos, y los parlantes duales integrados producen el cl\u00e1sico \u00abwaka, waka, waka\u00bb que ha se\u00f1alado \u00abdiversi\u00f3n\u00bb durante d\u00e9cadas.<br \/>El elegante dise\u00f1o del gabinete de apariencia \u00fanica, la marquesina iluminada y la puerta frontal de imitaci\u00f3n moneda que son los principios caracter\u00edsticos de nuestra nueva edici\u00f3n Deluxe le dan ese<br \/>aspecto retro aut\u00e9ntico que agregar\u00eda car\u00e1cter y clase a cualquier habitaci\u00f3n de la casa.<br \/>\u00a1El joystick y los botones de sensaci\u00f3n real te permiten navegar por el laberinto, engullir POWER-PELLETs y esquivar a BLINKY, PINKY, INKY y CLYDE!<br \/>Y ahora, con las tablas de clasificaci\u00f3n WIFI, puedes publicar tus puntuaciones y competir con amigos y jugadores de todo el pa\u00eds.<\/p>\n<p>Especificaciones:<\/p>\n<p>Dimensiones ensambladas: 22.44 D x 18.82 W x 61H<br \/>Dimensiones de la caja: 38.39&#8243;L x 8.66&#8243;W x 24.40&#8243;H<br \/>Peso: 71 libras<br \/>Adaptador de CA<br \/>Volumen ajustable<br \/>Correa antivuelco<br \/>Tapas de tapones del panel lateral para orificios para tornillos<br \/>Se requiere ensamblaje<br \/>Edad m\u00ednima recomendada: 14+<\/p>\n<p>Legal:<\/p>\n<p>PAC-MAN y \u00a9Bandai Namco Entertainment Inc.<br \/>PAC-MANIA&#038; \u00a9Bandai Namco Entertainment Inc.<br \/>GALAGA&#038; \u00a9Bandai Namco Entertainment Inc.<br \/>DIG DUG y \u00a9Bandai Namco Entertainment Inc.<br \/>GALAXIAN&#038; \u00a9Bandai Namco Entertainment Inc.<br \/>PAC-LAND y \u00a9Bandai Namco Entertainment Inc.<br \/>S\u00daPER PAC-MAN&#038; \u00a9Bandai Namco Entertainment Inc.<br \/>PAC-MANPLUS&#038; \u00a9Bandai Namco Entertainment Inc.<br \/>PAC y PAL y \u00a9Bandai Namco Entertainment Inc.<br \/>GALAGA 88&#038; \u00a9Bandai Namco Entertainment Inc.<br \/>MAPPY y \u00a9Bandai Namco Entertainment Inc.<br \/>DIG DUGII&#038; \u00a9Bandai Namco Entertainment Inc.<br \/>PELELES&#038; \u00a9Bandai Namco Entertainment Inc.<br \/>ROLLING THUNDER&#038; \u00a9Bandai Namco Entertainment Inc.<\/p>\n","protected":false},"excerpt":{"rendered":"<p>Maquina arcade arcade1up pac &#8211; man deluxe<\/p>\n","protected":false},"featured_media":239767,"comment_status":"open","ping_status":"open","template":"","meta":{"_et_pb_use_builder":"","_et_pb_old_content":"","_et_gb_content_width":""},"product_brand":[4427],"product_cat":[4429,4428,4343,2058],"product_tag":[4430,4431,4346],"class_list":{"0":"post-239766","1":"product","2":"type-product","3":"status-publish","4":"has-post-thumbnail","6":"product_brand-arcade1up","7":"product_cat-arcade1up","8":"product_cat-consolas-mini-clasicas","9":"product_cat-consolas-y-videojuegos","10":"product_cat-dispositivos","11":"product_tag-arcade1up","12":"product_tag-consolas-mini-clasicas","13":"product_tag-consolas-y-videojuegos","14":"product_shipping_class-2059","15":"pa_canon-digital-impuesto-incluido-de-0-e","16":"pa_categoria-consolas-y-videojuegos","17":"pa_marca-arcade1up","18":"pa_peso-4433","19":"pa_referencia-dsp0000018626","21":"first","22":"instock","23":"sale","24":"taxable","25":"shipping-taxable","26":"purchasable","27":"product-type-simple"},"_links":{"self":[{"href":"https:\/\/linkxa.es\/linkshop\/wp-json\/wp\/v2\/product\/239766","targetHints":{"allow":["GET"]}}],"collection":[{"href":"https:\/\/linkxa.es\/linkshop\/wp-json\/wp\/v2\/product"}],"about":[{"href":"https:\/\/linkxa.es\/linkshop\/wp-json\/wp\/v2\/types\/product"}],"replies":[{"embeddable":true,"href":"https:\/\/linkxa.es\/linkshop\/wp-json\/wp\/v2\/comments?post=239766"}],"wp:featuredmedia":[{"embeddable":true,"href":"https:\/\/linkxa.es\/linkshop\/wp-json\/wp\/v2\/media\/239767"}],"wp:attachment":[{"href":"https:\/\/linkxa.es\/linkshop\/wp-json\/wp\/v2\/media?parent=239766"}],"wp:term":[{"taxonomy":"product_brand","embeddable":true,"href":"https:\/\/linkxa.es\/linkshop\/wp-json\/wp\/v2\/product_brand?post=239766"},{"taxonomy":"product_cat","embeddable":true,"href":"https:\/\/linkxa.es\/linkshop\/wp-json\/wp\/v2\/product_cat?post=239766"},{"taxonomy":"product_tag","embeddable":true,"href":"https:\/\/linkxa.es\/linkshop\/wp-json\/wp\/v2\/product_tag?post=239766"}],"curies":[{"name":"wp","href":"https:\/\/api.w.org\/{rel}","templated":true}]}}