{"id":239803,"date":"2025-10-10T13:15:41","date_gmt":"2025-10-10T13:15:41","guid":{"rendered":"https:\/\/linkxa.es\/contratacion\/producto\/juego-nintendo-switch-super-mario\/"},"modified":"2025-12-08T17:43:53","modified_gmt":"2025-12-08T17:43:53","slug":"juego-nintendo-switch-super-mario","status":"publish","type":"product","link":"https:\/\/linkxa.es\/linkshop\/producto\/juego-nintendo-switch-super-mario\/","title":{"rendered":"Juego nintendo switch &#8211;  super mario"},"content":{"rendered":"<div style=\"text-align: center; margin-bottom: 20px;\">\n<h2 style=\"font-size: 22px; font-weight: 600; margin: 0; color: #333;\">Nintendo\u00a0|\u00a0 Juegos nintendo switch<\/h2>\n<p><strong>Juego nintendo switch &#8211;  super mario 3d world + bowsers fury<\/strong><\/p>\n<\/div>\n<p style=\"max-width: 700px; margin: 0px auto 30px; font-size: 18px; line-height: 1.6; color: #555555; font-style: italic; text-align: left;\">\u00a1\u00danete a Mario, Luigi, la princesa Peach y Toad en una aventura para salvar<br \/>el Reino de las hadas en Super Mario 3D World + Bowsers Fury para<br \/>Nintendo Switch! Bowser ha secuestrado a la princesa hada \u00a1y solo<br \/>nuestros h\u00e9roes podr\u00e1n rescatarla!<\/p>\n<p>Trepa por los muros y dales unos buenos ara\u00f1azos a tus enemigos gracias<br \/>a la supercampana, cl\u00f3nate con las duplicerezas o ponte una caja ca\u00f1\u00f3n de<br \/>gorro y fr\u00ede a proyectiles a quien se te ponga a tiro. Esta versi\u00f3n mejorada<br \/>de Super Mario 3D World trae consigo varias novedades en la mec\u00e1nica de<br \/>juego.<\/p>\n<p>Adem\u00e1s de poder jugar en modo local con hasta tres amigos, \u00a1ahora los<br \/>jugadores podr\u00e1n disfrutar del caos multijugador en l\u00ednea!<\/p>\n","protected":false},"excerpt":{"rendered":"<p>Juego nintendo switch &#8211;  super mario 3d world + bowsers fury<\/p>\n","protected":false},"featured_media":239804,"comment_status":"open","ping_status":"open","template":"","meta":{"_et_pb_use_builder":"","_et_pb_old_content":"","_et_gb_content_width":""},"product_brand":[4447],"product_cat":[4343,2058,4448,4449],"product_tag":[4346,4451,4450],"class_list":{"0":"post-239803","1":"product","2":"type-product","3":"status-publish","4":"has-post-thumbnail","6":"product_brand-nintendo","7":"product_cat-consolas-y-videojuegos","8":"product_cat-dispositivos","9":"product_cat-juegos-nintendo-switch","10":"product_cat-nintendo","11":"product_tag-consolas-y-videojuegos","12":"product_tag-juegos-nintendo-switch","13":"product_tag-nintendo","14":"product_shipping_class-2088","15":"pa_canon-digital-impuesto-incluido-de-0-e","16":"pa_categoria-consolas-y-videojuegos","17":"pa_marca-nintendo","18":"pa_peso-4446","19":"pa_referencia-mgs0000000586","21":"first","22":"instock","23":"sale","24":"taxable","25":"shipping-taxable","26":"purchasable","27":"product-type-simple"},"_links":{"self":[{"href":"https:\/\/linkxa.es\/linkshop\/wp-json\/wp\/v2\/product\/239803","targetHints":{"allow":["GET"]}}],"collection":[{"href":"https:\/\/linkxa.es\/linkshop\/wp-json\/wp\/v2\/product"}],"about":[{"href":"https:\/\/linkxa.es\/linkshop\/wp-json\/wp\/v2\/types\/product"}],"replies":[{"embeddable":true,"href":"https:\/\/linkxa.es\/linkshop\/wp-json\/wp\/v2\/comments?post=239803"}],"wp:featuredmedia":[{"embeddable":true,"href":"https:\/\/linkxa.es\/linkshop\/wp-json\/wp\/v2\/media\/239804"}],"wp:attachment":[{"href":"https:\/\/linkxa.es\/linkshop\/wp-json\/wp\/v2\/media?parent=239803"}],"wp:term":[{"taxonomy":"product_brand","embeddable":true,"href":"https:\/\/linkxa.es\/linkshop\/wp-json\/wp\/v2\/product_brand?post=239803"},{"taxonomy":"product_cat","embeddable":true,"href":"https:\/\/linkxa.es\/linkshop\/wp-json\/wp\/v2\/product_cat?post=239803"},{"taxonomy":"product_tag","embeddable":true,"href":"https:\/\/linkxa.es\/linkshop\/wp-json\/wp\/v2\/product_tag?post=239803"}],"curies":[{"name":"wp","href":"https:\/\/api.w.org\/{rel}","templated":true}]}}