{"id":239805,"date":"2025-07-02T17:33:06","date_gmt":"2025-07-02T17:33:06","guid":{"rendered":"https:\/\/linkxa.es\/contratacion\/producto\/juego-nintendo-switch-monster-hunter\/"},"modified":"2025-12-08T17:44:14","modified_gmt":"2025-12-08T17:44:14","slug":"juego-nintendo-switch-monster-hunter","status":"publish","type":"product","link":"https:\/\/linkxa.es\/linkshop\/producto\/juego-nintendo-switch-monster-hunter\/","title":{"rendered":"Juego nintendo switch &#8211;  monster hunter"},"content":{"rendered":"<div style=\"text-align: center; margin-bottom: 20px;\">\n<h2 style=\"font-size: 22px; font-weight: 600; margin: 0; color: #333;\">Nintendo\u00a0|\u00a0 Juegos nintendo switch<\/h2>\n<p><strong>Juego nintendo switch &#8211;  monster hunter rise<\/strong><\/p>\n<\/div>\n<p style=\"max-width: 700px; margin: 0px auto 30px; font-size: 18px; line-height: 1.6; color: #555555; font-style: italic; text-align: left;\">\u00a1Acepta el desaf\u00edo y \u00fanete a la cacer\u00eda!<\/p>\n<p>\u00a1MONSTER HUNTER RISE, la nueva entrega de la aclamada serie de juegos de<br \/>rol y acci\u00f3n Monster Hunter, llegar\u00e1 a Nintendo Switch! Enfr\u00e9ntate a<br \/>temibles monstruos y usa las recompensas que obtengas para crear una<br \/>amplia variedad de armas y armaduras. MONSTER HUNTER RISE se<br \/>desarrolla en la Aldea Kamura, una tierra inspirada en los ninjas, y te invita a<br \/>explorar ecosistemas repletos de vida en los que les plantar\u00e1s cara a<br \/>monstruos imponentes para convertirte en el cazador definitivo. La historia<br \/>tiene lugar cien a\u00f1os despu\u00e9s de la terrible devastaci\u00f3n que produjo la<br \/>\u00faltima calamidad.<br \/>Los cazadores deben ahora hacer frente a nuevos monstruos de pesadilla<br \/>que amenazan con sumir las tierras otra vez en el caos.<\/p>\n","protected":false},"excerpt":{"rendered":"<p>Juego nintendo switch &#8211;  monster hunter rise<\/p>\n","protected":false},"featured_media":0,"comment_status":"open","ping_status":"open","template":"","meta":{"_et_pb_use_builder":"","_et_pb_old_content":"","_et_gb_content_width":""},"product_brand":[4447],"product_cat":[4343,2058,4448,4449],"product_tag":[4346,4451,4450],"class_list":{"0":"post-239805","1":"product","2":"type-product","3":"status-publish","5":"product_brand-nintendo","6":"product_cat-consolas-y-videojuegos","7":"product_cat-dispositivos","8":"product_cat-juegos-nintendo-switch","9":"product_cat-nintendo","10":"product_tag-consolas-y-videojuegos","11":"product_tag-juegos-nintendo-switch","12":"product_tag-nintendo","13":"product_shipping_class-2059","14":"pa_canon-digital-impuesto-incluido-de-0-e","15":"pa_categoria-consolas-y-videojuegos","16":"pa_marca-nintendo","17":"pa_peso-4453","18":"pa_referencia-mgs0000000656","20":"first","21":"instock","22":"sale","23":"taxable","24":"shipping-taxable","25":"purchasable","26":"product-type-simple"},"_links":{"self":[{"href":"https:\/\/linkxa.es\/linkshop\/wp-json\/wp\/v2\/product\/239805","targetHints":{"allow":["GET"]}}],"collection":[{"href":"https:\/\/linkxa.es\/linkshop\/wp-json\/wp\/v2\/product"}],"about":[{"href":"https:\/\/linkxa.es\/linkshop\/wp-json\/wp\/v2\/types\/product"}],"replies":[{"embeddable":true,"href":"https:\/\/linkxa.es\/linkshop\/wp-json\/wp\/v2\/comments?post=239805"}],"wp:attachment":[{"href":"https:\/\/linkxa.es\/linkshop\/wp-json\/wp\/v2\/media?parent=239805"}],"wp:term":[{"taxonomy":"product_brand","embeddable":true,"href":"https:\/\/linkxa.es\/linkshop\/wp-json\/wp\/v2\/product_brand?post=239805"},{"taxonomy":"product_cat","embeddable":true,"href":"https:\/\/linkxa.es\/linkshop\/wp-json\/wp\/v2\/product_cat?post=239805"},{"taxonomy":"product_tag","embeddable":true,"href":"https:\/\/linkxa.es\/linkshop\/wp-json\/wp\/v2\/product_tag?post=239805"}],"curies":[{"name":"wp","href":"https:\/\/api.w.org\/{rel}","templated":true}]}}