{"id":240184,"date":"2026-01-03T18:30:40","date_gmt":"2026-01-03T18:30:40","guid":{"rendered":"https:\/\/linkxa.es\/contratacion\/?post_type=product&#038;p=240184"},"modified":"2026-04-23T12:46:09","modified_gmt":"2026-04-23T12:46:09","slug":"contratacion-y-configuracion-inicial-de-dominio-con-asesoramiento-experto","status":"publish","type":"product","link":"https:\/\/linkxa.es\/linkshop\/producto\/contratacion-y-configuracion-inicial-de-dominio-con-asesoramiento-experto\/","title":{"rendered":"Contrataci\u00f3n y configuraci\u00f3n inicial de dominio y hosting con asesoramiento experto"},"content":{"rendered":"<p>&nbsp;<\/p>\n<blockquote data-start=\"628\" data-end=\"1881\">\n<h3 data-start=\"639\" data-end=\"708\">Contrataci\u00f3n y configuraci\u00f3n inicial de dominio con asesoramiento experto<\/h3>\n<blockquote data-start=\"2813\" data-end=\"3258\">\n<h3 data-start=\"904\" data-end=\"939\">\u00bfEn qu\u00e9 consiste este servicio?<\/h3>\n<p data-start=\"941\" data-end=\"1086\">Este servicio est\u00e1 pensado para empresas, aut\u00f3nomos y profesionales que quieren empezar su proyecto online pero se bloquean con la parte t\u00e9cnica.<\/p>\n<p data-start=\"1088\" data-end=\"1326\">En Linkxa nos encargamos de la <strong data-start=\"1119\" data-end=\"1195\">contrataci\u00f3n y configuraci\u00f3n inicial del dominio y el hosting compartido<\/strong>, dej\u00e1ndolo todo correctamente enlazado y preparado para que puedas empezar desde el primer d\u00eda, sin errores ni p\u00e9rdidas de tiempo.<\/p>\n<p data-start=\"1328\" data-end=\"1454\">Es una forma sencilla de <strong data-start=\"1353\" data-end=\"1370\">arrancar bien<\/strong>, con la tranquilidad de contar con asesoramiento experto y una base digital s\u00f3lida.<\/p>\n<p data-start=\"1328\" data-end=\"1454\">\n<h3 data-start=\"1461\" data-end=\"1494\">\u2705 \u00bfQu\u00e9 incluye este servicio?<\/h3>\n<ul data-start=\"1496\" data-end=\"1735\">\n<li data-start=\"1496\" data-end=\"1553\">\n<p data-start=\"1498\" data-end=\"1553\">Asesoramiento para elegir dominio y hosting adecuados<\/p>\n<\/li>\n<li data-start=\"1554\" data-end=\"1607\">\n<p data-start=\"1556\" data-end=\"1607\">Contrataci\u00f3n del dominio y del hosting compartido<\/p>\n<\/li>\n<li data-start=\"1608\" data-end=\"1658\">\n<p data-start=\"1610\" data-end=\"1658\">Enlace y configuraci\u00f3n inicial dominio\u2013hosting<\/p>\n<\/li>\n<li data-start=\"1659\" data-end=\"1693\">\n<p data-start=\"1661\" data-end=\"1693\">Verificaci\u00f3n de funcionamiento<\/p>\n<\/li>\n<li data-start=\"1694\" data-end=\"1735\">\n<p data-start=\"1696\" data-end=\"1735\">Entrega del servicio listo para empezar<\/p>\n<\/li>\n<\/ul>\n<p>&nbsp;<\/p>\n<h3 data-start=\"1742\" data-end=\"1792\">\u274c \u00bfQu\u00e9 no incluye este servicio?<\/h3>\n<p data-start=\"1794\" data-end=\"1909\">Este servicio cubre exclusivamente la <strong data-start=\"1832\" data-end=\"1860\">puesta en marcha inicial<\/strong> del dominio y el hosting, por lo que no incluye:<\/p>\n<ul data-start=\"1911\" data-end=\"2049\">\n<li data-start=\"1911\" data-end=\"1938\">\n<p data-start=\"1913\" data-end=\"1938\">Dise\u00f1o o desarrollo web<\/p>\n<\/li>\n<li data-start=\"1939\" data-end=\"1965\">\n<p data-start=\"1941\" data-end=\"1965\">Creaci\u00f3n de contenidos<\/p>\n<\/li>\n<li data-start=\"1966\" data-end=\"2002\">\n<p data-start=\"1968\" data-end=\"2002\">Mantenimiento o gesti\u00f3n continua<\/p>\n<\/li>\n<li data-start=\"2003\" data-end=\"2049\">\n<p data-start=\"2005\" data-end=\"2049\">Configuraciones avanzadas o personalizadas<\/p>\n<\/li>\n<\/ul>\n<p data-start=\"2051\" data-end=\"2150\">Si m\u00e1s adelante necesitas ampliar o evolucionar tu proyecto, podremos ayudarte con otros servicios.<\/p>\n<p data-start=\"2051\" data-end=\"2150\">\n<h3 data-start=\"2157\" data-end=\"2186\">\ud83d\udd10 Informaci\u00f3n importante<\/h3>\n<ul data-start=\"2188\" data-end=\"2397\">\n<li data-start=\"2188\" data-end=\"2249\">\n<p data-start=\"2190\" data-end=\"2249\">El dominio y el hosting se contratan a nombre del cliente<\/p>\n<\/li>\n<li data-start=\"2250\" data-end=\"2335\">\n<p data-start=\"2252\" data-end=\"2335\">El coste del dominio y del hosting <strong data-start=\"2287\" data-end=\"2307\">no est\u00e1 incluido<\/strong> en el precio del servicio<\/p>\n<\/li>\n<li data-start=\"2336\" data-end=\"2397\">\n<p data-start=\"2338\" data-end=\"2397\">Servicio v\u00e1lido para <strong data-start=\"2359\" data-end=\"2397\">una \u00fanica puesta en marcha inicial<\/strong><\/p>\n<\/li>\n<\/ul>\n<p>&nbsp;<\/p>\n<h2 data-start=\"2404\" data-end=\"2452\">\ud83e\udde0 Beneficios clave<\/h2>\n<ul data-start=\"2454\" data-end=\"2642\">\n<li data-start=\"2454\" data-end=\"2502\">\n<p data-start=\"2456\" data-end=\"2502\">Evitas bloqueos y errores t\u00e9cnicos iniciales<\/p>\n<\/li>\n<li data-start=\"2503\" data-end=\"2545\">\n<p data-start=\"2505\" data-end=\"2545\">Ahorras tiempo desde el primer momento<\/p>\n<\/li>\n<li data-start=\"2546\" data-end=\"2588\">\n<p data-start=\"2548\" data-end=\"2588\">Empiezas con una base digital correcta<\/p>\n<\/li>\n<li data-start=\"2589\" data-end=\"2642\">\n<p data-start=\"2591\" data-end=\"2642\">Tienes acompa\u00f1amiento profesional desde el inicio<\/p>\n<\/li>\n<\/ul>\n<\/blockquote>\n<\/blockquote>\n","protected":false},"excerpt":{"rendered":"<p data-start=\"680\" data-end=\"851\"><strong>Si la parte t\u00e9cnica te frena, nosotros nos encargamos de contratar y dejar listo tu dominio y hosting para que empieces sin complicaciones y con asesoramiento profesional.<\/strong><\/p>\n","protected":false},"featured_media":240110,"comment_status":"open","ping_status":"closed","template":"","meta":{"_et_pb_use_builder":"","_et_pb_old_content":"","_et_gb_content_width":""},"product_brand":[4833],"product_cat":[3837,3835,4832,4842],"product_tag":[1880,1884,1883,1881,1882],"class_list":{"0":"post-240184","1":"product","2":"type-product","3":"status-publish","4":"has-post-thumbnail","6":"product_brand-linkxa-telcom","7":"product_cat-hosting","8":"product_cat-linkxa-hosting","9":"product_cat-linkxa-telcom","10":"product_cat-servicios","11":"product_tag-crea-tu-web","12":"product_tag-diseno-web-facil","13":"product_tag-dominio-incluido","14":"product_tag-plan-launch","15":"product_tag-web-con-ia","17":"first","18":"instock","19":"sale","20":"virtual","21":"taxable","22":"purchasable","23":"product-type-simple"},"_links":{"self":[{"href":"https:\/\/linkxa.es\/linkshop\/wp-json\/wp\/v2\/product\/240184","targetHints":{"allow":["GET"]}}],"collection":[{"href":"https:\/\/linkxa.es\/linkshop\/wp-json\/wp\/v2\/product"}],"about":[{"href":"https:\/\/linkxa.es\/linkshop\/wp-json\/wp\/v2\/types\/product"}],"replies":[{"embeddable":true,"href":"https:\/\/linkxa.es\/linkshop\/wp-json\/wp\/v2\/comments?post=240184"}],"wp:featuredmedia":[{"embeddable":true,"href":"https:\/\/linkxa.es\/linkshop\/wp-json\/wp\/v2\/media\/240110"}],"wp:attachment":[{"href":"https:\/\/linkxa.es\/linkshop\/wp-json\/wp\/v2\/media?parent=240184"}],"wp:term":[{"taxonomy":"product_brand","embeddable":true,"href":"https:\/\/linkxa.es\/linkshop\/wp-json\/wp\/v2\/product_brand?post=240184"},{"taxonomy":"product_cat","embeddable":true,"href":"https:\/\/linkxa.es\/linkshop\/wp-json\/wp\/v2\/product_cat?post=240184"},{"taxonomy":"product_tag","embeddable":true,"href":"https:\/\/linkxa.es\/linkshop\/wp-json\/wp\/v2\/product_tag?post=240184"}],"curies":[{"name":"wp","href":"https:\/\/api.w.org\/{rel}","templated":true}]}}