{"id":240191,"date":"2026-01-03T19:04:53","date_gmt":"2026-01-03T19:04:53","guid":{"rendered":"https:\/\/linkxa.es\/contratacion\/?post_type=product&#038;p=240191"},"modified":"2026-04-23T12:46:09","modified_gmt":"2026-04-23T12:46:09","slug":"contratacion-y-configuracion-inicial-de-seguridad-web","status":"publish","type":"product","link":"https:\/\/linkxa.es\/linkshop\/producto\/contratacion-y-configuracion-inicial-de-seguridad-web\/","title":{"rendered":"Contrataci\u00f3n y configuraci\u00f3n inicial de seguridad web"},"content":{"rendered":"<p>&nbsp;<\/p>\n<blockquote data-start=\"628\" data-end=\"1881\">\n<h3 data-start=\"639\" data-end=\"708\">Contrataci\u00f3n y configuraci\u00f3n inicial de seguridad web con asesoramiento experto<\/h3>\n<blockquote data-start=\"2813\" data-end=\"3258\">\n<h3 data-start=\"1085\" data-end=\"1120\">\u00bfEn qu\u00e9 consiste este servicio?<\/h3>\n<p data-start=\"1122\" data-end=\"1351\">La seguridad web suele dejarse para m\u00e1s adelante\u2026 hasta que aparece el problema.<br data-start=\"1202\" data-end=\"1205\" \/>Este servicio est\u00e1 pensado para empresas y profesionales que quieren <strong data-start=\"1274\" data-end=\"1309\">proteger su web desde el inicio<\/strong>, pero prefieren delegar la parte t\u00e9cnica.<\/p>\n<p data-start=\"1353\" data-end=\"1548\">En Linkxa gestionamos la <strong data-start=\"1378\" data-end=\"1454\">contrataci\u00f3n y configuraci\u00f3n inicial de las medidas b\u00e1sicas de seguridad<\/strong>, como certificados SSL y copias de seguridad, dejando todo correctamente activo y verificado.<\/p>\n<p data-start=\"1550\" data-end=\"1665\">Es la forma m\u00e1s sencilla de <strong data-start=\"1578\" data-end=\"1606\">empezar con tranquilidad<\/strong>, sin entrar en configuraciones complejas ni perder tiempo.<\/p>\n<\/blockquote>\n<blockquote data-start=\"2813\" data-end=\"3258\">\n<h3 data-start=\"1672\" data-end=\"1705\">\u2705 \u00bfQu\u00e9 incluye este servicio?<\/h3>\n<ul data-start=\"1707\" data-end=\"1987\">\n<li data-start=\"1707\" data-end=\"1769\">\n<p data-start=\"1709\" data-end=\"1769\">Asesoramiento sobre el nivel b\u00e1sico de seguridad necesario<\/p>\n<\/li>\n<li data-start=\"1770\" data-end=\"1819\">\n<p data-start=\"1772\" data-end=\"1819\">Contrataci\u00f3n y activaci\u00f3n del certificado SSL<\/p>\n<\/li>\n<li data-start=\"1820\" data-end=\"1877\">\n<p data-start=\"1822\" data-end=\"1877\">Configuraci\u00f3n inicial de copias de seguridad (backup)<\/p>\n<\/li>\n<li data-start=\"1878\" data-end=\"1944\">\n<p data-start=\"1880\" data-end=\"1944\">Verificaci\u00f3n de que la protecci\u00f3n est\u00e1 correctamente operativa<\/p>\n<\/li>\n<li data-start=\"1945\" data-end=\"1987\">\n<p data-start=\"1947\" data-end=\"1987\">Entrega del servicio listo y funcionando<\/p>\n<\/li>\n<\/ul>\n<\/blockquote>\n<blockquote data-start=\"2813\" data-end=\"3258\">\n<h3 data-start=\"1994\" data-end=\"2060\">\u274c \u00bfQu\u00e9 no incluye este servicio?<\/h3>\n<p data-start=\"2062\" data-end=\"2147\">Este servicio cubre la <strong data-start=\"2085\" data-end=\"2123\">configuraci\u00f3n inicial de seguridad<\/strong>, por lo que no incluye:<\/p>\n<ul data-start=\"2149\" data-end=\"2323\">\n<li data-start=\"2149\" data-end=\"2192\">\n<p data-start=\"2151\" data-end=\"2192\">Monitorizaci\u00f3n o mantenimiento continuo<\/p>\n<\/li>\n<li data-start=\"2193\" data-end=\"2234\">\n<p data-start=\"2195\" data-end=\"2234\">Intervenciones de seguridad avanzadas<\/p>\n<\/li>\n<li data-start=\"2235\" data-end=\"2289\">\n<p data-start=\"2237\" data-end=\"2289\">Limpieza de malware o recuperaci\u00f3n tras incidentes<\/p>\n<\/li>\n<li data-start=\"2290\" data-end=\"2323\">\n<p data-start=\"2292\" data-end=\"2323\">Auditor\u00edas t\u00e9cnicas profundas<\/p>\n<\/li>\n<\/ul>\n<p data-start=\"2325\" data-end=\"2424\">Si en el futuro necesitas un nivel de seguridad mayor, podremos ayudarte con servicios espec\u00edficos.<\/p>\n<\/blockquote>\n<blockquote data-start=\"2813\" data-end=\"3258\">\n<h3 data-start=\"2431\" data-end=\"2460\">\ud83d\udd10 Informaci\u00f3n importante<\/h3>\n<ul data-start=\"2462\" data-end=\"2679\">\n<li data-start=\"2462\" data-end=\"2529\">\n<p data-start=\"2464\" data-end=\"2529\">Los servicios de SSL y backup se contratan a nombre del cliente<\/p>\n<\/li>\n<li data-start=\"2530\" data-end=\"2620\">\n<p data-start=\"2532\" data-end=\"2620\">El coste de los servicios (SSL, backup) <strong data-start=\"2572\" data-end=\"2592\">no est\u00e1 incluido<\/strong> en el precio del servicio<\/p>\n<\/li>\n<li data-start=\"2621\" data-end=\"2679\">\n<p data-start=\"2623\" data-end=\"2679\">Servicio v\u00e1lido para <strong data-start=\"2644\" data-end=\"2679\">una \u00fanica configuraci\u00f3n inicial<\/strong><\/p>\n<\/li>\n<\/ul>\n<\/blockquote>\n<blockquote data-start=\"2813\" data-end=\"3258\"><p>&nbsp;<\/p>\n<h2 data-start=\"2686\" data-end=\"2722\">\ud83e\udde0 Beneficios clave<\/h2>\n<ul data-start=\"2724\" data-end=\"2901\">\n<li data-start=\"2724\" data-end=\"2767\">\n<p data-start=\"2726\" data-end=\"2767\">Proteges tu web desde el primer momento<\/p>\n<\/li>\n<li data-start=\"2768\" data-end=\"2814\">\n<p data-start=\"2770\" data-end=\"2814\">Evitas errores habituales de configuraci\u00f3n<\/p>\n<\/li>\n<li data-start=\"2815\" data-end=\"2853\">\n<p data-start=\"2817\" data-end=\"2853\">Ganas tranquilidad sin complicarte<\/p>\n<\/li>\n<li data-start=\"2854\" data-end=\"2901\">\n<p data-start=\"2856\" data-end=\"2901\">Tienes respaldo profesional desde el inicio<\/p>\n<\/li>\n<\/ul>\n<\/blockquote>\n<\/blockquote>\n","protected":false},"excerpt":{"rendered":"<p data-start=\"680\" data-end=\"851\"><strong>Nos encargamos de contratar y dejar configuradas las medidas b\u00e1sicas de seguridad de tu web para que empieces protegido, sin l\u00edos t\u00e9cnicos y con asesoramiento profesional.<\/strong><\/p>\n","protected":false},"featured_media":105203,"comment_status":"open","ping_status":"closed","template":"","meta":{"_et_pb_use_builder":"","_et_pb_old_content":"","_et_gb_content_width":""},"product_brand":[4833],"product_cat":[3837,3835,4832,4842],"product_tag":[1880,1884,1883,1881,1882],"class_list":{"0":"post-240191","1":"product","2":"type-product","3":"status-publish","4":"has-post-thumbnail","6":"product_brand-linkxa-telcom","7":"product_cat-hosting","8":"product_cat-linkxa-hosting","9":"product_cat-linkxa-telcom","10":"product_cat-servicios","11":"product_tag-crea-tu-web","12":"product_tag-diseno-web-facil","13":"product_tag-dominio-incluido","14":"product_tag-plan-launch","15":"product_tag-web-con-ia","17":"first","18":"instock","19":"sale","20":"virtual","21":"taxable","22":"purchasable","23":"product-type-simple"},"_links":{"self":[{"href":"https:\/\/linkxa.es\/linkshop\/wp-json\/wp\/v2\/product\/240191","targetHints":{"allow":["GET"]}}],"collection":[{"href":"https:\/\/linkxa.es\/linkshop\/wp-json\/wp\/v2\/product"}],"about":[{"href":"https:\/\/linkxa.es\/linkshop\/wp-json\/wp\/v2\/types\/product"}],"replies":[{"embeddable":true,"href":"https:\/\/linkxa.es\/linkshop\/wp-json\/wp\/v2\/comments?post=240191"}],"wp:featuredmedia":[{"embeddable":true,"href":"https:\/\/linkxa.es\/linkshop\/wp-json\/wp\/v2\/media\/105203"}],"wp:attachment":[{"href":"https:\/\/linkxa.es\/linkshop\/wp-json\/wp\/v2\/media?parent=240191"}],"wp:term":[{"taxonomy":"product_brand","embeddable":true,"href":"https:\/\/linkxa.es\/linkshop\/wp-json\/wp\/v2\/product_brand?post=240191"},{"taxonomy":"product_cat","embeddable":true,"href":"https:\/\/linkxa.es\/linkshop\/wp-json\/wp\/v2\/product_cat?post=240191"},{"taxonomy":"product_tag","embeddable":true,"href":"https:\/\/linkxa.es\/linkshop\/wp-json\/wp\/v2\/product_tag?post=240191"}],"curies":[{"name":"wp","href":"https:\/\/api.w.org\/{rel}","templated":true}]}}