{"id":240704,"date":"2025-04-26T12:04:13","date_gmt":"2025-04-26T12:04:13","guid":{"rendered":"https:\/\/linkxa.es\/contratacion\/producto\/movil-tcl-605-8-256gb-azul\/"},"modified":"2026-03-31T20:45:37","modified_gmt":"2026-03-31T20:45:37","slug":"movil-tcl-605-8-256gb-azul","status":"publish","type":"product","link":"https:\/\/linkxa.es\/linkshop\/producto\/movil-tcl-605-8-256gb-azul\/","title":{"rendered":"Movil tcl 605 8 256gb azul"},"content":{"rendered":"<div style=\"text-align: center; margin-bottom: 20px;\">\n<h2 style=\"font-size: 22px; font-weight: 600; margin: 0; color: #333;\">Tcl\u00a0|\u00a0 Smartphones<\/h2>\n<p><strong>Movil tcl 605 8 &#8211; 256gb azul<\/strong><\/p>\n<\/div>\n<p style=\"max-width: 700px; margin: 0px auto 30px; font-size: 18px; line-height: 1.6; color: #555555; font-style: italic; text-align: left;\">-DIMENSIONES Y PESO<\/p>\n<p>Dimensiones: 165,6 x 76,2 x 8,34 mm\u00a0<br \/>Peso: 190 g\u00a0<br \/>Teclas laterales: 2 (Volumen, Potencia)\u00a0<br \/>Clasificaci\u00f3n: IP54, dise\u00f1o ecol\u00f3gico\u00a0<\/p>\n<p>-PANTALLA<\/p>\n<p>Tama\u00f1o: 6,7&#8243;\u00a0<br \/>Resoluci\u00f3n: HD+ (720 x 1600 p\u00edxeles), 263 ppi\u00a0<br \/>Frecuencia de actualizaci\u00f3n: 90 Hz\u00a0<br \/>Brillo: 480 nits (t\u00edpico)\u00a0<br \/>Relaci\u00f3n de visualizaci\u00f3n: 20:9\u00a0<br \/>Relaci\u00f3n de contraste: 1500:1 (t\u00edpico)\u00a0<br \/>Tipo de vidrio: Pantalla perforada de vidrio 2.5D\u00a0<br \/>Recubrimiento antihuellas: S\u00ed\u00a0<br \/>Gama de colores: NTSC 69,3 % (t\u00edpico)\u00a0<br \/>Relaci\u00f3n pantalla-cuerpo: VA:TP = 91 % , VA:BD = 86 %\u00a0<\/p>\n<p>-BATER\u00cdA Y CARGA<\/p>\n<p>Capacidad: 5200 mAh (t\u00edpico)\u00a0<br \/>Carga r\u00e1pida: 18 W\u00a0<br \/>Puerto de carga: USB tipo C 2.0\u00a0<br \/>Tiempo de carga: 2.3 horas\u00a0<br \/>Valor DOU: 16 horas\u00a0<\/p>\n<p>-SISTEMA OPERATIVO Y RENDIMIENTO<\/p>\n<p>Sistema operativo: Android 15\u00a0<br \/>Chipset: MediaTek G81\u00a0<br \/>CPU: Octa-Core (2 x A75 a 2,0 GHz + 6 x A55 a 1,7 GHz)\u00a0<br \/>GPU: ARM G52 MC2\u00a0<\/p>\n<p>-MEMORIA Y ALMACENAMIENTO<\/p>\n<p>RAM: 8 GB\u00a0<br \/>Expansi\u00f3n de RAM: 10 GB\u00a0<br \/>ROM: 256 GB\u00a0<br \/>microSD: hasta 2 TB\u00a0<\/p>\n<p>-C\u00c1MARAS<\/p>\n<p>C\u00e1mara principal:\u00a0<br \/>50 MP PDAF\u00a0<br \/>Tama\u00f1o del sensor: 1\/2,55?\u00a0<br \/>Tama\u00f1o de p\u00edxel: 0,7 ?m\u00a0<br \/>Apertura: F1.8\u00a0<br \/>Campo de visi\u00f3n: 79,4\u00b0\u00a0<br \/>Lente: 5P\u00a0<\/p>\n<p>C\u00e1mara secundaria:\u00a0<br \/>5 MP FF\u00a0<br \/>Tama\u00f1o del sensor: 1\/5?\u00a0<br \/>Tama\u00f1o de p\u00edxel: 1,12 ?m\u00a0<br \/>Apertura: F2.2\u00a0<br \/>Lente: 3P\u00a0<\/p>\n<p>Captura y reproducci\u00f3n de video: 1080P a 30 fps\u00a0<\/p>\n<p>Funciones de c\u00e1mara:\u00a0<br \/>Linterna\u00a0<br \/>HDR\u00a0<br \/>Detecci\u00f3n de escenas con IA\u00a0<br \/>Panorama\u00a0<br \/>Detecci\u00f3n de rostro\u00a0<br \/>Eliminaci\u00f3n de ruido de m\u00faltiples fotogramas (MFNR)\u00a0<br \/>Disparo en r\u00e1faga\u00a0<br \/>Modo Pro\u00a0<br \/>Rastreo de luz\u00a0<br \/>Embellecimiento facial\u00a0<br \/>Selfie grupal\u00a0<br \/>Captura autom\u00e1tica\u00a0<\/p>\n<p>-CONECTIVIDAD<\/p>\n<p>Red 4G: Cat 4 (DL 150 Mbps \/ UL 50 Mbps)\u00a0<br \/>Red 3G: HSPA+ (DL 42 Mbps \/ UL 11 Mbps)\u00a0<br \/>Red 2G: GPRS\/EDGE\u00a0<\/p>\n<p>Bandas 4G: B1\/2\/3\/4\/5\/7\/8\/12\/13\/17\/26\/28\/38\/40\/66\/41 (2496-2690 MHz)\u00a0<br \/>Bandas 3G: B1\/2\/4\/5\/8\u00a0<br \/>Bandas 2G: 850\/900\/1800\/1900\u00a0<\/p>\n<p>WiFi: 802.11a\/b\/g\/n\/ac, 2,4 GHz y 5 GHz, Wi-Fi Direct, pantalla Wi-Fi\u00a0<br \/>Bluetooth: 5.1\u00a0<br \/>NFC: S\u00ed\u00a0<br \/>Conector de audio: S\u00ed\u00a0<br \/>Ranuras SIM: Doble SIM (SIM1 + SIM2 + tarjeta TF)\u00a0<\/p>\n<p>-AUTENTICACI\u00d3N Y UBICACI\u00d3N<\/p>\n<p>Autenticaci\u00f3n: Desbloqueo facial, sensor de huellas dactilares (lateral)\u00a0<br \/>Ubicaci\u00f3n: GPS, Glonass, Beidou, Galileo, A-GPS\u00a0<\/p>\n<p>-SENSORES<\/p>\n<p>Aceler\u00f3metro (sensor G)\u00a0<br \/>Sensor de proximidad por software\u00a0<\/p>\n<p>-SONIDO Y MULTIMEDIA<\/p>\n<p>Altavoces: 2\u00a0<br \/>Caracter\u00edsticas: Gran volumen\u00a0<\/p>\n<p>Formatos de audio compatibles:\u00a0<br \/>AAC, HE-AAC v1, HE-AAC v2, AMR, AWB, MIDI, MP3, OGG VORBIS, WAV (Alaw\/Ulaw), WAV (sin procesar), FLAC, OPUS\u00a0<\/p>\n<p>Formatos de video compatibles:\u00a0<br \/>H.263, MPEG2, MPEG4, H.264, H.265, VP8, VP9\u00a0<\/p>\n<p>-FUNCIONES DESTACADAS<\/p>\n<p>Pantalla de 6,7&#8243; y 90 Hz con experiencia visual inmersiva\u00a0<br \/>Altavoces est\u00e9reo duales para entretenimiento envolvente\u00a0<br \/>RAM expandible con rendimiento fluido para multitarea\u00a0<br \/>Procesador MediaTek G81 eficiente y potente\u00a0<br \/>C\u00e1mara h\u00edbrida de 50 MP con modo macro y HDR\u00a0<br \/>Detecci\u00f3n de escenas con IA y captura por gestos\u00a0<br \/>Dise\u00f1o resistente con clasificaci\u00f3n IP54\u00a0<br \/>Estilo vibrante y acabado texturizado<\/p>\n","protected":false},"excerpt":{"rendered":"<p>Movil tcl 605 8 &#8211; 256gb azul<\/p>\n","protected":false},"featured_media":230565,"comment_status":"open","ping_status":"open","template":"","meta":{"_et_pb_use_builder":"","_et_pb_old_content":"","_et_gb_content_width":""},"product_brand":[2132],"product_cat":[2058,2063,4514,2062],"product_tag":[2067,2133,2066],"class_list":{"0":"post-240704","1":"product","2":"type-product","3":"status-publish","4":"has-post-thumbnail","6":"product_brand-tcl","7":"product_cat-dispositivos","8":"product_cat-smartphones","9":"product_cat-tcl","10":"product_cat-telefonia","11":"product_tag-smartphones","12":"product_tag-tcl","13":"product_tag-telefonia","14":"product_shipping_class-2088","15":"pa_canon-digital-impuesto-incluido-de-325-e","16":"pa_categoria-telefonia","17":"pa_marca-tcl","18":"pa_peso-4513","19":"pa_referencia-mgs0000027842","21":"first","22":"instock","23":"sale","24":"taxable","25":"shipping-taxable","26":"purchasable","27":"product-type-simple"},"_links":{"self":[{"href":"https:\/\/linkxa.es\/linkshop\/wp-json\/wp\/v2\/product\/240704","targetHints":{"allow":["GET"]}}],"collection":[{"href":"https:\/\/linkxa.es\/linkshop\/wp-json\/wp\/v2\/product"}],"about":[{"href":"https:\/\/linkxa.es\/linkshop\/wp-json\/wp\/v2\/types\/product"}],"replies":[{"embeddable":true,"href":"https:\/\/linkxa.es\/linkshop\/wp-json\/wp\/v2\/comments?post=240704"}],"wp:featuredmedia":[{"embeddable":true,"href":"https:\/\/linkxa.es\/linkshop\/wp-json\/wp\/v2\/media\/230565"}],"wp:attachment":[{"href":"https:\/\/linkxa.es\/linkshop\/wp-json\/wp\/v2\/media?parent=240704"}],"wp:term":[{"taxonomy":"product_brand","embeddable":true,"href":"https:\/\/linkxa.es\/linkshop\/wp-json\/wp\/v2\/product_brand?post=240704"},{"taxonomy":"product_cat","embeddable":true,"href":"https:\/\/linkxa.es\/linkshop\/wp-json\/wp\/v2\/product_cat?post=240704"},{"taxonomy":"product_tag","embeddable":true,"href":"https:\/\/linkxa.es\/linkshop\/wp-json\/wp\/v2\/product_tag?post=240704"}],"curies":[{"name":"wp","href":"https:\/\/api.w.org\/{rel}","templated":true}]}}