{"id":240712,"date":"2025-06-01T19:02:25","date_gmt":"2025-06-01T19:02:25","guid":{"rendered":"https:\/\/linkxa.es\/contratacion\/producto\/telefono-movil-smartphone-rugerizado-hammer-blade-8\/"},"modified":"2026-03-31T20:46:22","modified_gmt":"2026-03-31T20:46:22","slug":"telefono-movil-smartphone-rugerizado-hammer-blade-8","status":"publish","type":"product","link":"https:\/\/linkxa.es\/linkshop\/producto\/telefono-movil-smartphone-rugerizado-hammer-blade-8\/","title":{"rendered":"Telefono movil smartphone rugerizado hammer blade"},"content":{"rendered":"<div style=\"text-align: center; margin-bottom: 20px;\">\n<h2 style=\"font-size: 22px; font-weight: 600; margin: 0; color: #333;\">Hammer\u00a0|\u00a0 Smartphones<\/h2>\n<p><strong>Telefono movil smartphone rugerizado hammer blade v 5g &#8211; 6.59 pulgadas &#8211; 8+256gb negro<\/strong><\/p>\n<\/div>\n<p style=\"max-width: 700px; margin: 0px auto 30px; font-size: 18px; line-height: 1.6; color: #555555; font-style: italic; text-align: left;\">BLADE V 5G, un smartphone moderno y resistente<\/p>\n<p>Utiliza tecnolog\u00eda 5G,tecnologia eSIM y ofrece el est\u00e1ndar WiFi 6.<\/p>\n<p>Certificaci\u00f3n militar MIL-STD-810H, y certificado IP69<\/p>\n<p>Pantalla de 6,59&#8243; Gorilla Glass 5 y resoluci\u00f3n FHD+<\/p>\n<p>Rendimiento impecable potente procesador de 8 n\u00facleos, puro Android 13 y una impresionante capacidad de hasta 14 GB de RAM (8+6 Virtual RAM).<\/p>\n<p>Memoria interna de 256GB<\/p>\n<p>Dual c\u00e1mara de 50+8 MP f\/1.8, y frontal de 16MP<\/p>\n<p>C\u00e1mara con modo Night Visi\u00f3n<\/p>\n<p>Bater\u00eda reemplazable de 5.000 mAh<\/p>\n<p>Tecnologia VoLTE y VoWiFi<\/p>\n<p>Adem\u00e1s, una aplicaci\u00f3n equipada con herramientas \u00fatiles y la funcionalidad exclusiva de HAMMER Key ampl\u00edan a\u00fan m\u00e1s las posibilidades de este dispositivo, proporcionando una experiencia completa y<br \/>vers\u00e1til.<\/p>\n<p>CARACTER\u00cdSTICAS<\/p>\n<p>Experimenta la Velocidad del 5G con HAMMER<\/p>\n<p>HAMMER hace un uso audaz de las \u00faltimas tecnolog\u00edas para ofrecer el BLADE V 5G, un smartphone que incorpora la red 5G y el est\u00e1ndar WiFi 6 para proporcionar transferencias de datos eficientes y<br \/>r\u00e1pidos.<\/p>\n<p>Extremadamente Resistente<\/p>\n<p>El BLADE V 5G es un tel\u00e9fono robusto, resistente al agua, polvo y ca\u00eddas.<\/p>\n<p>Operativo incluso en condiciones clim\u00e1ticas extremas (de -20C a 55C).<\/p>\n<p>Certificaci\u00f3n militar MIL-STD-810H y con clasificaci\u00f3n IP69.<\/p>\n<p>Impresionante Tama\u00f1o de Pantalla<\/p>\n<p>Todo ser\u00e1 perfectamente visible en la gran pantalla de 6.59 pulgadas con resoluci\u00f3n FHD+.<\/p>\n<p>Adem\u00e1s, Gorilla Glass 5 proporcionar\u00e1 una protecci\u00f3n de pantalla que los smartphones est\u00e1ndar solo pueden so\u00f1ar.<\/p>\n<p>S\u00f3lido Kit de C\u00e1mara<\/p>\n<p>Ninguna aventura quedar\u00e1 olvidada con la c\u00e1mara de 50 Mpix (\/1.8) que captura cada momento.<\/p>\n<p>Un segundo objetivo de 8 Mpx se encarga de las tomas nocturnas, mientras que la c\u00e1mara frontal garantiza videollamadas de alta calidad y sorprendentes selfies.<\/p>\n<p>Bater\u00eda Sustituible<\/p>\n<p>BLADE V 5G cuenta con una robusta bater\u00eda de 5000 mAh para largas horas de uso: hasta 200 h en modo de espera y 27 h de tiempo de conversaci\u00f3n.<\/p>\n<p>La posibilidad de reemplazar la bater\u00eda alarga la vida del tel\u00e9fono, conservando su rendimiento incluso cuando disminuye.<\/p>\n<p>Aprovecha las Ventajas de e-SIM<\/p>\n<p>La e-SIM es una soluci\u00f3n c\u00f3moda y ecol\u00f3gica que elimina la necesidad de tarjetas SIM de pl\u00e1stico.<\/p>\n<p>\u00datil tanto en el extranjero como en el d\u00eda a d\u00eda, proporciona un n\u00famero propio cuando sea necesario.<\/p>\n<p>Tecla HAMMER y App con Herramientas<\/p>\n<p>Gracias a la tecla HAMMER Key, puedes acceder f\u00e1cilmente a funciones internas y capturas de pantalla.<\/p>\n<p>BLADE V 5G tambi\u00e9n ofrece herramientas pr\u00e1cticas \u00fatiles, como un graduador, opci\u00f3n para colgar cuadros, transportador, son\u00f3metro, br\u00fajula y linterna, todo disponible en la aplicaci\u00f3n HAMMER Toolbox.<\/p>\n<p>Seguridad Biom\u00e9trica y Mini jack de 3.5 mm<\/p>\n<p>Reconocimiento facial y desbloqueo mediante huella dactilar, solo t\u00fa tendr\u00e1s acceso al dispositivo.<\/p>\n<p>BLADE V 5G cuenta con un conector jack de 3.5 mm para auriculares, permiti\u00e9ndote disfrutar de calidad de sonido con cualquier dispositivo con cable.<\/p>\n<p>Se pueden conseguir hasta 14 GB de RAM virtual ampliando la RAM inicial en hasta 6 GB a expensas del espacio ROM no utilizado.<\/p>\n<p>ESPECIFICACIONES<\/p>\n<p>Redes 5G, 4G LTE, 3G, 2G<br \/>5G: FDD 5G: 2100, 1800, 900, 700 Mhz &#8211; TDD 5G: 3500, 2600, 2500 Mhz<br \/>4G LTE: 800\/900\/1800\/2100\/2600MHz<br \/>3G: 900\/2100 MHz<br \/>2G: 850\/900\/1800\/2100 MHz<br \/>VoLTE y VoWiFi<br \/>Pantalla FHD+ de 6.59&#8243; IPS, 405 ppi<br \/>Tasa de refresco de 120 Hz<br \/>Pantalla protecci\u00f3n Gorilla Glass 5<br \/>Tasa de refresco de 120Hz<br \/>Resoluci\u00f3n 2412 1080 px , 405 ppi<br \/>C\u00e1mara trasera de 50+8 MP<br \/>Procesador gr\u00e1fico: ARM G68 MC4<br \/>Memoria RAM hasta 14GB* (8GB+6GB)<br \/>* Memoria RAM 8GB<br \/>* Memoria Virtual 6GB<br \/>Lector de huellas dactilares<br \/>Esc\u00e1ner de huellas dactilares (lateral)<br \/>Navegaci\u00f3n GPS, GLONASS, BeiDou, Galileo<br \/>Linterna<br \/>Radio FM<br \/>Alarma<br \/>Calendario<br \/>Tecnolog\u00eda e-SIM integrada<br \/>Dual-SIM Doble SIM + eSIM<br \/>Bluetooth 5.2<br \/>Frecuencia Wi-Fi 2.4 \/ 5.0 GHz<br \/>WiFi 6<br \/>NFC<br \/>Bot\u00f3n Hammer Key<br \/>Aplicaci\u00f3n HAMMER Toolbox<br \/>Modo guantes<br \/>Bater\u00eda de Pol\u00edmero de litio de 5000 mAh (reemplazable)<br \/>Potencia m\u00e1xima de carga 18 vatios<br \/>Carga r\u00e1pida (100% en 3 horas)<br \/>Funci\u00f3n de power bank<br \/>Hasta 200 horas en modo de espera<br \/>hasta 27 horas en conversaci\u00f3n<br \/>Dimensiones 173 x 83 x 12 mm<br \/>Peso 300 g<\/p>\n","protected":false},"excerpt":{"rendered":"<p>Telefono movil smartphone rugerizado hammer blade v 5g &#8211; 6.59 pulgadas &#8211; 8+256gb negro<\/p>\n","protected":false},"featured_media":230184,"comment_status":"open","ping_status":"open","template":"","meta":{"_et_pb_use_builder":"","_et_pb_old_content":"","_et_gb_content_width":""},"product_brand":[2096],"product_cat":[2058,4458,2063,2062],"product_tag":[2097,2067,2066],"class_list":{"0":"post-240712","1":"product","2":"type-product","3":"status-publish","4":"has-post-thumbnail","6":"product_brand-hammer","7":"product_cat-dispositivos","8":"product_cat-hammer-smartphones","9":"product_cat-smartphones","10":"product_cat-telefonia","11":"product_tag-hammer","12":"product_tag-smartphones","13":"product_tag-telefonia","14":"product_shipping_class-2088","15":"pa_canon-digital-impuesto-incluido-de-325-e","16":"pa_categoria-telefonia","17":"pa_marca-hammer","18":"pa_peso-4465","19":"pa_referencia-dsp0000023575","21":"first","22":"instock","23":"sale","24":"taxable","25":"shipping-taxable","26":"purchasable","27":"product-type-simple"},"_links":{"self":[{"href":"https:\/\/linkxa.es\/linkshop\/wp-json\/wp\/v2\/product\/240712","targetHints":{"allow":["GET"]}}],"collection":[{"href":"https:\/\/linkxa.es\/linkshop\/wp-json\/wp\/v2\/product"}],"about":[{"href":"https:\/\/linkxa.es\/linkshop\/wp-json\/wp\/v2\/types\/product"}],"replies":[{"embeddable":true,"href":"https:\/\/linkxa.es\/linkshop\/wp-json\/wp\/v2\/comments?post=240712"}],"wp:featuredmedia":[{"embeddable":true,"href":"https:\/\/linkxa.es\/linkshop\/wp-json\/wp\/v2\/media\/230184"}],"wp:attachment":[{"href":"https:\/\/linkxa.es\/linkshop\/wp-json\/wp\/v2\/media?parent=240712"}],"wp:term":[{"taxonomy":"product_brand","embeddable":true,"href":"https:\/\/linkxa.es\/linkshop\/wp-json\/wp\/v2\/product_brand?post=240712"},{"taxonomy":"product_cat","embeddable":true,"href":"https:\/\/linkxa.es\/linkshop\/wp-json\/wp\/v2\/product_cat?post=240712"},{"taxonomy":"product_tag","embeddable":true,"href":"https:\/\/linkxa.es\/linkshop\/wp-json\/wp\/v2\/product_tag?post=240712"}],"curies":[{"name":"wp","href":"https:\/\/api.w.org\/{rel}","templated":true}]}}