{"id":240747,"date":"2025-02-02T15:20:06","date_gmt":"2025-02-02T15:20:06","guid":{"rendered":"https:\/\/linkxa.es\/contratacion\/producto\/movil-cubot-kingkong-x-pro-5g\/"},"modified":"2026-03-31T20:48:48","modified_gmt":"2026-03-31T20:48:48","slug":"movil-cubot-kingkong-x-pro-5g","status":"publish","type":"product","link":"https:\/\/linkxa.es\/linkshop\/producto\/movil-cubot-kingkong-x-pro-5g\/","title":{"rendered":"Movil cubot kingkong x pro 5g"},"content":{"rendered":"<div style=\"text-align: center; margin-bottom: 20px;\">\n<h2 style=\"font-size: 22px; font-weight: 600; margin: 0; color: #333;\">Cubot\u00a0|\u00a0 Smartphones<\/h2>\n<p><strong>Movil cubot kingkong x pro 5g 12 &#8211; 256gb<\/strong><\/p>\n<\/div>\n<p style=\"max-width: 700px; margin: 0px auto 30px; font-size: 18px; line-height: 1.6; color: #555555; font-style: italic; text-align: left;\">&#8211; MODELO Y DISE\u00d1O\u00a0<br \/>Modelo: Cubot KingKong X PRO\u00a0<br \/>Dimensiones: 175.9 x 83.3 x 18.35 mm\u00a0<br \/>Peso: 392 g\u00a0<br \/>Colores disponibles: No especificado\u00a0<\/p>\n<p>&#8211; PROCESADOR Y RENDIMIENTO\u00a0<br \/>Procesador: MediaTek Dimensity 8200 (MT6896) &#8211; Octa-Core, 64 bits\u00a0<br \/>Memoria RAM:\u00a0<br \/>\u00a0 &#8211; 12 GB (+12 GB extendida)\u00a0<br \/>Almacenamiento interno: 256 GB\u00a0<br \/>Expansi\u00f3n de almacenamiento: MicroSD hasta 1 TB\u00a0<\/p>\n<p>&#8211; SISTEMA OPERATIVO\u00a0<br \/>Android 14\u00a0<\/p>\n<p>&#8211; PANTALLA\u00a0<br \/>Tama\u00f1o: 6.72 pulgadas\u00a0<br \/>Resoluci\u00f3n: FHD+ (1080 x 2400 p\u00edxeles)\u00a0<br \/>Tasa de refresco: 144 Hz\u00a0<\/p>\n<p>&#8211; C\u00c1MARAS\u00a0<br \/>C\u00e1mara principal: 100 MP\u00a0<br \/>C\u00e1mara secundaria (frontal): 32 MP\u00a0<\/p>\n<p>&#8211; BATER\u00cdA\u00a0<br \/>Capacidad: 10,200 mAh\u00a0<br \/>Carga r\u00e1pida: 33 W (incluye adaptador de corriente europeo)\u00a0<\/p>\n<p>&#8211; SIM Y CONECTIVIDAD\u00a0<br \/>SIM: Dual Nano SIM \/ 1 Nano SIM + 1 TF Card\u00a0<br \/>Red m\u00f3vil: 5G\u00a0<br \/>Frecuencias compatibles:\u00a0<br \/>\u00a0 &#8211; GSM: 850\/900\/1800\/1900 MHz\u00a0<br \/>\u00a0 &#8211; WCDMA: 1\/2\/4\/5\/6\/8\/19\u00a0<br \/>\u00a0 &#8211; FDD LTE: 1\/2\/3\/4\/5\/7\/8\/12\/13\/17\/18\/19\/20\/25\/26\/28A+B\/66\/71\u00a0<br \/>\u00a0 &#8211; TDD LTE: 34\/38\/39\/40\/41\u00a0<br \/>\u00a0 &#8211; 5G: N1\/2\/3\/5\/7\/8\/20\/25\/28\/38\/40\/41\/66\/77\/78\u00a0<br \/>Wi-Fi: Wi-Fi 6 (2.4G + 5G) 802.11a\/b\/g\/n\/ac\/ax\u00a0<br \/>Bluetooth: 5.3\u00a0<br \/>NFC: S\u00ed\u00a0<br \/>OTG: S\u00ed\u00a0<br \/>GPS: GPS+GLONASS+Galileo+Beidou+A-GPS\u00a0<\/p>\n<p>&#8211; SEGURIDAD\u00a0<br \/>Lector de huellas dactilares: S\u00ed\u00a0<br \/>Reconocimiento facial (Face ID): S\u00ed\u00a0<\/p>\n<p>&#8211; SENSORES\u00a0<br \/>Sensor de proximidad\u00a0<br \/>Aceler\u00f3metro\u00a0<br \/>Sensor magn\u00e9tico\u00a0<br \/>Giroscopio\u00a0<br \/>Sensor 3D\u00a0<br \/>Sensor de luz ambiental\u00a0<\/p>\n<p>&#8211; CONTENIDO DEL PAQUETE\u00a0<br \/>Smartphone Cubot KingKong X PRO\u00a0<br \/>Cable de carga\/datos USB-C\u00a0<br \/>Adaptador de corriente europeo de 33 W\u00a0<br \/>Extractor SIM\u00a0<br \/>Gu\u00eda de configuraci\u00f3n r\u00e1pida\u00a0<br \/>**No incluye auriculares**\u00a0<\/p>\n<p>&#8211; GARANT\u00cdA\u00a0<br \/>3 a\u00f1os de garant\u00eda espa\u00f1ola\u00a0<\/p>\n<p>&#8211; USO RECOMENDADO\u00a0<br \/>Ideal para usuarios que buscan un smartphone resistente con conectividad 5G, alto rendimiento y bater\u00eda de larga duraci\u00f3n\u00a0<br \/>Perfecto para actividades al aire libre, entornos laborales exigentes y uso prolongado sin necesidad de recarga frecuente<\/p>\n","protected":false},"excerpt":{"rendered":"<p>Movil cubot kingkong x pro 5g 12 &#8211; 256gb<\/p>\n","protected":false},"featured_media":230532,"comment_status":"open","ping_status":"open","template":"","meta":{"_et_pb_use_builder":"","_et_pb_old_content":"","_et_gb_content_width":""},"product_brand":[2181],"product_cat":[4511,2058,2063,2062],"product_tag":[2182,2067,2066],"class_list":{"0":"post-240747","1":"product","2":"type-product","3":"status-publish","4":"has-post-thumbnail","6":"product_brand-cubot","7":"product_cat-cubot","8":"product_cat-dispositivos","9":"product_cat-smartphones","10":"product_cat-telefonia","11":"product_tag-cubot","12":"product_tag-smartphones","13":"product_tag-telefonia","14":"product_shipping_class-2088","15":"pa_canon-digital-impuesto-incluido-de-325-e","16":"pa_categoria-telefonia","17":"pa_marca-cubot","18":"pa_peso-3917","19":"pa_referencia-mgs0000025440","21":"first","22":"instock","23":"sale","24":"taxable","25":"shipping-taxable","26":"purchasable","27":"product-type-simple"},"_links":{"self":[{"href":"https:\/\/linkxa.es\/linkshop\/wp-json\/wp\/v2\/product\/240747","targetHints":{"allow":["GET"]}}],"collection":[{"href":"https:\/\/linkxa.es\/linkshop\/wp-json\/wp\/v2\/product"}],"about":[{"href":"https:\/\/linkxa.es\/linkshop\/wp-json\/wp\/v2\/types\/product"}],"replies":[{"embeddable":true,"href":"https:\/\/linkxa.es\/linkshop\/wp-json\/wp\/v2\/comments?post=240747"}],"wp:featuredmedia":[{"embeddable":true,"href":"https:\/\/linkxa.es\/linkshop\/wp-json\/wp\/v2\/media\/230532"}],"wp:attachment":[{"href":"https:\/\/linkxa.es\/linkshop\/wp-json\/wp\/v2\/media?parent=240747"}],"wp:term":[{"taxonomy":"product_brand","embeddable":true,"href":"https:\/\/linkxa.es\/linkshop\/wp-json\/wp\/v2\/product_brand?post=240747"},{"taxonomy":"product_cat","embeddable":true,"href":"https:\/\/linkxa.es\/linkshop\/wp-json\/wp\/v2\/product_cat?post=240747"},{"taxonomy":"product_tag","embeddable":true,"href":"https:\/\/linkxa.es\/linkshop\/wp-json\/wp\/v2\/product_tag?post=240747"}],"curies":[{"name":"wp","href":"https:\/\/api.w.org\/{rel}","templated":true}]}}