{"id":240754,"date":"2025-10-06T21:11:21","date_gmt":"2025-10-06T21:11:21","guid":{"rendered":"https:\/\/linkxa.es\/contratacion\/producto\/movil-samsung-galaxy-a56-5g-8\/"},"modified":"2026-03-31T20:49:05","modified_gmt":"2026-03-31T20:49:05","slug":"movil-samsung-galaxy-a56-5g-8","status":"publish","type":"product","link":"https:\/\/linkxa.es\/linkshop\/producto\/movil-samsung-galaxy-a56-5g-8\/","title":{"rendered":"Movil samsung galaxy a56 5g 8"},"content":{"rendered":"<div style=\"text-align: center; margin-bottom: 20px;\">\n<h2 style=\"font-size: 22px; font-weight: 600; margin: 0; color: #333;\">Samsung\u00a0|\u00a0 Smartphones<\/h2>\n<p><strong>Movil samsung galaxy a56 5g 8 &#8211; 256gb &#8211; 6.7 pulgadas &#8211; negro<\/strong><\/p>\n<\/div>\n<p style=\"max-width: 700px; margin: 0px auto 30px; font-size: 18px; line-height: 1.6; color: #555555; font-style: italic; text-align: left;\">Nuevo look fresco<br \/>Presentamos Galaxy A56 5G. Con un grosor de 7,4 mm y un peso de 198 g, el Galaxy A56 5G tiene un gran agarre. Las c\u00e1maras mejoradas est\u00e1n agrupadas para combinar con el nuevo dise\u00f1o linear. Galaxy A56 5G tiene cuatro colores para elegir: Negro, Gris, Oliva y Rosa.<\/p>\n<p>Rod\u00e9alo, encu\u00e9ntralo<br \/>Circle to Search con Google est\u00e1 disponible en el Galaxy A56 5G. Tan solo rodea, subraya o pulsa un objeto o texto en la pantalla para conseguir resultados de Google Search.<\/p>\n<p>Convierte fotos en obras de arte<br \/>Object Eraser elimina los elementos no deseados del fondo que ser\u00e1n reconocidos, eliminados y rellenados para conseguir una foto impecable.<\/p>\n<p>Filtros solo para ti<br \/>Crea tus propios filtros o a\u00f1ade un efecto de pel\u00edcula antigua a tus fotos y v\u00eddeos.<\/p>\n<p>Reels destacados f\u00e1cilmente<br \/>Crea v\u00eddeos de calidad sin esfuerzos.<\/p>\n<p>Obt\u00e9n fotos con todos sonriendo<br \/>Selecciona las mejores caras de la gente en Motion Fotos para crear la foto de grupo perfecta.<\/p>\n<p>Captura memorias con gran detalle<br \/>Consigue fotos y v\u00eddeos asombrosos con la mejorada c\u00e1mara de 50 MP en Galaxy A56 5G. Identifica el cielo, piel, cara, pelo y hierba y mejora la calidad de imagen de manera instant\u00e1nea para ti.<\/p>\n<p>Selfies m\u00e1s asombrosos<br \/>Graba incre\u00edbles v\u00eddeos de tus aventuras y de tu d\u00eda a d\u00eda en Super HDR. La c\u00e1mara frontal del Galaxy A56 5G se ha mejorado para obtener colores y contraste \u00f3ptimos para v\u00eddeos selfie de alta resoluci\u00f3n.<\/p>\n<p>Graba noches m\u00e1s vivas<br \/>Las c\u00e1maras del nuevo Galaxy A56 5G son ahora m\u00e1s avanzadas que antes, ya que absorben m\u00e1s luz para obtener fotograf\u00edas de alta resoluci\u00f3n con poco ruido con Nightography.<\/p>\n<p>Captura selfies m\u00e1s incre\u00edbles<br \/>Ahora, tus selfies se pueden compartir tal y como son. La c\u00e1mara frontal mejorada de 12 MP del Galaxy A56 5G captura fotos vibrantes y sin desenfoque.<\/p>\n<p>Juega para ganar con un AP de nueva generaci\u00f3n<br \/>Experimenta el potente rendimiento del procesador Octa-core mejorado. Adem\u00e1s, con un sistema de refrigeraci\u00f3n mejorado y un almacenamiento de hasta 256 GB, podr\u00e1s realizar varias tareas a la vez, hacer streaming y jugar con m\u00e1s fluidez que nunca.<\/p>\n<p>Pantalla para un juego inmersivo<br \/>Sum\u00e9rgete por completo en tu contenido de entretenimiento favorito con una gran pantalla FHD+ Super AMOLED de 6,7 pulgadas. Los 1.200 nits de Vision Booster a\u00f1aden claridad para una experiencia visual incre\u00edble, con cualquier iluminaci\u00f3n.<\/p>\n<p>Bater\u00eda de larga duraci\u00f3n para ver v\u00eddeos todo el d\u00eda<br \/>Con una bater\u00eda de larga duraci\u00f3n de 5.000 mAh (t\u00edpica), podr\u00e1s disfrutar de maratones de pel\u00edculas de hasta 29 horas sin tener que cargar tu Galaxy A56 5G.<\/p>\n<p>Fuerte durabilidad<br \/>El marco de metal s\u00f3lido y Corning\u00ae Gorilla\u00ae Glass Victus\u00ae+ mantienen el impresionante dise\u00f1o de Galaxy A56 5G. Adem\u00e1s, con la protecci\u00f3n IP67, la nueva serie Galaxy A est\u00e1 a salvo de la suciedad y las salpicaduras.<br \/>Samsung Galaxy A56 5G. Diagonal de la pantalla: 17 cm (6.7&#8243;), Resoluci\u00f3n de la pantalla: 1080 x 2340 Pixeles. Familia de procesador: Samsung Exynos, Modelo del procesador: 1580. Capacidad de RAM: 8 GB, Capacidad de almacenamiento interno: 256 GB. Resoluci\u00f3n de la c\u00e1mara trasera (num\u00e9rica): 50 MP, Tipo de c\u00e1mara trasera: Triple c\u00e1mara. Capacidad de la tarjeta SIM: SIM doble. Sistema operativo instalado: Android 15. Capacidad de bater\u00eda: 5000 mAh. Color del producto: Grafito. Peso: 198 g<\/p>\n","protected":false},"excerpt":{"rendered":"<p>Movil samsung galaxy a56 5g 8 &#8211; 256gb &#8211; 6.7 pulgadas &#8211; negro<\/p>\n","protected":false},"featured_media":230536,"comment_status":"open","ping_status":"open","template":"","meta":{"_et_pb_use_builder":"","_et_pb_old_content":"","_et_gb_content_width":""},"product_brand":[2072],"product_cat":[2058,4517,2063,2062],"product_tag":[2073,2067,2066],"class_list":{"0":"post-240754","1":"product","2":"type-product","3":"status-publish","4":"has-post-thumbnail","6":"product_brand-samsung","7":"product_cat-dispositivos","8":"product_cat-samsung","9":"product_cat-smartphones","10":"product_cat-telefonia","11":"product_tag-samsung","12":"product_tag-smartphones","13":"product_tag-telefonia","14":"product_shipping_class-2088","15":"pa_canon-digital-impuesto-incluido-de-325-e","16":"pa_categoria-telefonia","17":"pa_marca-samsung","18":"pa_peso-4027","19":"pa_referencia-mgs0000026573","21":"first","22":"instock","23":"sale","24":"taxable","25":"shipping-taxable","26":"purchasable","27":"product-type-simple"},"_links":{"self":[{"href":"https:\/\/linkxa.es\/linkshop\/wp-json\/wp\/v2\/product\/240754","targetHints":{"allow":["GET"]}}],"collection":[{"href":"https:\/\/linkxa.es\/linkshop\/wp-json\/wp\/v2\/product"}],"about":[{"href":"https:\/\/linkxa.es\/linkshop\/wp-json\/wp\/v2\/types\/product"}],"replies":[{"embeddable":true,"href":"https:\/\/linkxa.es\/linkshop\/wp-json\/wp\/v2\/comments?post=240754"}],"wp:featuredmedia":[{"embeddable":true,"href":"https:\/\/linkxa.es\/linkshop\/wp-json\/wp\/v2\/media\/230536"}],"wp:attachment":[{"href":"https:\/\/linkxa.es\/linkshop\/wp-json\/wp\/v2\/media?parent=240754"}],"wp:term":[{"taxonomy":"product_brand","embeddable":true,"href":"https:\/\/linkxa.es\/linkshop\/wp-json\/wp\/v2\/product_brand?post=240754"},{"taxonomy":"product_cat","embeddable":true,"href":"https:\/\/linkxa.es\/linkshop\/wp-json\/wp\/v2\/product_cat?post=240754"},{"taxonomy":"product_tag","embeddable":true,"href":"https:\/\/linkxa.es\/linkshop\/wp-json\/wp\/v2\/product_tag?post=240754"}],"curies":[{"name":"wp","href":"https:\/\/api.w.org\/{rel}","templated":true}]}}