{"id":240763,"date":"2025-11-15T09:26:37","date_gmt":"2025-11-15T09:26:37","guid":{"rendered":"https:\/\/linkxa.es\/contratacion\/producto\/movil-samsung-galaxy-a56-5g-8-2\/"},"modified":"2026-03-31T20:49:15","modified_gmt":"2026-03-31T20:49:15","slug":"movil-samsung-galaxy-a56-5g-8-2","status":"publish","type":"product","link":"https:\/\/linkxa.es\/linkshop\/producto\/movil-samsung-galaxy-a56-5g-8-2\/","title":{"rendered":"Movil samsung galaxy a56 5g 8"},"content":{"rendered":"<div style=\"text-align: center; margin-bottom: 20px;\">\n<h2 style=\"font-size: 22px; font-weight: 600; margin: 0; color: #333;\">Samsung\u00a0|\u00a0 Smartphones<\/h2>\n<p><strong>Movil samsung galaxy a56 5g 8 &#8211; 256gb &#8211; 6.7 pulgadas &#8211; rosa<\/strong><\/p>\n<\/div>\n<p style=\"max-width: 700px; margin: 0px auto 30px; font-size: 18px; line-height: 1.6; color: #555555; font-style: italic; text-align: left;\">El Samsung Galaxy A56 5G es un dispositivo potente y equilibrado que ofrece un excelente rendimiento, conectividad avanzada y una experiencia visual envolvente. Con un procesador Exynos 1580 y una bater\u00eda de 5000 mAh con carga r\u00e1pida de 45W, es ideal para usuarios exigentes.<\/p>\n<p>Inteligencia Alucinante, m\u00e1s f\u00e1cil, m\u00e1s r\u00e1pido<br \/>Galaxy A56 5G lleva la Inteligencia Alucinante a otro nivel. Con Circle to Search, obt\u00e9n respuestas al instante solo rodeando lo que quieres saber. El Borrador de objetos elimina elementos no deseados en tres simples pasos, mientras que Mejor cara elige autom\u00e1ticamente la mejor expresi\u00f3n en fotos grupales. Recorte autom\u00e1tico crea videos perfectos sin esfuerzo, y con filtros personalizados, puedes darles a tus fotos el estilo de una imagen de referencia.<\/p>\n<p>Rendimiento optimizado para lo que m\u00e1s te gusta<br \/>Con el procesador Exynos 1580 de 4nm, Galaxy A56 5G mejora su potencia con un 18% m\u00e1s en CPU y un 17% en GPU respecto a su antecesor. Su sistema de refrigeraci\u00f3n avanzado evita sobrecalentamientos, y su almacenamiento de hasta 256 GB te da espacio de sobra para tus recuerdos favoritos y aplicaciones necesarias.<\/p>\n<p>M\u00e1s a\u00f1os de actualizaciones, m\u00e1s vida para tu Galaxy<br \/>Galaxy A56 5G est\u00e1 hecho para durar. Su certificaci\u00f3n IP67 lo protege contra el agua y el polvo, y con hasta 6 a\u00f1os de actualizaciones de sistema operativo y seguridad, se mantiene siempre al d\u00eda para seguir tu ritmo.<\/p>\n<p>Colores vibrantes en una pantalla que impresiona<br \/>Disfruta cada detalle con la pantalla FHD+ Super AMOLED de 6,7?, que alcanza hasta 1200 nits de brillo para una visibilidad perfecta incluso bajo el sol. Su tasa de refresco de 120 Hz hace que todo se vea fluido, ideal para jugar, ver videos o navegar entre apps sin interrupciones.<\/p>\n<p>Fotos m\u00e1s n\u00edtidas a cualquier hora del d\u00eda<br \/>Consigue fotos con m\u00e1s calidad gracias a la c\u00e1mara principal de 50 MP con OIS, el gran angular de 12 MP y el macro de 5 MP, que ofrecen versatilidad para cualquier toma. Adem\u00e1s, la tecnolog\u00eda Nightography mejora la luz en condiciones oscuras, mientras que el Modo Retrato con IA y HDR realzan cada detalle de tus selfies, permiti\u00e9ndote compartir contenido de calidad en tus redes sociales.<\/p>\n<p>Un dise\u00f1o que va contigo<br \/>Galaxy A56 5G est\u00e1 disponible en Negro, Gris, Oliva y Rosa, colores elegantes que combinan estilo y tecnolog\u00eda en un dise\u00f1o pensado para cualquier ocasi\u00f3n.<\/p>\n<p>M\u00e1s bater\u00eda, menos interrupciones<br \/>Con 5.000 mAh, Galaxy A56 5G te acompa\u00f1a todo el d\u00eda sin preocuparte por la carga. Y si necesitas m\u00e1s energ\u00eda, la carga r\u00e1pida de 45W te devuelve el 65% de bater\u00eda en tan solo 30 minutos para que no pierdas la autonom\u00eda.<\/p>\n","protected":false},"excerpt":{"rendered":"<p>Movil samsung galaxy a56 5g 8 &#8211; 256gb &#8211; 6.7 pulgadas &#8211; rosa<\/p>\n","protected":false},"featured_media":230283,"comment_status":"open","ping_status":"open","template":"","meta":{"_et_pb_use_builder":"","_et_pb_old_content":"","_et_gb_content_width":""},"product_brand":[2072],"product_cat":[2058,4517,2063,2062],"product_tag":[2073,2067,2066],"class_list":{"0":"post-240763","1":"product","2":"type-product","3":"status-publish","4":"has-post-thumbnail","6":"product_brand-samsung","7":"product_cat-dispositivos","8":"product_cat-samsung","9":"product_cat-smartphones","10":"product_cat-telefonia","11":"product_tag-samsung","12":"product_tag-smartphones","13":"product_tag-telefonia","14":"product_shipping_class-2088","15":"pa_canon-digital-impuesto-incluido-de-325-e","16":"pa_categoria-telefonia","17":"pa_marca-samsung","18":"pa_peso-4538","19":"pa_referencia-mgs0000026576","21":"first","22":"instock","23":"sale","24":"taxable","25":"shipping-taxable","26":"purchasable","27":"product-type-simple"},"_links":{"self":[{"href":"https:\/\/linkxa.es\/linkshop\/wp-json\/wp\/v2\/product\/240763","targetHints":{"allow":["GET"]}}],"collection":[{"href":"https:\/\/linkxa.es\/linkshop\/wp-json\/wp\/v2\/product"}],"about":[{"href":"https:\/\/linkxa.es\/linkshop\/wp-json\/wp\/v2\/types\/product"}],"replies":[{"embeddable":true,"href":"https:\/\/linkxa.es\/linkshop\/wp-json\/wp\/v2\/comments?post=240763"}],"wp:featuredmedia":[{"embeddable":true,"href":"https:\/\/linkxa.es\/linkshop\/wp-json\/wp\/v2\/media\/230283"}],"wp:attachment":[{"href":"https:\/\/linkxa.es\/linkshop\/wp-json\/wp\/v2\/media?parent=240763"}],"wp:term":[{"taxonomy":"product_brand","embeddable":true,"href":"https:\/\/linkxa.es\/linkshop\/wp-json\/wp\/v2\/product_brand?post=240763"},{"taxonomy":"product_cat","embeddable":true,"href":"https:\/\/linkxa.es\/linkshop\/wp-json\/wp\/v2\/product_cat?post=240763"},{"taxonomy":"product_tag","embeddable":true,"href":"https:\/\/linkxa.es\/linkshop\/wp-json\/wp\/v2\/product_tag?post=240763"}],"curies":[{"name":"wp","href":"https:\/\/api.w.org\/{rel}","templated":true}]}}