{"id":240772,"date":"2026-03-09T23:47:41","date_gmt":"2026-03-09T23:47:41","guid":{"rendered":"https:\/\/linkxa.es\/contratacion\/producto\/movil-samsung-galaxy-a36-5g-8\/"},"modified":"2026-03-31T20:49:26","modified_gmt":"2026-03-31T20:49:26","slug":"movil-samsung-galaxy-a36-5g-8","status":"publish","type":"product","link":"https:\/\/linkxa.es\/linkshop\/producto\/movil-samsung-galaxy-a36-5g-8\/","title":{"rendered":"Movil samsung galaxy a36 5g 8"},"content":{"rendered":"<div style=\"text-align: center; margin-bottom: 20px;\">\n<h2 style=\"font-size: 22px; font-weight: 600; margin: 0; color: #333;\">Samsung\u00a0|\u00a0 Smartphones<\/h2>\n<p><strong>Movil samsung galaxy a36 5g 8 &#8211; 256gb &#8211; 6.7 pulgadas &#8211; lavanda<\/strong><\/p>\n<\/div>\n<p style=\"max-width: 700px; margin: 0px auto 30px; font-size: 18px; line-height: 1.6; color: #555555; font-style: italic; text-align: left;\">El Samsung Galaxy A36 5G es un smartphone vers\u00e1til que ofrece un equilibrio entre rendimiento, dise\u00f1o y conectividad avanzada. Equipado con el procesador Qualcomm Snapdragon 6 Gen 3 y una bater\u00eda de 5000 mAh con carga r\u00e1pida de 45W, es ideal para el d\u00eda a d\u00eda.<\/p>\n<p>Inteligencia Alucinante para un rendimiento superior<br \/>Samsung Galaxy A36 5G est\u00e1 aqu\u00ed para llevar tu experiencia m\u00f3vil a otro nivel. Con Inteligencia Alucinante, cada interacci\u00f3n es m\u00e1s r\u00e1pida, intuitiva y eficiente. Con Circle to Search, buscar algo en la web es tan f\u00e1cil como rodear el texto o foto que quieras. El Borrador de objetos te permite eliminar f\u00e1cilmente lo que no quieres en tus fotos en solo tres pasos, logrando im\u00e1genes m\u00e1s limpias y profesionales. Adem\u00e1s, con los filtros personalizados, puedes aplicar el estilo de una imagen de referencia para darle un toque especial a tus capturas.<\/p>\n<p>Pantalla espectacular para ver todo en grande<br \/>Disfruta de im\u00e1genes vibrantes y colores intensos con su pantalla Super AMOLED FHD+ de 6,7?. Los negros m\u00e1s profundos y el brillo de hasta 1.200 nits te permiten ver todo con calidad, incluso bajo el sol. Y con una tasa de refresco de 120 Hz, todo se ve suave como la seda, jugando, navegando o viendo tus series favoritas.<\/p>\n<p>Dise\u00f1o elegante y resistente<br \/>Con su parte trasera de cristal y certificaci\u00f3n IP67, Galaxy A36 5G es tan resistente como elegante. Protegido contra polvo y salpicaduras de agua, est\u00e1 listo para acompa\u00f1arte en todas tus aventuras sin preocupaciones. Adem\u00e1s, tus datos est\u00e1n a salvo con Samsung Knox Vault, que tiene certificaci\u00f3n EAL5+.<\/p>\n<p>Rendimiento sin interrupciones<br \/>Con 6 GB u 8 GB de RAM y almacenamiento de hasta 256 GB, Galaxy A36 5G tiene espacio y velocidad para todo lo que necesites. Multitarea, juegos y aplicaciones pesadas? nada se le resiste. Y con el procesador Snapdragon 6 Gen3 optimizado y una mejora de CPU del 8% respecto a su antecesor, siempre tendr\u00e1s el rendimiento que necesitas sin que se quede atr\u00e1s.<\/p>\n<p>Hecho para durar<br \/>Con 6 generaciones de actualizaciones de sistema operativo y hasta 6 a\u00f1os de actualizaciones de seguridad, tu dispositivo siempre estar\u00e1 protegido y a la \u00faltima.<\/p>\n<p>Bater\u00eda para todo el d\u00eda<br \/>La bater\u00eda de 5.000 mAh te va a acompa\u00f1ar durante todo el d\u00eda sin preocupaciones. \u00bfSe te est\u00e1 acabando? No te preocupes, con la carga r\u00e1pida puedes recuperar hasta el 65% de capacidad en tan solo 30 minutos para estar listo para lo que sea.<\/p>\n<p>Fotograf\u00eda y v\u00eddeos de calidad superior<br \/>Haz que tus selfies y videos destaquen con la c\u00e1mara frontal de 12 MP mejorada, dise\u00f1ada para capturar im\u00e1genes m\u00e1s n\u00edtidas y vibrantes. Gracias a la grabaci\u00f3n en Super HDR, cada toma luce con un contraste optimizado y colores intensos. La c\u00e1mara principal de Alta Resoluci\u00f3n con OIS te permite ampliar y reencuadrar sin perder calidad. Y si te apasiona la creaci\u00f3n de contenido, Videography ser\u00e1 tu mejor aliado, ofreci\u00e9ndote grabaci\u00f3n en 4K y estabilizaci\u00f3n avanzada para resultados m\u00e1s profesionales.<\/p>\n<p>Colores para todos los gustos<br \/>Disponible en Negro, Blanco, Lima y Lavanda, Galaxy A36 5G tiene el color que mejor se adapte a tu estilo y personalidad.<\/p>\n","protected":false},"excerpt":{"rendered":"<p>Movil samsung galaxy a36 5g 8 &#8211; 256gb &#8211; 6.7 pulgadas &#8211; lavanda<\/p>\n","protected":false},"featured_media":230541,"comment_status":"open","ping_status":"open","template":"","meta":{"_et_pb_use_builder":"","_et_pb_old_content":"","_et_gb_content_width":""},"product_brand":[2072],"product_cat":[2058,4517,2063,2062],"product_tag":[2073,2067,2066],"class_list":{"0":"post-240772","1":"product","2":"type-product","3":"status-publish","4":"has-post-thumbnail","6":"product_brand-samsung","7":"product_cat-dispositivos","8":"product_cat-samsung","9":"product_cat-smartphones","10":"product_cat-telefonia","11":"product_tag-samsung","12":"product_tag-smartphones","13":"product_tag-telefonia","14":"product_shipping_class-2088","15":"pa_canon-digital-impuesto-incluido-de-325-e","16":"pa_categoria-telefonia","17":"pa_marca-samsung","18":"pa_peso-4540","19":"pa_referencia-mgs0000026579","21":"first","22":"instock","23":"sale","24":"taxable","25":"shipping-taxable","26":"purchasable","27":"product-type-simple"},"_links":{"self":[{"href":"https:\/\/linkxa.es\/linkshop\/wp-json\/wp\/v2\/product\/240772","targetHints":{"allow":["GET"]}}],"collection":[{"href":"https:\/\/linkxa.es\/linkshop\/wp-json\/wp\/v2\/product"}],"about":[{"href":"https:\/\/linkxa.es\/linkshop\/wp-json\/wp\/v2\/types\/product"}],"replies":[{"embeddable":true,"href":"https:\/\/linkxa.es\/linkshop\/wp-json\/wp\/v2\/comments?post=240772"}],"wp:featuredmedia":[{"embeddable":true,"href":"https:\/\/linkxa.es\/linkshop\/wp-json\/wp\/v2\/media\/230541"}],"wp:attachment":[{"href":"https:\/\/linkxa.es\/linkshop\/wp-json\/wp\/v2\/media?parent=240772"}],"wp:term":[{"taxonomy":"product_brand","embeddable":true,"href":"https:\/\/linkxa.es\/linkshop\/wp-json\/wp\/v2\/product_brand?post=240772"},{"taxonomy":"product_cat","embeddable":true,"href":"https:\/\/linkxa.es\/linkshop\/wp-json\/wp\/v2\/product_cat?post=240772"},{"taxonomy":"product_tag","embeddable":true,"href":"https:\/\/linkxa.es\/linkshop\/wp-json\/wp\/v2\/product_tag?post=240772"}],"curies":[{"name":"wp","href":"https:\/\/api.w.org\/{rel}","templated":true}]}}