{"id":240811,"date":"2025-12-22T05:06:18","date_gmt":"2025-12-22T05:06:18","guid":{"rendered":"https:\/\/linkxa.es\/contratacion\/producto\/movil-hammer-construction-2-5g-6-8\/"},"modified":"2026-03-31T20:51:08","modified_gmt":"2026-03-31T20:51:08","slug":"movil-hammer-construction-2-5g-6-8","status":"publish","type":"product","link":"https:\/\/linkxa.es\/linkshop\/producto\/movil-hammer-construction-2-5g-6-8\/","title":{"rendered":"Movil hammer construction 2 5g 6"},"content":{"rendered":"<div style=\"text-align: center; margin-bottom: 20px;\">\n<h2 style=\"font-size: 22px; font-weight: 600; margin: 0; color: #333;\">Hammer\u00a0|\u00a0 Smartphones<\/h2>\n<p><strong>Movil hammer construction 2 5g 6 &#8211; 128gb verde<\/strong><\/p>\n<\/div>\n<p style=\"max-width: 700px; margin: 0px auto 30px; font-size: 18px; line-height: 1.6; color: #555555; font-style: italic; text-align: left;\">&#8211; TIPO<br \/>Smartphone<\/p>\n<p>&#8211; EST\u00c1NDAR DE COMUNICACI\u00d3N \/ INTERNET<br \/>2G (GPRS \/ EDGE)<br \/>3G (WCDMA \/ UMTS \/ HSPA)<br \/>4G (LTE)<br \/>5G<\/p>\n<p>&#8211; PANTALLA<br \/>Diagonal de pantalla: 6.58\u00bb<br \/>Resoluci\u00f3n de pantalla: 2408&#215;1080<br \/>Tipo de matriz: IPS<br \/>Frecuencia de actualizaci\u00f3n: 120 Hz<br \/>Material de la pantalla: Vidrio (Gorilla Glass 5)<\/p>\n<p>&#8211; TARJETAS SIM<br \/>N\u00famero de tarjetas SIM: 2<br \/>Tipo de tarjeta SIM: Nano SIM<br \/>Ranura h\u00edbrida: S\u00ed<\/p>\n<p>&#8211; MEMORIA<br \/>RAM: 6 GB<br \/>Memoria interna: 128 GB<br \/>Formato de tarjeta de memoria compatible: MicroSD<br \/>Capacidad m\u00e1xima de la tarjeta de memoria compatible: 1 TB<\/p>\n<p>&#8211; SISTEMA OPERATIVO<br \/>Android<\/p>\n<p>&#8211; PROCESADOR<br \/>Nombre del procesador: MediaTek Dimensity 6300<br \/>Tipo de n\u00facleo: Cortex-A76 (64 bits) + Cortex-A55 (64 bits)<br \/>N\u00facleo gr\u00e1fico: ARM Mali-G57 MP2<br \/>N\u00famero de n\u00facleos: 2+6<br \/>Frecuencia: 2,4 GHz + 2,0 GHz<\/p>\n<p>-C\u00c1MARA FRONTAL<br \/>N\u00famero de megap\u00edxeles: 8 MP<br \/>Caracter\u00edsticas: C\u00e1mara \u00fanica<br \/>Posici\u00f3n: Gota<br \/>Apertura: f\/2.0<\/p>\n<p>-C\u00c1MARA PRINCIPAL<br \/>N\u00famero de megap\u00edxeles: 50 MP + 8 MP + 2 MP<br \/>Caracter\u00edsticas: Flash<br \/>N\u00famero de c\u00e1maras: 3<br \/>Grabaci\u00f3n de v\u00eddeo: Full HD \/ 1920&#215;1080 \/ Sonido est\u00e9reo<br \/>Apertura: f\/1.8<\/p>\n<p>-ALIMENTACI\u00d3N<br \/>Capacidad de la bater\u00eda: 6500 mAh<\/p>\n<p>-MATERIAL DE LA CARCASA<br \/>Pl\u00e1stico<\/p>\n<p>-CONECTORES<br \/>USB Tipo C<\/p>\n<p>&#8211; NAVEGACI\u00d3N<br \/>A-GPS<br \/>GLONASS<br \/>GPS<\/p>\n<p>&#8211; DIMENSIONES<br \/>Ancho: 80,6 mm<\/p>\n<p>Alto: 172 mm<br \/>Profundidad: 13,6 mm<\/p>\n<p>&#8211; RADIO FM<br \/>Funciona sin auriculares: S\u00ed<\/p>\n<p>&#8211; TECNOLOG\u00cdAS INAL\u00c1MBRICAS<br \/>5G<br \/>Wi-Fi a\/b\/g\/n\/ac\/ax<br \/>Bluetooth 5.3<br \/>NFC<\/p>\n<p>&#8211; SEGURIDAD<br \/>Lector de huellas dactilares lateral<br \/>Reconocimiento facial (Face ID)<\/p>\n<p>&#8211; CALIFICACI\u00d3N DE PROTECCI\u00d3N CONTRA EL POLVO Y LA HUMEDAD<br \/>IP69<\/p>\n<p>&#8211; SENSORES<br \/>Sensor geomagn\u00e9tico<br \/>Sensor de proximidad<br \/>Sensor de luz<br \/>Aceler\u00f3metro<br \/>Giroscopio<\/p>\n<p>&#8211; CONTENIDO DEL PAQUETE<br \/>Manual de usuario<br \/>Cable de carga<br \/>Tel\u00e9fono<\/p>\n<p>&#8211; FUNCIONALIDADES<br \/>Ranura para tarjeta de memoria<br \/>Compatibilidad con OTG<br \/>Carga r\u00e1pida<br \/>Modo \u00abPower Bank\u00bb<\/p>\n<p>&#8211; CARCASA TIPO<br \/>Cl\u00e1sico<\/p>\n<p>&#8211; CARACTER\u00cdSTICAS DE LA CARCASA<br \/>Impermeable<\/p>\n<p>&#8211; COLOR<br \/>Verde<\/p>\n<p>&#8211; EAN<br \/>5902983630913<\/p>\n","protected":false},"excerpt":{"rendered":"<p>Movil hammer construction 2 5g 6 &#8211; 128gb verde<\/p>\n","protected":false},"featured_media":0,"comment_status":"open","ping_status":"open","template":"","meta":{"_et_pb_use_builder":"","_et_pb_old_content":"","_et_gb_content_width":""},"product_brand":[2096],"product_cat":[2058,4458,2063,2062],"product_tag":[2097,2067,2066],"class_list":{"0":"post-240811","1":"product","2":"type-product","3":"status-publish","5":"product_brand-hammer","6":"product_cat-dispositivos","7":"product_cat-hammer-smartphones","8":"product_cat-smartphones","9":"product_cat-telefonia","10":"product_tag-hammer","11":"product_tag-smartphones","12":"product_tag-telefonia","13":"product_shipping_class-2088","14":"pa_canon-digital-impuesto-incluido-de-325-e","15":"pa_categoria-telefonia","16":"pa_marca-hammer","17":"pa_peso-4298","18":"pa_referencia-mgs0000028478","20":"first","21":"instock","22":"sale","23":"taxable","24":"shipping-taxable","25":"purchasable","26":"product-type-simple"},"_links":{"self":[{"href":"https:\/\/linkxa.es\/linkshop\/wp-json\/wp\/v2\/product\/240811","targetHints":{"allow":["GET"]}}],"collection":[{"href":"https:\/\/linkxa.es\/linkshop\/wp-json\/wp\/v2\/product"}],"about":[{"href":"https:\/\/linkxa.es\/linkshop\/wp-json\/wp\/v2\/types\/product"}],"replies":[{"embeddable":true,"href":"https:\/\/linkxa.es\/linkshop\/wp-json\/wp\/v2\/comments?post=240811"}],"wp:attachment":[{"href":"https:\/\/linkxa.es\/linkshop\/wp-json\/wp\/v2\/media?parent=240811"}],"wp:term":[{"taxonomy":"product_brand","embeddable":true,"href":"https:\/\/linkxa.es\/linkshop\/wp-json\/wp\/v2\/product_brand?post=240811"},{"taxonomy":"product_cat","embeddable":true,"href":"https:\/\/linkxa.es\/linkshop\/wp-json\/wp\/v2\/product_cat?post=240811"},{"taxonomy":"product_tag","embeddable":true,"href":"https:\/\/linkxa.es\/linkshop\/wp-json\/wp\/v2\/product_tag?post=240811"}],"curies":[{"name":"wp","href":"https:\/\/api.w.org\/{rel}","templated":true}]}}