{"id":241052,"date":"2024-11-30T04:16:04","date_gmt":"2024-11-30T04:16:04","guid":{"rendered":"https:\/\/linkxa.es\/contratacion\/producto\/movil-myphone-n23-5g-6-128gb-2\/"},"modified":"2026-03-31T21:08:34","modified_gmt":"2026-03-31T21:08:34","slug":"movil-myphone-n23-5g-6-128gb-2","status":"publish","type":"product","link":"https:\/\/linkxa.es\/linkshop\/producto\/movil-myphone-n23-5g-6-128gb-2\/","title":{"rendered":"Movil myphone n23 5g 6 128gb"},"content":{"rendered":"<div style=\"text-align: center; margin-bottom: 20px;\">\n<h2 style=\"font-size: 22px; font-weight: 600; margin: 0; color: #333;\">Myphone\u00a0|\u00a0 Smartphones<\/h2>\n<p><strong>Movil myphone n23 5g 6 &#8211; 128gb 6.56 pulgadas black<\/strong><\/p>\n<\/div>\n<p style=\"max-width: 700px; margin: 0px auto 30px; font-size: 18px; line-height: 1.6; color: #555555; font-style: italic; text-align: left;\">El myPhone N23 5G es un smartphone que destaca.<\/p>\n<p>Equipado con un potente procesador Octa-Core a 2.2 Ghz y funcionando con Android 13 puro, ofrece una velocidad fiable, lo que te permite aprovechar al m\u00e1ximo la moderna tecnolog\u00eda 5G.<\/p>\n<p>Adem\u00e1s, la compatibilidad con inteligencia artificial de la triple c\u00e1mara de 50 Mpx garantiza fotos y v\u00eddeos memorables, para que nada escape a tu atenci\u00f3n.<\/p>\n<p>Pantalla de 6.56&#8243; HD+ 90Hz<\/p>\n<p>RAM dinamica de 12GB (6+6) GB y 128GB de memoria interna, ampliables mediante tarjeta Micro-SD hasta 256GB<\/p>\n<p>NFC<\/p>\n<p>Tecnolog\u00eda e-SIM Dual-SIM<\/p>\n<p>Lector de huellas dactilares<\/p>\n<p>Bateria de 5.000 mAh con carga r\u00e1pida de 18W<\/p>\n<p>P\u00e1ntalla 6.56&#8243; HD+ IPS 90Hz<br \/>Resoluci\u00f3n 1600 x 720px 269ppi<br \/>Vidrio curvo 2.5D<br \/>Redes 5G,4G LTE, 3G, 2G<br \/>2G 850\/900\/1800\/1900MHz<br \/>3G 850\/900\/1800\/1900MHz<br \/>4G LTE 700\/800\/850\/900\/1800\/1900\/2100\/2300\/2500\/2600MHz<br \/>5G 700\/800\/850\/900\/1800\/2100\/2500\/2600\/3500\/3700<br \/>Potente conjunto de chips de ocho n\u00facleos<br \/>Procesador MediaTek Dimensity 6020 nm<br \/>Modelo de procesador de GPU Brazo Mali-G57 MC2<br \/>Velocidad de reloj de la GPU 950Mhz<br \/>N\u00famero de n\u00facleos 8 Octa-Core a 2.2GHz<br \/>Triple c\u00e1mara<br \/>C\u00e1mara Principal 50MP con IA triple c\u00e1mara<br \/>Segunda lente principal 2Mpx<br \/>C\u00e1mara Frontal 8 MP<br \/>Grabaci\u00f3n de v\u00eddeo de la c\u00e1mara trasera 60 fps<br \/>Apertura de la c\u00e1mara 1.8 f<br \/>Resoluci\u00f3n de grabaci\u00f3n de v\u00eddeo de la c\u00e1mara trasera 2560x1440px<br \/>RAM din\u00e1mica de hasta 12 GB (6+6)<br \/>Memoria RAM 6GB<br \/>Memoria interna de 128 GB<br \/>Slot tarjeta de memoria SD m\u00e1xima de 256 GB<br \/>Sistema operativo Pure Android 13<br \/>NFC<br \/>2 Ranuras para tarjetas nano+ 1 MicroSD<br \/>Sim Dual-SIM<br \/>tama\u00f1o 1 SIM Nano<br \/>tama\u00f1o 2 SIM Nano<br \/>Reconocimiento facial<br \/>Lector de huellas dactilares<br \/>Acelerometro<br \/>Proximidad<br \/>Magnet\u00f3metro<br \/>Luz<br \/>Conector: USB-C<br \/>Conectividad: Wi-Fi 802.11 a\/b\/g\/n\/ac<br \/>Frecuencia Wi-Fi 2,4 5,0 GHz<br \/>GPS<br \/>Glonass<br \/>M\u00f3dulo GPS<br \/>Compatibilidad con A-GPS<br \/>Bluetooth 5.2<br \/>Bater\u00eda pol\u00edmero de litio de 5000 mAh<br \/>Tiempo de carga hasta el 100% 1.25h<br \/>Carga r\u00e1pida<br \/>Toma de auriculares jack 3.5mm<br \/>Dimensiones 164,2*76*8,45 mm<br \/>Peso: 211,8g<\/p>\n","protected":false},"excerpt":{"rendered":"<p>Movil myphone n23 5g 6 &#8211; 128gb 6.56 pulgadas black<\/p>\n","protected":false},"featured_media":230100,"comment_status":"open","ping_status":"open","template":"","meta":{"_et_pb_use_builder":"","_et_pb_old_content":"","_et_gb_content_width":""},"product_brand":[2114],"product_cat":[2058,4610,2063,2062],"product_tag":[2115,2067,2066],"class_list":{"0":"post-241052","1":"product","2":"type-product","3":"status-publish","4":"has-post-thumbnail","6":"product_brand-myphone","7":"product_cat-dispositivos","8":"product_cat-myphone-smartphones","9":"product_cat-smartphones","10":"product_cat-telefonia","11":"product_tag-myphone","12":"product_tag-smartphones","13":"product_tag-telefonia","14":"product_shipping_class-2059","15":"pa_canon-digital-impuesto-incluido-de-325-e","16":"pa_categoria-telefonia","17":"pa_marca-myphone","18":"pa_peso-4543","19":"pa_referencia-dsp0000020558","21":"first","22":"instock","23":"sale","24":"taxable","25":"shipping-taxable","26":"purchasable","27":"product-type-simple"},"_links":{"self":[{"href":"https:\/\/linkxa.es\/linkshop\/wp-json\/wp\/v2\/product\/241052","targetHints":{"allow":["GET"]}}],"collection":[{"href":"https:\/\/linkxa.es\/linkshop\/wp-json\/wp\/v2\/product"}],"about":[{"href":"https:\/\/linkxa.es\/linkshop\/wp-json\/wp\/v2\/types\/product"}],"replies":[{"embeddable":true,"href":"https:\/\/linkxa.es\/linkshop\/wp-json\/wp\/v2\/comments?post=241052"}],"wp:featuredmedia":[{"embeddable":true,"href":"https:\/\/linkxa.es\/linkshop\/wp-json\/wp\/v2\/media\/230100"}],"wp:attachment":[{"href":"https:\/\/linkxa.es\/linkshop\/wp-json\/wp\/v2\/media?parent=241052"}],"wp:term":[{"taxonomy":"product_brand","embeddable":true,"href":"https:\/\/linkxa.es\/linkshop\/wp-json\/wp\/v2\/product_brand?post=241052"},{"taxonomy":"product_cat","embeddable":true,"href":"https:\/\/linkxa.es\/linkshop\/wp-json\/wp\/v2\/product_cat?post=241052"},{"taxonomy":"product_tag","embeddable":true,"href":"https:\/\/linkxa.es\/linkshop\/wp-json\/wp\/v2\/product_tag?post=241052"}],"curies":[{"name":"wp","href":"https:\/\/api.w.org\/{rel}","templated":true}]}}