{"id":241083,"date":"2026-01-29T19:22:02","date_gmt":"2026-01-29T19:22:02","guid":{"rendered":"https:\/\/linkxa.es\/contratacion\/producto\/razr-50-ultra-17-5-cm-2\/"},"modified":"2026-03-31T21:11:12","modified_gmt":"2026-03-31T21:11:12","slug":"razr-50-ultra-17-5-cm-2","status":"publish","type":"product","link":"https:\/\/linkxa.es\/linkshop\/producto\/razr-50-ultra-17-5-cm-2\/","title":{"rendered":"Razr 50 ultra 17 5 cm"},"content":{"rendered":"<div style=\"text-align: center; margin-bottom: 20px;\">\n<h2 style=\"font-size: 22px; font-weight: 600; margin: 0; color: #333;\">Motorola\u00a0|\u00a0 Smartphones<\/h2>\n<p><strong>Razr 50 ultra 17 -5 cm (6.9 pulgadas) sim doble android 14 5g usb tipo c 12 gb 512 gb 4000 mah marina<\/strong><\/p>\n<\/div>\n<p style=\"max-width: 700px; margin: 0px auto 30px; font-size: 18px; line-height: 1.6; color: #555555; font-style: italic; text-align: left;\">Destacado<\/p>\n<p>La pantalla externa m\u00e1s grande e inteligente. Hazlo todo sin abrir el smartphone, hasta usar las funciones con tecnolog\u00eda moto ai para interactuar, capturar y crear<br \/>Dise\u00f1o plegable emblem\u00e1tico y refinado. Disfruta de un dise\u00f1o duradero, compacto y c\u00f3modo en suave cuero vegano y elige entre varios colores de moda<br \/>Infinitas maneras de capturar. Da rienda suelta a tu creatividad con Flex View, tanto si vas a usar el smartphone como c\u00e1mara de v\u00eddeo, vas a montar tu propio fotomat\u00f3n o vas a hacerte unos cuantos selfies en modo<br \/>manos libres<br \/>Nuevo sistema de c\u00e1maras con tecnolog\u00eda moto ai. Captura f\u00e1cilmente fotos y v\u00eddeos con el sistema de c\u00e1maras de 50 MP, con un teleobjetivo de doble aumento y tecnolog\u00eda moto ai<br \/>Rendimiento Snapdragon 8s de 3.\u00aa gen. Maximiza tus posibilidades con el potente procesado de un motor de inteligencia artificial, que te ofrece velocidades de hasta 3 GHz y m\u00e1s eficiencia<br \/>Autonom\u00eda de la bater\u00eda durante todo el d\u00eda. Disfruta del smartphone durante todo un d\u00eda y una noche gracias a su bater\u00eda de 4000 mAh y de autonom\u00eda para todo el d\u00eda en unos 12 minutos con la carga TurboPower de<br \/>45 W<\/p>\n<p>Flip the script<\/p>\n<p>Inteligente por dentro y por fuera<br \/>El smartphone plegable que marc\u00f3 un antes y un despu\u00e9s vuelve a cambiar las reglas del juego. Presentamos el motorola razr 50 ultra con tecnolog\u00eda moto ai, que te trae nuevas formas de interactuar, capturar y crear.<br \/>Incluye la pantalla externa m\u00e1s grande e inteligente entre los smartphone plegables, as\u00ed que podr\u00e1s hacerlo todo sin tener que abrirlo. Captura fotos y v\u00eddeos superiores gracias al sistema de doble c\u00e1mara de 50 MP y su<br \/>teleobjetivo. Da rienda suelta a tu creatividad con Flex View, tanto si vas a usar el motorola razr 50 ultra como c\u00e1mara de v\u00eddeo o vas a montar tu propio fotomat\u00f3n. Y cuando quieras ver tu contenido favorito en una pantalla<br \/>m\u00e1s grande, abre el smartphone y descubre su pantalla pOLED de 6,9&#8243;, ultrafluida e incre\u00edblemente v\u00edvida. Alucina tambi\u00e9n con el suave acabado en cuero vegano, la protecci\u00f3n frente al agua y el cristal Corning Gorilla<br \/>Glass Victus. Ves por qu\u00e9 el motorola razr 50 ultra es nuestro modelo plegable m\u00e1s inteligente hasta la fecha?<\/p>\n<p>Peso y dimensiones<br \/>Altura<br \/>171,4 mm<br \/>Altura de plegado<br \/>8,81 cm<br \/>Ancho<br \/>74 mm<br \/>Ancho de plegado<br \/>7,4 cm<br \/>Peso<br \/>189 g<br \/>Profundidad<br \/>7,09 mm<br \/>Profundidad de plegado<br \/>1,53 cm<br \/>Exhibici\u00f3n<br \/>Alto Rango Din\u00e1mico (HDR)<br \/>Si<br \/>Tecnolog\u00eda HDR (High Dynamic Range, Alto rango din\u00e1mico)<br \/>High Dynamic Range 10+ (HDR10 Plus)<br \/>Brillo de pantalla<br \/>3000 cd \/ m<br \/>Brillo de la segunda pantalla<br \/>2400 cd \/ m<br \/>Gama de colores DCI-P3<br \/>120%<br \/>Gama de colores DCI-P3 de la segunda pantalla<br \/>100%<br \/>Densidad del pixel<br \/>413 ppp<br \/>Densidad de p\u00edxeles de la segunda pantalla<br \/>417 ppp<br \/>Diagonal de la pantalla<br \/>17,5 cm (6.9&#8243;)<br \/>Diagonal del segundo monitor<br \/>10,2 cm (4&#8243;)<br \/>Frecuencia de actualizaci\u00f3n de la segunda pantalla<br \/>165 Hz<br \/>Versi\u00f3n de Gorilla Glass<br \/>Gorilla Glass Victus<br \/>M\u00e1xima velocidad de actualizaci\u00f3n<br \/>165 Hz<br \/>Relaci\u00f3n pantalla-cuerpo<br \/>85,33%<br \/>Relaci\u00f3n de aspecto nativa<br \/>22:9<br \/>Resoluci\u00f3n de la pantalla<br \/>2640 x 1080 Pixeles<br \/>Resoluci\u00f3n del segundo monitor<br \/>1272 x 1080 Pixeles<br \/>Segunda pantalla<br \/>Si<br \/>Tipo de pantalla<br \/>P-OLED<br \/>Tipo de cristal de pantalla<br \/>Corning Glass<br \/>Tipo de la segunda pantalla<br \/>P-OLED<br \/>Velocidad de respuesta t\u00e1ctil<br \/>300 Hz<br \/>Velocidad de respuesta t\u00e1ctil de la segunda pantalla<br \/>165 Hz<br \/>Procesador<br \/>Familia de procesador<br \/>Qualcomm Snapdragon<br \/>Modelo del procesador<br \/>8s Gen 3<br \/>Medios de almacenaje<br \/>Capacidad de RAM<br \/>12 GB<br \/>Capacidad de almacenamiento interno<br \/>512 GB<br \/>Tipo de RAM<br \/>LPDDR5X<br \/>Tarjetas de memoria compatibles<br \/>No compatible<br \/>C\u00e1mara fotogr\u00e1fica<br \/>C\u00e1mara trasera con flash<br \/>Si<br \/>Detector de rostro<br \/>Si<br \/>Detector de sonrisa<br \/>Si<br \/>Disparador autom\u00e1tico<br \/>Si<br \/>Estabilizador de v\u00eddeo<br \/>Si<br \/>Estabilizador de imagen<br \/>Si<br \/>Reconocimiento de escenas de IA<br \/>Si<br \/>Modo de lapso de tiempo<br \/>Si<br \/>Modo noche<br \/>Si<br \/>Modo retrato<br \/>Si<br \/>N\u00famero de apertura de la c\u00e1mara trasera<br \/>1,7<br \/>N\u00famero de apertura de la segunda c\u00e1mara trasera<br \/>2<br \/>N\u00famero de apertura de la c\u00e1mara frontal<br \/>2,4<br \/>Panor\u00e1mica<br \/>Si<br \/>Resoluci\u00f3n de la c\u00e1mara trasera (num\u00e9rica)<br \/>50 MP<br \/>Resoluci\u00f3n de la c\u00e1mara frontal (num\u00e9rica)<br \/>32 MP<br \/>Resoluci\u00f3n de la segunda c\u00e1mara trasera (num\u00e9rica)<br \/>50 MP<br \/>Resoluci\u00f3n de captura de video<br \/>3840 x 2160 Pixeles<br \/>Resoluci\u00f3n en velocidad de captura<br \/>1920&#215;1080@120fps, 1920&#215;1080@240fps, 1920&#215;1080@30fps, 1920&#215;1080@60fps, 1920&#215;1080@960fps, 3840&#215;2160@30fps, 3840&#215;2160@60fps<br \/>Tama\u00f1o de los p\u00edxeles de la c\u00e1mara trasera<br \/>0,8 m<br \/>Tama\u00f1o de los p\u00edxeles de la segunda c\u00e1mara trasera<br \/>0,64 m<br \/>Tama\u00f1o de los p\u00edxeles de la c\u00e1mara frontal<br \/>0,7 m<br \/>Tipo de c\u00e1mara trasera<br \/>C\u00e1mara doble<br \/>Tipo de c\u00e1mara frontal<br \/>C\u00e1mara \u00fanica<br \/>Tipo de flash<br \/>LED<br \/>Tipo de estabilizador de imagen<br \/>Electronic Image Stabilization (EIS), Optical Image Stabilization (OIS)<br \/>Velocidad m\u00e1xima de cuadro<br \/>960 pps<br \/>Zoom \u00f3ptico<br \/>2x<br \/>Zoom de audio<br \/>Si<br \/>Puertos e Interfaces<br \/>Auriculares<br \/>No compatible<br \/>Conector USB<br \/>USB Tipo C<br \/>Puerto USB<br \/>Si<br \/>Versi\u00f3n USB<br \/>2.0<br \/>Conexi\u00f3n<br \/>Est\u00e1ndares 2G<br \/>Edge, GSM<br \/>Bandas 2G (SIM principal)<br \/>850,900,1800,1900 MHz<br \/>Est\u00e1ndares 3G<br \/>HSPA+, UMTS<br \/>Est\u00e1ndar 4G<br \/>LTE<br \/>Est\u00e1ndar 5G<br \/>Sub6<br \/>Bluetooth<br \/>Si<br \/>Versi\u00f3n de Bluetooth<br \/>5.4<br \/>Comunicaci\u00f3n de Campo Cercano (NFC)<br \/>Si<br \/>Capacidad de la tarjeta SIM<br \/>SIM doble<br \/>Wi-Fi est\u00e1ndares<br \/>802.11a, 802.11b, 802.11g, Wi-Fi 4 (802.11n), Wi-Fi 5 (802.11ac), Wi-Fi 6 (802.11ax), Wi-Fi 6E (802.11ax), Wi-Fi 7 (802.11be)<br \/>Generaci\u00f3n de red m\u00f3vil<br \/>5G<br \/>Tipo de tarjeta SIM<br \/>NanoSIM + eSIM<br \/>Wifi<br \/>Si<br \/>Bater\u00eda<br \/>Capacidad de bater\u00eda<br \/>4000 mAh<\/p>\n<p>Contenido del embalaje<br \/>Adaptador AC incluido<br \/>Si<br \/>Potencia de adaptador AC<br \/>68 W<br \/>Cables incluidos<br \/>USB Tipo C<br \/>Funda protectora<br \/>Si<br \/>Gu\u00eda de configuraci\u00f3n r\u00e1pida<br \/>Si<br \/>Instrumento para extraer tarjeta SIM<br \/>Si<br \/>Desempe\u00f1o<br \/>Carga r\u00e1pida<br \/>Si<br \/>Carga inal\u00e1mbrica inversa<br \/>Si<br \/>Cargador inal\u00e1mbrico<br \/>Si<br \/>Comandos de voz<br \/>Si<br \/>Lector de huella digital<br \/>Si<br \/>Reconocimiento de cara<br \/>Si<br \/>Tecnolog\u00eda de carga r\u00e1pida<br \/>TurboPower<br \/>Dise\u00f1o<br \/>Color del producto<br \/>Marina<br \/>C\u00f3digo IP (International Protection)<br \/>IPX8<br \/>Factor de forma<br \/>M\u00f3vil con tapa<br \/>Funciones de protecci\u00f3n<br \/>Resistente al polvo, A prueba de salpicaduras, Resistente al agua<br \/>Material de la carcasa<br \/>Aluminio<br \/>Nombre del color<br \/>Midnight Blue<br \/>Navegaci\u00f3n<br \/>Funci\u00f3n de GPS asistida (A-GPS)<br \/>Si<br \/>BeiDou<br \/>Si<br \/>Br\u00fajula electr\u00f3nica<br \/>Si<br \/>GLONASS<br \/>Si<br \/>GPS<br \/>Si<br \/>GPS (sat\u00e9lite)<br \/>Si<br \/>Galileo<br \/>Si<br \/>Protocolo de posicionamiento LTE (LPP, LTE Positioning Protocol)<br \/>Si<br \/>Ubicaci\u00f3n segura de plano de usuario (SUPL, Secure User Plane Location)<br \/>Si<br \/>Multimedia<br \/>Altavoces<br \/>Est\u00e9reo<br \/>Radio FM<br \/>No<br \/>Sistema de audio<br \/>Dolby Atmos<br \/>n\u00famero de micr\u00f3fonos<br \/>3<br \/>Software<br \/>Asistente virtual<br \/>Google Gemini<br \/>Plataforma<br \/>Android<br \/>Sistema operativo instalado<br \/>Android 14<br \/>Suscripci\u00f3n<br \/>Tipo de suscripci\u00f3n<br \/>Sin suscripci\u00f3n<br \/>Sensores<br \/>Aceler\u00f3metro<br \/>Si<br \/>Giroscopio<br \/>Si<br \/>Sensor de proximidad<br \/>Si<br \/>Sensor de luz ambiental<br \/>Si<br \/>Sensor magnet\u00f3metro<br \/>Si<\/p>\n","protected":false},"excerpt":{"rendered":"<p>Razr 50 ultra 17 -5 cm (6.9 pulgadas) sim doble android 14 5g usb tipo c 12 gb 512 gb 4000 mah marina<\/p>\n","protected":false},"featured_media":230078,"comment_status":"open","ping_status":"open","template":"","meta":{"_et_pb_use_builder":"","_et_pb_old_content":"","_et_gb_content_width":""},"product_brand":[2081],"product_cat":[2058,4616,2063,2062],"product_tag":[2082,2067,2066],"class_list":{"0":"post-241083","1":"product","2":"type-product","3":"status-publish","4":"has-post-thumbnail","6":"product_brand-motorola","7":"product_cat-dispositivos","8":"product_cat-motorola","9":"product_cat-smartphones","10":"product_cat-telefonia","11":"product_tag-motorola","12":"product_tag-smartphones","13":"product_tag-telefonia","14":"product_shipping_class-2059","15":"pa_canon-digital-impuesto-incluido-de-325-e","16":"pa_categoria-telefonia","17":"pa_marca-motorola","18":"pa_peso-4256","19":"pa_referencia-dsp0000027367","21":"first","22":"instock","23":"sale","24":"taxable","25":"shipping-taxable","26":"purchasable","27":"product-type-simple"},"_links":{"self":[{"href":"https:\/\/linkxa.es\/linkshop\/wp-json\/wp\/v2\/product\/241083","targetHints":{"allow":["GET"]}}],"collection":[{"href":"https:\/\/linkxa.es\/linkshop\/wp-json\/wp\/v2\/product"}],"about":[{"href":"https:\/\/linkxa.es\/linkshop\/wp-json\/wp\/v2\/types\/product"}],"replies":[{"embeddable":true,"href":"https:\/\/linkxa.es\/linkshop\/wp-json\/wp\/v2\/comments?post=241083"}],"wp:featuredmedia":[{"embeddable":true,"href":"https:\/\/linkxa.es\/linkshop\/wp-json\/wp\/v2\/media\/230078"}],"wp:attachment":[{"href":"https:\/\/linkxa.es\/linkshop\/wp-json\/wp\/v2\/media?parent=241083"}],"wp:term":[{"taxonomy":"product_brand","embeddable":true,"href":"https:\/\/linkxa.es\/linkshop\/wp-json\/wp\/v2\/product_brand?post=241083"},{"taxonomy":"product_cat","embeddable":true,"href":"https:\/\/linkxa.es\/linkshop\/wp-json\/wp\/v2\/product_cat?post=241083"},{"taxonomy":"product_tag","embeddable":true,"href":"https:\/\/linkxa.es\/linkshop\/wp-json\/wp\/v2\/product_tag?post=241083"}],"curies":[{"name":"wp","href":"https:\/\/api.w.org\/{rel}","templated":true}]}}