{"id":241107,"date":"2026-01-30T03:31:25","date_gmt":"2026-01-30T03:31:25","guid":{"rendered":"https:\/\/linkxa.es\/contratacion\/producto\/movil-motorola-moto-g15-8-256gb-2\/"},"modified":"2026-03-31T21:14:12","modified_gmt":"2026-03-31T21:14:12","slug":"movil-motorola-moto-g15-8-256gb-2","status":"publish","type":"product","link":"https:\/\/linkxa.es\/linkshop\/producto\/movil-motorola-moto-g15-8-256gb-2\/","title":{"rendered":"Movil motorola moto g15 8 256gb"},"content":{"rendered":"<div style=\"text-align: center; margin-bottom: 20px;\">\n<h2 style=\"font-size: 22px; font-weight: 600; margin: 0; color: #333;\">Motorola\u00a0|\u00a0 Smartphones<\/h2>\n<p><strong>Movil motorola moto g15 8 &#8211; 256gb verde<\/strong><\/p>\n<\/div>\n<p style=\"max-width: 700px; margin: 0px auto 30px; font-size: 18px; line-height: 1.6; color: #555555; font-style: italic; text-align: left;\">El cine en tus manos. El moto g15 te lleva el cine a tus manos. Ve tus series y pel\u00edculas favoritas cobrar vida en una pantalla Full HD+ supern\u00edtida y brillante de 6,72&#8243;, incluso a plena luz del d\u00eda. D\u00e9jate envolver por el sonido de unos altavoces est\u00e9reo potentes con refuerzo de graves y Dolby Atmos\u00ae. Captura las fotos m\u00e1s bonitas y detalladas con el sistema de c\u00e1maras de 50 MP y deshazte de todas esas rayas molestas que aparecen con las fuentes de luz artificial.<\/p>\n<p>Recarga r\u00e1pidamente la bater\u00eda con la carga TurboPower? y usa el smartphone durante m\u00e1s tiempo gracias a sus 5200 mAh. Disfruta de un aspecto y una sensaci\u00f3n de calidad con su dise\u00f1o en cuero vegano, repelente al agua y con cristal Corning\u00ae Gorilla\u00ae Glass 3. Y por si fuera poco, del\u00e9itate con un rendimiento r\u00e1pido y much\u00edsimo espacio para tu contenido m\u00e1s divertido. Da luz y color a tus d\u00edas con el moto g15.<\/p>\n<p>Caracter\u00edsticas<br \/>Pantalla m\u00e1s grande y brillante: Disfruta de un entretenimiento de otro nivel en una pantalla Full HD+ de 6,72&#8243;, incluso a plena luz del d\u00eda, con el modo Alto brillo, que facilita la visualizaci\u00f3n en exteriores.<br \/>M\u00e1s envolvente que nunca: Pierde la noci\u00f3n del tiempo con un dise\u00f1o impecable y sin nada que pueda distraerte.<br \/>Dos veces m\u00e1s alto: D\u00e9jate llevar por la acci\u00f3n gracias a los altavoces est\u00e9reo con refuerzo de graves, que ofrecen bajos el doble de buenos, voces m\u00e1s limpias y sonidos m\u00e1s n\u00edtidos a cualquier volumen.<br \/>Una nueva dimensi\u00f3n auditiva: Disfruta del sonido m\u00e1s profundo y m\u00e1s claro de Dolby Atmos\u00ae, ya sea con unos auriculares o con los altavoces de tu smartphone.<br \/>Fotos incre\u00edbles de d\u00eda y de noche: Captura fotos que llaman la atenci\u00f3n con un sistema de c\u00e1maras de 50 MP y la tecnolog\u00eda Quad Pixel. El software avanzado permite hacer fotograf\u00edas profesionales sin esfuerzo.<br \/>Nivel de detalle impresionante: Inmortaliza tus momentos favoritos con el m\u00e1ximo detalle gracias al sensor de 50 MP y la tecnolog\u00eda Quad Pixel, que garantiza resultados m\u00e1s n\u00edtidos y vibrantes incluso en condiciones de poca luz.<br \/>Fotos listas para publicar: Hazte el selfie perfecto con la c\u00e1mara delantera de 8 MP y comp\u00e1rtelo en tiempo real.<br \/>M\u00e1s en el encuadre: El objetivo ultra gran angular espec\u00edfico de 5 MP captura lo que ven tus ojos y abarca cuatro veces m\u00e1s de la escena en el encuadre que un objetivo est\u00e1ndar.<br \/>Elegante, fiable y duradero: El moto g15, que se ha fabricado con materiales de primera calidad, tiene un acabado en cuero vegano y es resistente a salpicaduras y derrames de agua, y a da\u00f1os gracias al cristal Corning\u00ae Gorilla\u00ae Glass 3. Disfruta a la vez del lujo y la tranquilidad.<br \/>Donde la potencia coincide con la precisi\u00f3n: Disfruta de una velocidad imbatible con el procesador MediaTek Helio G81 Extreme y la tecnolog\u00eda HyperEngine Gaming, que garantizan una mejor capacidad de respuesta y experiencias de juego m\u00e1s r\u00e1pidas y fluidas.<br \/>Rendimiento imparable: Haz varias tareas a la vez con fluidez y sin problemas gracias a los 8 GB de memoria interna y hasta 24 GB de RAM que ofrece la funci\u00f3n Expansi\u00f3n de memoria, que convierte autom\u00e1ticamente el almacenamiento en una RAM virtual para maximizar el rendimiento. Con 256 GB de almacenamiento de f\u00e1brica (ampliable a 1 TB), tendr\u00e1s la velocidad y la capacidad necesarias para que todo funcione como la seda.<\/p>\n<p>Especificaciones Motorola mto g15<br \/>Exhibici\u00f3n<br \/>Diagonal de la pantalla: 17,1 cm (6.72&#8243;)<br \/>Forma de la pantalla: Plana<br \/>Relaci\u00f3n pantalla-cuerpo: 86,71%<br \/>Tipo de pantalla: LCD<br \/>Tipo de cristal de pantalla: Corning Glass<br \/>Versi\u00f3n de Gorilla Glass: Gorilla Glass 3<br \/>Resoluci\u00f3n de la pantalla: 2400 x 1080 Pixeles<br \/>Relaci\u00f3n de aspecto nativa: 20:9<br \/>M\u00e1xima velocidad de actualizaci\u00f3n: 60 Hz<br \/>Brillo m\u00e1ximo de la pantalla (exteriores): 1000 cd \/ m\u00b2<br \/>Alto Rango Din\u00e1mico (HDR): Si<br \/>Tecnolog\u00eda HDR (High Dynamic Range, Alto rango din\u00e1mico): High Dynamic Range 10 (HDR10)<br \/>Densidad del pixel: 391 ppp<br \/>Procesador<br \/>Familia de procesador: MediaTek<br \/>Modelo del procesador: Helio G81 Extreme<br \/>N\u00famero de n\u00facleos de procesador: 8<br \/>Frecuencia del procesador: 2 GHz<br \/>Medios de almacenaje<br \/>Capacidad de RAM: 8 GB<br \/>RAM virtual (m\u00e1x.): 24 GB<br \/>Tipo de RAM: LPDDR4X<br \/>Capacidad de almacenamiento interno: 256 GB<br \/>Tarjetas de memoria compatibles: MicroSD (TransFlash)<br \/>Tama\u00f1o m\u00e1ximo de tarjeta de memoria: 1 TB<br \/>C\u00e1mara fotogr\u00e1fica<br \/>Resoluci\u00f3n de la c\u00e1mara trasera (num\u00e9rica): 50 MP<br \/>Resoluci\u00f3n de la segunda c\u00e1mara trasera (num\u00e9rica): 5 MP<br \/>N\u00famero de apertura de la c\u00e1mara trasera: 1,8<br \/>N\u00famero de apertura de la segunda c\u00e1mara trasera: 2,4<br \/>Tama\u00f1o de los p\u00edxeles de la c\u00e1mara trasera: 0,64 \u00b5m<br \/>Tama\u00f1o de p\u00edxeles de la c\u00e1mara trasera (tecnolog\u00eda Quad Pixel): 1,28 \u00b5m<br \/>Tama\u00f1o de los p\u00edxeles de la segunda c\u00e1mara trasera: 1,75 \u00b5m<br \/>Tipo de c\u00e1mara frontal: C\u00e1mara \u00fanica<br \/>Resoluci\u00f3n de la c\u00e1mara frontal (num\u00e9rica): 8 MP<br \/>N\u00famero de apertura de la c\u00e1mara frontal: 2<br \/>Tama\u00f1o de los p\u00edxeles de la c\u00e1mara frontal: 1,12 \u00b5m<br \/>C\u00e1mara trasera con flash: Si<br \/>C\u00e1mara frontal con flash: No<br \/>Tipo de flash: LED<br \/>Resoluci\u00f3n de captura de video: 1920 x 1080 Pixeles<br \/>Velocidad m\u00e1xima de cuadro: 120 pps<br \/>Resoluci\u00f3n en velocidad de captura: 1280&#215;720@30fps, 1920&#215;1080@30fps<br \/>Tipo de c\u00e1mara trasera: C\u00e1mara doble<br \/>Autoenfoque: Si<br \/>C\u00e1mara trasera de profundidad 3D: No<br \/>C\u00e1mara frontal de profundidad 3D: No<br \/>Detector de rostro: Si<br \/>Modo de alto rango din\u00e1mico (HDR) de la c\u00e1mara: Si<br \/>Modo de lapso de tiempo: Si<br \/>Disparador autom\u00e1tico: Si<br \/>Modo noche: Si<br \/>Panor\u00e1mica: Si<br \/>Modo retrato: Si<br \/>Modo de c\u00e1mara lenta: Si<br \/>Conexi\u00f3n<br \/>Capacidad de la tarjeta SIM: SIM doble<br \/>Generaci\u00f3n de red m\u00f3vil: 4G<br \/>Tipo de tarjeta SIM: NanoSIM<br \/>Est\u00e1ndares 2G: GSM<br \/>Est\u00e1ndares 3G: WCDMA<br \/>Est\u00e1ndar 4G: LTE<br \/>Est\u00e1ndar 5G: No compatible<br \/>Wifi: Si<br \/>Est\u00e1ndar Wi-Fi: Wi-Fi 5 (802.11ac)<br \/>Wi-Fi est\u00e1ndares: 802.11a, 802.11b, 802.11g, Wi-Fi 4 (802.11n), Wi-Fi 5 (802.11ac)<br \/>Bluetooth: Si<br \/>Versi\u00f3n de Bluetooth: 5.4<br \/>Banda de frecuencia: Pentabanda<br \/>Comunicaci\u00f3n de Campo Cercano (NFC): Si<br \/>Suscripci\u00f3n<br \/>Tipo de suscripci\u00f3n: Sin suscripci\u00f3n<br \/>Puertos e Interfaces<br \/>Puerto USB: Si<br \/>Conector USB: USB Tipo C<br \/>Versi\u00f3n USB: 2.0<br \/>Auriculares: 3,5 mm<br \/>Dise\u00f1o<br \/>Factor de forma: Barra<br \/>Color del producto: Verde<br \/>C\u00f3digo IP (International Protection): IP54<br \/>Funciones de protecci\u00f3n: Sustancia hidr\u00f3foba<br \/>Material de la carcasa: Cuero artificial<br \/>Desempe\u00f1o<br \/>Video llamada: Si<br \/>Carga r\u00e1pida: Si<br \/>Tecnolog\u00eda de carga r\u00e1pida: Turbo Charge<br \/>Adaptador gr\u00e1fico: Mali-G52 MC2<br \/>Lector de huella digital: Si<br \/>Reconocimiento de cara: Si<br \/>Altavoz: Si<br \/>Comandos de voz: Si<br \/>Alerta vibratoria: Si<br \/>Navegaci\u00f3n<br \/>Funci\u00f3n de GPS asistida (A-GPS): Si<br \/>GPS (sat\u00e9lite): Si<br \/>GLONASS: Si<br \/>Galileo: Si<br \/>Sistema por Sat\u00e9lite Quasi-Zenith (QZSS): Si<br \/>Br\u00fajula electr\u00f3nica: Si<br \/>GPS: Si<br \/>Multimedia<br \/>Radio FM: Si<br \/>n\u00famero de micr\u00f3fonos: 1<br \/>Altavoces: Est\u00e9reo<br \/>Sistema de audio: Dolby Atmos<br \/>Software<br \/>Plataforma: Android<br \/>Sistema operativo instalado: Android 15<br \/>Asistente virtual: Google Assistant<br \/>Bater\u00eda<br \/>Capacidad de bater\u00eda: 5200 mAh<br \/>Sensores<br \/>Sensor de proximidad: Si<br \/>Aceler\u00f3metro: Si<br \/>Sensor de luz ambiental: Si<br \/>Giroscopio: Si<br \/>Sensor de gestos: Si<br \/>Control de energ\u00eda<br \/>Puerto de carga USB tipo C: Si<br \/>Potencia de carga requerida (m\u00e1x.): 18 W<br \/>Peso y dimensiones<br \/>Ancho: 76 mm<br \/>Profundidad: 8,17 mm<br \/>Altura: 165,7 mm<br \/>Peso: 190 g<br \/>Ancho del paquete: 94,8 mm<br \/>Profundidad del paquete: 33,5 mm<br \/>Altura del paquete: 177,8 mm<br \/>Peso del paquete: 330 g<br \/>Aprobaciones reguladoras<br \/>Cuenta con el certificado DLNA (Digital Living Network Alliance, Alianza para el estilo de vida digital en red): No<br \/>Contenido del embalaje<br \/>Adaptador AC incluido: No<br \/>Cables incluidos: USB tipo A a USB tipo C<br \/>Funda protectora: Si<\/p>\n","protected":false},"excerpt":{"rendered":"<p>Movil motorola moto g15 8 &#8211; 256gb verde<\/p>\n","protected":false},"featured_media":230054,"comment_status":"open","ping_status":"open","template":"","meta":{"_et_pb_use_builder":"","_et_pb_old_content":"","_et_gb_content_width":""},"product_brand":[2081],"product_cat":[2058,4616,2063,2062],"product_tag":[2082,2067,2066],"class_list":{"0":"post-241107","1":"product","2":"type-product","3":"status-publish","4":"has-post-thumbnail","6":"product_brand-motorola","7":"product_cat-dispositivos","8":"product_cat-motorola","9":"product_cat-smartphones","10":"product_cat-telefonia","11":"product_tag-motorola","12":"product_tag-smartphones","13":"product_tag-telefonia","14":"product_shipping_class-2059","15":"pa_canon-digital-impuesto-incluido-de-325-e","16":"pa_categoria-telefonia","17":"pa_marca-motorola","18":"pa_peso-3454","19":"pa_referencia-dsp0000029694","21":"first","22":"instock","23":"sale","24":"taxable","25":"shipping-taxable","26":"purchasable","27":"product-type-simple"},"_links":{"self":[{"href":"https:\/\/linkxa.es\/linkshop\/wp-json\/wp\/v2\/product\/241107","targetHints":{"allow":["GET"]}}],"collection":[{"href":"https:\/\/linkxa.es\/linkshop\/wp-json\/wp\/v2\/product"}],"about":[{"href":"https:\/\/linkxa.es\/linkshop\/wp-json\/wp\/v2\/types\/product"}],"replies":[{"embeddable":true,"href":"https:\/\/linkxa.es\/linkshop\/wp-json\/wp\/v2\/comments?post=241107"}],"wp:featuredmedia":[{"embeddable":true,"href":"https:\/\/linkxa.es\/linkshop\/wp-json\/wp\/v2\/media\/230054"}],"wp:attachment":[{"href":"https:\/\/linkxa.es\/linkshop\/wp-json\/wp\/v2\/media?parent=241107"}],"wp:term":[{"taxonomy":"product_brand","embeddable":true,"href":"https:\/\/linkxa.es\/linkshop\/wp-json\/wp\/v2\/product_brand?post=241107"},{"taxonomy":"product_cat","embeddable":true,"href":"https:\/\/linkxa.es\/linkshop\/wp-json\/wp\/v2\/product_cat?post=241107"},{"taxonomy":"product_tag","embeddable":true,"href":"https:\/\/linkxa.es\/linkshop\/wp-json\/wp\/v2\/product_tag?post=241107"}],"curies":[{"name":"wp","href":"https:\/\/api.w.org\/{rel}","templated":true}]}}