{"id":241117,"date":"2025-05-02T15:51:10","date_gmt":"2025-05-02T15:51:10","guid":{"rendered":"https:\/\/linkxa.es\/contratacion\/producto\/movil-apple-iphone-16e-512gb-black\/"},"modified":"2026-03-31T21:16:30","modified_gmt":"2026-03-31T21:16:30","slug":"movil-apple-iphone-16e-512gb-black","status":"publish","type":"product","link":"https:\/\/linkxa.es\/linkshop\/producto\/movil-apple-iphone-16e-512gb-black\/","title":{"rendered":"Movil apple iphone 16e 512gb black"},"content":{"rendered":"<div style=\"text-align: center; margin-bottom: 20px;\">\n<h2 style=\"font-size: 22px; font-weight: 600; margin: 0; color: #333;\">Apple\u00a0|\u00a0 Smartphones<\/h2>\n<p><strong>Movil apple iphone 16e 512gb black<\/strong><\/p>\n<\/div>\n<p style=\"max-width: 700px; margin: 0px auto 30px; font-size: 18px; line-height: 1.6; color: #555555; font-style: italic; text-align: left;\">-NOMBRE DEL PRODUCTO\u00a0<br \/>Smartphone Apple A3409 512 GB Negro\u00a0<\/p>\n<p>-MODELO\u00a0<br \/>A3409\u00a0<\/p>\n<p>-COLOR\u00a0<br \/>Negro\u00a0<\/p>\n<p>-MATERIAL DEL CUERPO\u00a0<br \/>Vidrio y aluminio de grado aeroespacial\u00a0<\/p>\n<p>-DIMENSIONES Y PESO\u00a0<br \/>Altura: 146.7 mm\u00a0<br \/>Anchura: 71.5 mm\u00a0<br \/>Profundidad: 7.8 mm\u00a0<br \/>Peso: 167 g\u00a0<\/p>\n<p>-PROTECCI\u00d3N\u00a0<br \/>Resistencia al agua: hasta 6 m (IP68)\u00a0<br \/>Resistente al polvo y a salpicaduras\u00a0<\/p>\n<p>-MEMORIA INTERNA\u00a0<br \/>512 GB\u00a0<\/p>\n<p>-PANTALLA\u00a0<br \/>Tipo: OLED\u00a0<br \/>Tama\u00f1o: 6.1&#8243;\u00a0<br \/>Resoluci\u00f3n: 2532 x 1170 p\u00edxeles\u00a0<br \/>Densidad de p\u00edxeles: 460 ppi\u00a0<br \/>Relaci\u00f3n de contraste: 2,000,000:1\u00a0<br \/>Brillo m\u00e1ximo: 800 nits (HDR: hasta 1200 nits)\u00a0<br \/>Tecnolog\u00eda: Super Retina XDR\u00a0<br \/>HDR: Dolby Vision, HDR10, HLG\u00a0<br \/>Protecci\u00f3n: Ceramic Shield, revestimiento oleof\u00f3bico\u00a0<br \/>Funciones: Display Zoom, True Tone, Haptic Touch, gama de colores P3\u00a0<\/p>\n<p>-PROCESADOR\u00a0<br \/>Chip: Apple A18\u00a0<br \/>N\u00facleos: 6\u00a0<br \/>M\u00f3dem: Apple C1\u00a0<\/p>\n<p>-SISTEMA OPERATIVO\u00a0<br \/>iOS 18\u00a0<\/p>\n<p>-CONECTIVIDAD\u00a0<br \/>Wi-Fi 6 (802.11ax)\u00a0<br \/>Bluetooth 5.3\u00a0<br \/>NFC\u00a0<br \/>USB-C (24 pines)\u00a0<br \/>Apple Pay\u00a0<\/p>\n<p>-RED M\u00d3VIL\u00a0<br \/>Dual SIM: Nano SIM + eSIM\u00a0<br \/>Compatibilidad 2G\/3G\/4G LTE\/5G\u00a0<br \/>Bandas 5G NR: n1, n2, n3, n5, n7, n8, n20, n28, n38, n41, n66, n70, n75, n76, n77, n78, n79, n40, n25, n12, n48, n26, n30, n53\u00a0<br \/>Bandas LTE: banda 1 a banda 53\u00a0<br \/>Tecnolog\u00edas: EDGE, HSPA+, VoLTE, LTE Gigabit, TD-LTE, 5G NR FR1\u00a0<\/p>\n<p>-NAVEGACI\u00d3N\u00a0<br \/>GPS, GLONASS, Galileo, BeiDou, QZSS, NavIC\u00a0<\/p>\n<p>-BATER\u00cdA\u00a0<br \/>Tecnolog\u00eda: Ion de litio\u00a0<br \/>Carga r\u00e1pida: S\u00ed (Apple Fast Charging)\u00a0<br \/>Carga inal\u00e1mbrica: S\u00ed (Qi)\u00a0<br \/>Autonom\u00eda:\u00a0<br \/>&#8211; Audio: hasta 90 h\u00a0<br \/>&#8211; V\u00eddeo: hasta 26 h\u00a0<br \/>&#8211; Streaming de v\u00eddeo: hasta 21 h\u00a0<\/p>\n<p>-C\u00c1MARA PRINCIPAL\u00a0<br \/>Resoluci\u00f3n: 48 MP\u00a0<br \/>Apertura: f\/1.6\u00a0<br \/>Zoom \u00f3ptico: 2x\u00a0<br \/>Zoom digital: 10x\u00a0<br \/>Estabilizador \u00f3ptico (OIS)\u00a0<br \/>Modos: noche, retrato, panor\u00e1mica, c\u00e1mara lenta, modo r\u00e1faga\u00a0<br \/>V\u00eddeo: 4K hasta 60 fps, Dolby Vision, HEVC, grabaci\u00f3n est\u00e9reo\u00a0<br \/>Funciones: Smart HDR 5, Photonic Engine, Deep Fusion, QuickTake, Zoom de audio, enfoque autom\u00e1tico continuo, tapa de lente de cristal de zafiro\u00a0<\/p>\n<p>-C\u00c1MARA FRONTAL\u00a0<br \/>Resoluci\u00f3n: 12 MP\u00a0<br \/>Apertura: f\/1.9\u00a0<br \/>Flash Retina\u00a0<br \/>Funciones: Modo retrato, Smart HDR 5, Memoji, Animoji, TrueDepth, estabilizaci\u00f3n de v\u00eddeo Cinematic\u00a0<br \/>V\u00eddeo: 4K hasta 60 fps, Dolby Vision, c\u00e1mara lenta, estabilizaci\u00f3n\u00a0<\/p>\n<p>-SEGURIDAD Y SENSORES\u00a0<br \/>Tecnolog\u00eda de seguridad: Face ID\u00a0<br \/>Sensores: aceler\u00f3metro, giroscopio, bar\u00f3metro, sensor de proximidad, sensor dual de luz ambiental, br\u00fajula digital\u00a0<\/p>\n<p>-FUNCIONES ADICIONALES\u00a0<br \/>Asistente: Siri\u00a0<br \/>Compatibilidad con llamadas v\u00eda Wi-Fi, Apple TV, iBeacon\u00a0<br \/>Detecci\u00f3n de golpes, SOS satelital, bot\u00f3n de acci\u00f3n\u00a0<br \/>AirPlay Mirroring HDR en 4K\u00a0<br \/>Funciones de accesibilidad: VoiceOver, Zoom, Live Speech, Type to Siri, Spoken Content\u00a0<br \/>FaceTime HD 1080p, SharePlay, Modo retrato en videollamadas\u00a0<\/p>\n<p>-IDIOMAS DE PANTALLA\u00a0<br \/>Soporte para m\u00e1s de 30 idiomas\u00a0<\/p>\n<p>-ACCESORIOS INCLUIDOS\u00a0<br \/>Cable USB-C a USB-C (1 m)\u00a0<\/p>\n<p>-CERTIFICACIONES Y SOSTENIBILIDAD\u00a0<br \/>Certificaci\u00f3n: IP68, EPEAT Gold\u00a0<br \/>Contenido reciclado del producto: 30 %\u00a0<br \/>Contenido reciclado del paquete: 100 %\u00a0<br \/>Materiales de tierras raras reciclados: 100 %\u00a0<br \/>Huella de carbono: 62 kg CO?\u00a0<br \/>Sin BFR, PVC, mercurio ni ars\u00e9nico\u00a0<\/p>\n<p>-GARANT\u00cdA\u00a0<br \/>Garant\u00eda limitada: 1 a\u00f1o\u00a0<br \/>Soporte t\u00e9cnico: 90 d\u00edas\u00a0<\/p>\n","protected":false},"excerpt":{"rendered":"<p>Movil apple iphone 16e 512gb black<\/p>\n","protected":false},"featured_media":230251,"comment_status":"open","ping_status":"open","template":"","meta":{"_et_pb_use_builder":"","_et_pb_old_content":"","_et_gb_content_width":""},"product_brand":[2061],"product_cat":[4524,2058,2063,2062],"product_tag":[2064,2067,2066],"class_list":{"0":"post-241117","1":"product","2":"type-product","3":"status-publish","4":"has-post-thumbnail","6":"product_brand-apple","7":"product_cat-apple-smartphones","8":"product_cat-dispositivos","9":"product_cat-smartphones","10":"product_cat-telefonia","11":"product_tag-apple","12":"product_tag-smartphones","13":"product_tag-telefonia","14":"product_shipping_class-2059","15":"pa_canon-digital-impuesto-incluido-de-325-e","16":"pa_categoria-telefonia","17":"pa_marca-apple","18":"pa_referencia-dsp0000031100","20":"first","21":"instock","22":"sale","23":"taxable","24":"shipping-taxable","25":"purchasable","26":"product-type-simple"},"_links":{"self":[{"href":"https:\/\/linkxa.es\/linkshop\/wp-json\/wp\/v2\/product\/241117","targetHints":{"allow":["GET"]}}],"collection":[{"href":"https:\/\/linkxa.es\/linkshop\/wp-json\/wp\/v2\/product"}],"about":[{"href":"https:\/\/linkxa.es\/linkshop\/wp-json\/wp\/v2\/types\/product"}],"replies":[{"embeddable":true,"href":"https:\/\/linkxa.es\/linkshop\/wp-json\/wp\/v2\/comments?post=241117"}],"wp:featuredmedia":[{"embeddable":true,"href":"https:\/\/linkxa.es\/linkshop\/wp-json\/wp\/v2\/media\/230251"}],"wp:attachment":[{"href":"https:\/\/linkxa.es\/linkshop\/wp-json\/wp\/v2\/media?parent=241117"}],"wp:term":[{"taxonomy":"product_brand","embeddable":true,"href":"https:\/\/linkxa.es\/linkshop\/wp-json\/wp\/v2\/product_brand?post=241117"},{"taxonomy":"product_cat","embeddable":true,"href":"https:\/\/linkxa.es\/linkshop\/wp-json\/wp\/v2\/product_cat?post=241117"},{"taxonomy":"product_tag","embeddable":true,"href":"https:\/\/linkxa.es\/linkshop\/wp-json\/wp\/v2\/product_tag?post=241117"}],"curies":[{"name":"wp","href":"https:\/\/api.w.org\/{rel}","templated":true}]}}