{"id":241120,"date":"2025-06-15T08:54:48","date_gmt":"2025-06-15T08:54:48","guid":{"rendered":"https:\/\/linkxa.es\/contratacion\/producto\/movil-spc-discovery-3-pro-8\/"},"modified":"2026-03-31T21:17:05","modified_gmt":"2026-03-31T21:17:05","slug":"movil-spc-discovery-3-pro-8","status":"publish","type":"product","link":"https:\/\/linkxa.es\/linkshop\/producto\/movil-spc-discovery-3-pro-8\/","title":{"rendered":"Movil spc discovery 3 pro 8"},"content":{"rendered":"<div style=\"text-align: center; margin-bottom: 20px;\">\n<h2 style=\"font-size: 22px; font-weight: 600; margin: 0; color: #333;\">Spc\u00a0|\u00a0 Smartphones<\/h2>\n<p><strong>Movil spc discovery 3 pro 8 &#8211; 256gb lunar mist<\/strong><\/p>\n<\/div>\n<p style=\"max-width: 700px; margin: 0px auto 30px; font-size: 18px; line-height: 1.6; color: #555555; font-style: italic; text-align: left;\">Caracter\u00edsticas de la SPC Discovery 3 Pro<br \/>El SPC Discovery 3 Pro es un smartphone equilibrado y moderno, ideal para usuarios que buscan un equipo completo a buen precio. Con su gran pantalla de 6.7&#8243;, un procesador potente y una generosa bater\u00eda, est\u00e1 dise\u00f1ado para un uso diario intensivo: redes sociales, v\u00eddeo, fotograf\u00eda y productividad ligera.<br \/>Pantalla inmersiva y fluida<br \/>Disfruta de una experiencia visual envolvente gracias a su pantalla IPS LTPS InCell de 6.7&#8243; en formato 20:9, perfecta para v\u00eddeos y navegaci\u00f3n. La tasa de refresco de 120\u00a0Hz garantiza una fluidez superior.<\/p>\n<p>Resoluci\u00f3n HD+ (1600\u00a0x\u00a0720), 260\u00a0ppi<br \/>Protecci\u00f3n Panda integrada<br \/>Multit\u00e1ctil y aceler\u00f3metro<\/p>\n<p>\u00a0Rendimiento sin l\u00edmites<br \/>Equipa el procesador Mediatek Helio G81 octa-core a 2\u00a0GHz con GPU Mali-G57 MP2, ideal para multitarea, gaming casual y consumo multimedia.<\/p>\n<p>Sistema operativo: Android\u00a014 con Google Mobile Services<br \/>Memoria RAM: 8\u00a0GB<br \/>Almacenamiento interno: 256\u00a0GB, ampliable hasta 256\u00a0GB extra<\/p>\n<p>C\u00e1mara y v\u00eddeo de calidad<br \/>Capta detalles con su c\u00e1mara trasera triple y selfies n\u00edtidos. Perfecto para contenido en redes sociales y videollamadas.<\/p>\n<p>C\u00e1mara trasera: 50\u00a0Mpx + 2\u00a0Mpx macro + VGA<br \/>C\u00e1mara frontal: 32\u00a0Mpx<br \/>Grabaci\u00f3n de v\u00eddeo 2K en FHD + flash LED<\/p>\n<p>Autonom\u00eda y carga r\u00e1pida<br \/>Su bater\u00eda de 5\u00a0000\u00a0mAh proporciona jornada completa sin preocupaciones y gracias a la carga r\u00e1pida de 33\u00a0W podr\u00e1s volver a usarlo en poco tiempo.<\/p>\n<p>Conexi\u00f3n USB-C con USB OTG<br \/>Carga r\u00e1pida 33\u00a0W<\/p>\n<p>Conectividad completa<br \/>Perfecto para estar siempre conectado, incluso en el extranjero.<\/p>\n<p>Redes 4G\/3G\/2G compatibles<br \/>Wi-Fi 5 (2.4 + 5 GHz) y Bluetooth 5.0<br \/>Dual SIM + eSIM, GPS\/A-GPS, Radio FM y NFC<\/p>\n<p>Seguridad biom\u00e9trica<br \/>Accede al dispositivo de forma r\u00e1pida y segura.<\/p>\n<p>Desbloqueo por huella digital<br \/>Desbloqueo facial<\/p>\n<p>Dise\u00f1o pr\u00e1ctico y ligero<br \/>Con un dise\u00f1o cuidado y dimensiones contenidas, el Discovery\u00a03\u00a0Pro es c\u00f3modo de manejar y transportar.<\/p>\n<p>Medidas: 166,3 x 77,8 x 8,6\u00a0mm<br \/>Peso: 196\u00a0g<\/p>\n<p>Contenido del paquete<\/p>\n<p>Smartphone SPC Discovery 3 Pro<br \/>Manual de usuario<br \/>Cable USB-C<\/p>\n<p>Otras especificaciones<\/p>\n<p>Modelo: 25288256L<br \/>Tarjeta gr\u00e1fica: Mali\u00a0G57\u00a0MP2<br \/>Grabaci\u00f3n de v\u00eddeo: FHD 2K<br \/>Bater\u00eda de iones de litio<br \/>Radio FM integrada<\/p>\n","protected":false},"excerpt":{"rendered":"<p>Movil spc discovery 3 pro 8 &#8211; 256gb lunar mist<\/p>\n","protected":false},"featured_media":241121,"comment_status":"open","ping_status":"open","template":"","meta":{"_et_pb_use_builder":"","_et_pb_old_content":"","_et_gb_content_width":""},"product_brand":[2127],"product_cat":[2058,2063,4618,2062],"product_tag":[2067,2128,2066],"class_list":{"0":"post-241120","1":"product","2":"type-product","3":"status-publish","4":"has-post-thumbnail","6":"product_brand-spc","7":"product_cat-dispositivos","8":"product_cat-smartphones","9":"product_cat-spc-smartphones","10":"product_cat-telefonia","11":"product_tag-smartphones","12":"product_tag-spc","13":"product_tag-telefonia","14":"product_shipping_class-2059","15":"pa_canon-digital-impuesto-incluido-de-325-e","16":"pa_categoria-telefonia","17":"pa_marca-spc","18":"pa_peso-4662","19":"pa_referencia-dsp0000031945","21":"first","22":"instock","23":"sale","24":"taxable","25":"shipping-taxable","26":"purchasable","27":"product-type-simple"},"_links":{"self":[{"href":"https:\/\/linkxa.es\/linkshop\/wp-json\/wp\/v2\/product\/241120","targetHints":{"allow":["GET"]}}],"collection":[{"href":"https:\/\/linkxa.es\/linkshop\/wp-json\/wp\/v2\/product"}],"about":[{"href":"https:\/\/linkxa.es\/linkshop\/wp-json\/wp\/v2\/types\/product"}],"replies":[{"embeddable":true,"href":"https:\/\/linkxa.es\/linkshop\/wp-json\/wp\/v2\/comments?post=241120"}],"wp:featuredmedia":[{"embeddable":true,"href":"https:\/\/linkxa.es\/linkshop\/wp-json\/wp\/v2\/media\/241121"}],"wp:attachment":[{"href":"https:\/\/linkxa.es\/linkshop\/wp-json\/wp\/v2\/media?parent=241120"}],"wp:term":[{"taxonomy":"product_brand","embeddable":true,"href":"https:\/\/linkxa.es\/linkshop\/wp-json\/wp\/v2\/product_brand?post=241120"},{"taxonomy":"product_cat","embeddable":true,"href":"https:\/\/linkxa.es\/linkshop\/wp-json\/wp\/v2\/product_cat?post=241120"},{"taxonomy":"product_tag","embeddable":true,"href":"https:\/\/linkxa.es\/linkshop\/wp-json\/wp\/v2\/product_tag?post=241120"}],"curies":[{"name":"wp","href":"https:\/\/api.w.org\/{rel}","templated":true}]}}