{"id":241336,"date":"2025-02-11T05:57:11","date_gmt":"2025-02-11T05:57:11","guid":{"rendered":"https:\/\/linkxa.es\/contratacion\/producto\/smartphone-movil-samsung-galaxy-xcover-5g\/"},"modified":"2026-03-31T21:30:35","modified_gmt":"2026-03-31T21:30:35","slug":"smartphone-movil-samsung-galaxy-xcover-5g","status":"publish","type":"product","link":"https:\/\/linkxa.es\/linkshop\/producto\/smartphone-movil-samsung-galaxy-xcover-5g\/","title":{"rendered":"Smartphone movil samsung galaxy xcover 5g"},"content":{"rendered":"<div style=\"text-align: center; margin-bottom: 20px;\">\n<h2 style=\"font-size: 22px; font-weight: 600; margin: 0; color: #333;\">Samsung\u00a0|\u00a0 Smartphones<\/h2>\n<p><strong>Smartphone movil samsung galaxy xcover 5g &#8211; 6gb &#8211; 128gb &#8211; 6.6 pulgadas &#8211; negro<\/strong><\/p>\n<\/div>\n<p style=\"max-width: 700px; margin: 0px auto 30px; font-size: 18px; line-height: 1.6; color: #555555; font-style: italic; text-align: left;\">Ficha T\u00e9cnica<br \/>General<br \/>Color del cuerpo<br \/>Negro<br \/>Peso<br \/>240 g<br \/>Profundidad<br \/>10.2 mm<br \/>Altura<br \/>169 mm<br \/>Protecci\u00f3n<br \/>Impermeable, resistente al polvo<br \/>Factor de forma<br \/>Toque &#8211; Endurecido<br \/>Anchura<br \/>80.1 mm<br \/>Tipo de producto<br \/>Smartphone<br \/>N\u00famero del modelo de fabricante<br \/>SM-G556B<br \/>Memoria<br \/>Memoria RAM<br \/>6 GB<br \/>Capacidad de memoria interna<br \/>128 GB<br \/>Memoria de usuario<br \/>109.7 GB<br \/>Tarjetas de memoria flash compatibles<br \/>microSDHC, microSD, microSDXC &#8211; hasta 1 TB<br \/>Diverso<br \/>Cumplimiento de normas<br \/>IP68, MIL-STD 810H<br \/>Procesador<br \/>Velocidad reloj<br \/>2.2 GHz<br \/>N\u00famero de n\u00facleos de procesador<br \/>8 n\u00facleos<br \/>Par\u00e1metros de entorno<br \/>Profundidad m\u00e1x. de resistencia al agua<br \/>1.5 m<br \/>Bater\u00eda<br \/>Capacidad<br \/>4050 mAh<br \/>Tiempo de conversaci\u00f3n<br \/>2280 minutos<br \/>Datos de tiempo de ejecuci\u00f3n<br \/>Uso en l\u00ednea activo (LTE): hasta 20 horas<br \/>Uso en l\u00ednea activo (Wi-Fi): hasta 21 horas<br \/>Reproducci\u00f3n (v\u00eddeo): hasta 18 horas<br \/>Reproducci\u00f3n (audio): hasta 85 horas<br \/>Hablar (4G): hasta 2280 minuto<br \/>Comunicaciones<br \/>Frecuencia 3G UMTS<br \/>2100, 1900, 1700, 850, 900<br \/>Banda 3G UMTS<br \/>Banda 1, Banda 2, Banda 4, Banda 5, Banda 8<br \/>Banda 4G LTE<br \/>Banda 1, Banda 2, Banda 3, Banda 4, Banda 5, Banda 7, Banda 8, Banda 12, Banda 13, Banda 17, Banda 20, Banda 26, Banda 28, Banda 32, Banda 38, Banda 40, Banda 41, Banda 66<br \/>Frecuencia 4G LTE<br \/>FDD 2100, FDD 1900 PCS, FDD 1800+, FDD 1700 &#8211; 2110 AWS, FDD 850, FDD 2600, FDD 900, FDD 700a, FDD 700c, FDD 700b, FDD 800 DD, FDD 850+, FDD 700 APT, FDD 1500 L, TDD 2600, TDD 2300, TDD 2500, FDD<br \/>1700 &#8211; 2110 AWS-3<br \/>Banda 2G<br \/>850 GSM, 900 GSM, 1800 GSM, 1900 GSM<br \/>Transmisi\u00f3n de datos<br \/>FDD-LTE, TDD-LTE, 5G NR<br \/>Interfaz inal\u00e1mbrica<br \/>NFC, IEEE 802.11a\/b\/g\/n\/ac, Bluetooth 5.3<br \/>Banda NR 5G<br \/>N1, n3, n5, n7, n8, n20, n28, n38, n41, n71, n77, n78, n40, n26<br \/>Frecuencia NR 5G<br \/>FDD 2100, FDD 1800, FDD 850, FDD 2600, FDD 900, FDD 800, FDD 700APT, TDD TD 2600, TDD TD 2500, FDD 600, TDD TD 3700, TDD TD 3500, TDD 2300, FDD 850<br \/>Conexiones<br \/>Tipo de conector<br \/>USB Type-C &#8211; 24 pin USB-C<br \/>Enchufe hembra para auriculares &#8211; minitel\u00e9fono de 3,5 mm<br \/>Pin con resorte<br \/>Caracter\u00edsticas del tel\u00e9fono<br \/>Dispositivos de seguridad<br \/>Reconocimiento facial<br \/>Sensores<br \/>Aceler\u00f3metro, sensor de proximidad, sensor girosc\u00f3pico, sensor geomagn\u00e9tico, sensor de luz<br \/>Caracter\u00edsticas adicionales<br \/>Glove Touchscreen Operation, Carga r\u00e1pida, Samsung KNOX, Tecla lateral programable, bater\u00eda extra\u00edble, Samsung Knox Vault, 5 a\u00f1os de actualizaciones de seguridad, Knox Capture, Samsung Knox Suite, compatible con<br \/>SmartThings, 4 generaciones de actualizaciones de SO<br \/>Visualizador<br \/>Frecuencia de actualizaci\u00f3n<br \/>60 Hz<br \/>Tipo<br \/>Pantalla LCD<br \/>Intensidad del color<br \/>16 million colors<br \/>Tecnolog\u00eda<br \/>PLS<br \/>Tama\u00f1o en diagonal<br \/>6.6&#8243;<br \/>Brillo m\u00e1ximo<br \/>600 cd\/m<br \/>Formato de visualizaci\u00f3n<br \/>Full HD+<br \/>Relaci\u00f3n de aspecto<br \/>20:9<br \/>Resoluci\u00f3n de pantalla<br \/>2408 x 1080 p\u00edxeles<br \/>Protecci\u00f3n<br \/>Corning Gorilla Glass Victus+ (cristal resistente a rayaduras)<br \/>Caracter\u00edsticas<br \/>Modo de alto brillo<br \/>Celular<br \/>Tecnolog\u00eda<br \/>WCDMA (UMTS) \/ GSM<br \/>Generaci\u00f3n de banda ancha<br \/>5G<br \/>Proveedor de servicios<br \/>Sin especificar<br \/>Dispositivo de entrada<br \/>Multitoque<br \/>Tipo de tarjeta SIM<br \/>Nano SIM<br \/>N.\u00ba de tarjetas SIM<br \/>SIM doble<br \/>Asistente inteligente<br \/>Bixby<br \/>Navegaci\u00f3n<br \/>GPS, GLONASS, BeiDou, Galileo, QZSS<br \/>Sistema operativo<br \/>Android 14<br \/>Reproductor de medios<br \/>Mejoras de sonido<br \/>Tecnolog\u00eda de sonido Dolby Atmos<br \/>Normas de audio digital admitidas<br \/>WAV, WMA, AAC, AMR, MP3, FLAC, XMF, OGG, MIDI, M4A, MXMF, OGA, 3GA, AWB, IMY, RTTTL, RTX, OTA, MID<br \/>Normas de v\u00eddeo digital compatibles<br \/>MKV, FLV, AVI, WMV, ASF, 3GP, M4V, WebM, 3G2, MP4<br \/>C\u00e1mara frontal<br \/>Apertura del objetivo<br \/>F\/2.0<br \/>Resoluci\u00f3n del sensor<br \/>5 Megap\u00edxeles<br \/>C\u00e1mara principal<br \/>Zoom digital<br \/>10x<br \/>Ajuste de enfoque<br \/>Autom\u00e1tico<br \/>Apertura de la lente<br \/>F\/1.8<br \/>Tipo de objetivo<br \/>Objetivo gran angular<br \/>Fuente de luz<br \/>Flash LED doble<br \/>Resoluci\u00f3n del sensor<br \/>50 megap\u00edxeles<br \/>Resoluciones de v\u00eddeo<br \/>1920 x 1080 (1080p) at 30 fps, V\u00eddeo en c\u00e1mara lenta 1280 x 720 (720p) a 120 fps<br \/>Informaci\u00f3n de sostenibilidad<br \/>\u00cdndice de reparabilidad<br \/>8.6 (de cada 10)<\/p>\n","protected":false},"excerpt":{"rendered":"<p>Smartphone movil samsung galaxy xcover 5g &#8211; 6gb &#8211; 128gb &#8211; 6.6 pulgadas &#8211; negro<\/p>\n","protected":false},"featured_media":230497,"comment_status":"open","ping_status":"open","template":"","meta":{"_et_pb_use_builder":"","_et_pb_old_content":"","_et_gb_content_width":""},"product_brand":[2072],"product_cat":[2058,4517,2063,2062],"product_tag":[2073,2067,2066],"class_list":{"0":"post-241336","1":"product","2":"type-product","3":"status-publish","4":"has-post-thumbnail","6":"product_brand-samsung","7":"product_cat-dispositivos","8":"product_cat-samsung","9":"product_cat-smartphones","10":"product_cat-telefonia","11":"product_tag-samsung","12":"product_tag-smartphones","13":"product_tag-telefonia","14":"product_shipping_class-2059","15":"pa_canon-digital-impuesto-incluido-de-325-e","16":"pa_categoria-telefonia","17":"pa_marca-samsung","18":"pa_peso-4546","19":"pa_referencia-mgs0000023692","21":"first","22":"instock","23":"sale","24":"taxable","25":"shipping-taxable","26":"purchasable","27":"product-type-simple"},"_links":{"self":[{"href":"https:\/\/linkxa.es\/linkshop\/wp-json\/wp\/v2\/product\/241336","targetHints":{"allow":["GET"]}}],"collection":[{"href":"https:\/\/linkxa.es\/linkshop\/wp-json\/wp\/v2\/product"}],"about":[{"href":"https:\/\/linkxa.es\/linkshop\/wp-json\/wp\/v2\/types\/product"}],"replies":[{"embeddable":true,"href":"https:\/\/linkxa.es\/linkshop\/wp-json\/wp\/v2\/comments?post=241336"}],"wp:featuredmedia":[{"embeddable":true,"href":"https:\/\/linkxa.es\/linkshop\/wp-json\/wp\/v2\/media\/230497"}],"wp:attachment":[{"href":"https:\/\/linkxa.es\/linkshop\/wp-json\/wp\/v2\/media?parent=241336"}],"wp:term":[{"taxonomy":"product_brand","embeddable":true,"href":"https:\/\/linkxa.es\/linkshop\/wp-json\/wp\/v2\/product_brand?post=241336"},{"taxonomy":"product_cat","embeddable":true,"href":"https:\/\/linkxa.es\/linkshop\/wp-json\/wp\/v2\/product_cat?post=241336"},{"taxonomy":"product_tag","embeddable":true,"href":"https:\/\/linkxa.es\/linkshop\/wp-json\/wp\/v2\/product_tag?post=241336"}],"curies":[{"name":"wp","href":"https:\/\/api.w.org\/{rel}","templated":true}]}}