{"id":241522,"date":"2025-08-30T20:28:01","date_gmt":"2025-08-30T20:28:01","guid":{"rendered":"https:\/\/linkxa.es\/contratacion\/producto\/movil-apple-iphone-16e-256gb-black-2\/"},"modified":"2026-03-31T21:47:56","modified_gmt":"2026-03-31T21:47:56","slug":"movil-apple-iphone-16e-256gb-black-2","status":"publish","type":"product","link":"https:\/\/linkxa.es\/linkshop\/producto\/movil-apple-iphone-16e-256gb-black-2\/","title":{"rendered":"Movil apple iphone 16e 256gb black"},"content":{"rendered":"<div style=\"text-align: center; margin-bottom: 20px;\">\n<h2 style=\"font-size: 22px; font-weight: 600; margin: 0; color: #333;\">Apple\u00a0|\u00a0 Smartphones<\/h2>\n<p><strong>Movil apple iphone 16e 256gb black<\/strong><\/p>\n<\/div>\n<p style=\"max-width: 700px; margin: 0px auto 30px; font-size: 18px; line-height: 1.6; color: #555555; font-style: italic; text-align: left;\">-NOMBRE DEL PRODUCTO\u00a0<br \/>Smartphone Apple A3409 256 GB Negro\u00a0<\/p>\n<p>-MODELO\u00a0<br \/>A3409\u00a0<\/p>\n<p>-COLOR\u00a0<br \/>Negro\u00a0<\/p>\n<p>-MATERIAL DEL CUERPO\u00a0<br \/>Vidrio y aluminio de grado aeroespacial\u00a0<\/p>\n<p>-DIMENSIONES Y PESO\u00a0<br \/>Altura: 146.7 mm\u00a0<br \/>Anchura: 71.5 mm\u00a0<br \/>Profundidad: 7.8 mm\u00a0<br \/>Peso: 167 g\u00a0<\/p>\n<p>-PROTECCI\u00d3N\u00a0<br \/>Resistente al agua (hasta 6 m), al polvo y a salpicaduras (certificaci\u00f3n IP68 &#8211; IEC 60529)\u00a0<\/p>\n<p>-MEMORIA INTERNA\u00a0<br \/>256 GB\u00a0<\/p>\n<p>-PANTALLA\u00a0<br \/>Tipo: OLED\u00a0<br \/>Tama\u00f1o: 6.1 pulgadas\u00a0<br \/>Resoluci\u00f3n: 2532 x 1170 p\u00edxeles\u00a0<br \/>Densidad de p\u00edxeles: 460 ppi\u00a0<br \/>Relaci\u00f3n de contraste: 2,000,000:1\u00a0<br \/>Brillo m\u00e1ximo: 800 nits (HDR hasta 1200 nits)\u00a0<br \/>Tecnolog\u00edas: Super Retina XDR, True Tone, Dolby Vision, HDR10, HLG\u00a0<br \/>Protecci\u00f3n: Ceramic Shield y revestimiento oleof\u00f3bico\u00a0<br \/>Otras funciones: Display Zoom, Haptic Touch, amplia gama de colores (P3)\u00a0<\/p>\n<p>-PROCESADOR\u00a0<br \/>Chip: Apple A18\u00a0<br \/>N\u00facleos: 6\u00a0<br \/>M\u00f3dem: Apple C1\u00a0<\/p>\n<p>-SISTEMA OPERATIVO\u00a0<br \/>iOS 18\u00a0<\/p>\n<p>-CONECTIVIDAD\u00a0<br \/>Wi-Fi 6 (802.11ax)\u00a0<br \/>Bluetooth 5.3\u00a0<br \/>NFC\u00a0<br \/>USB Type-C (24 pines)\u00a0<br \/>Tecnolog\u00eda MIMO\u00a0<br \/>Apple Pay\u00a0<\/p>\n<p>-COMPATIBILIDAD DE RED\u00a0<br \/>Dual SIM: Nano SIM + eSIM\u00a0<br \/>Redes: 2G, 3G, 4G LTE, 5G NR\u00a0<br \/>Banda ancha m\u00f3vil: 5G\u00a0<\/p>\n<p>-NAVEGACI\u00d3N\u00a0<br \/>GPS, GLONASS, Galileo, QZSS, BeiDou, NavIC\u00a0<\/p>\n<p>-SEGURIDAD\u00a0<br \/>ID facial (Face ID)\u00a0<\/p>\n<p>-SENSORES\u00a0<br \/>Aceler\u00f3metro de alta g\u00a0<br \/>Giroscopio de alto rango din\u00e1mico\u00a0<br \/>Sensor de proximidad\u00a0<br \/>Br\u00fajula digital\u00a0<br \/>Sensor dual de luz ambiental\u00a0<br \/>Bar\u00f3metro\u00a0<\/p>\n<p>-BATER\u00cdA\u00a0<br \/>Tecnolog\u00eda: Ion de litio\u00a0<br \/>Carga r\u00e1pida: S\u00ed (tecnolog\u00eda Apple)\u00a0<br \/>Carga inal\u00e1mbrica: S\u00ed (Qi)\u00a0<br \/>Autonom\u00eda:\u00a0<br \/>&#8211; Reproducci\u00f3n de audio: hasta 90 horas\u00a0<br \/>&#8211; Reproducci\u00f3n de video: hasta 26 horas\u00a0<br \/>&#8211; Streaming de video: hasta 21 horas\u00a0<\/p>\n<p>-C\u00c1MARA PRINCIPAL\u00a0<br \/>Resoluci\u00f3n: 48 MP\u00a0<br \/>Apertura: f\/1.6\u00a0<br \/>Zoom \u00f3ptico: 2x\u00a0<br \/>Zoom digital: 10x\u00a0<br \/>Funciones:\u00a0<br \/>&#8211; Smart HDR 5\u00a0<br \/>&#8211; Deep Fusion\u00a0<br \/>&#8211; Photonic Engine\u00a0<br \/>&#8211; Estabilizaci\u00f3n \u00f3ptica (OIS)\u00a0<br \/>&#8211; Modo retrato, noche, panor\u00e1mico, c\u00e1mara lenta\u00a0<br \/>&#8211; Grabaci\u00f3n de v\u00eddeo 4K hasta 60 fps, Dolby Vision, HEVC\u00a0<br \/>&#8211; Audio espacial, grabaci\u00f3n en est\u00e9reo\u00a0<\/p>\n<p>-C\u00c1MARA FRONTAL\u00a0<br \/>Resoluci\u00f3n: 12 MP\u00a0<br \/>Apertura: f\/1.9\u00a0<br \/>Funciones:\u00a0<br \/>&#8211; Smart HDR 5\u00a0<br \/>&#8211; TrueDepth\u00a0<br \/>&#8211; Flash Retina\u00a0<br \/>&#8211; Estilos fotogr\u00e1ficos\u00a0<br \/>&#8211; Grabaci\u00f3n 4K hasta 60 fps\u00a0<br \/>&#8211; Modo retrato, c\u00e1mara lenta, Deep Fusion\u00a0<br \/>&#8211; Audio espacial y grabaci\u00f3n en est\u00e9reo\u00a0<\/p>\n<p>-FUNCIONALIDADES ADICIONALES\u00a0<br \/>Siri\u00a0<br \/>Llamadas Wi-Fi\u00a0<br \/>Detecci\u00f3n de golpes\u00a0<br \/>SOS y asistencia v\u00eda sat\u00e9lite\u00a0<br \/>FaceTime HD 1080p\u00a0<br \/>SharePlay\u00a0<br \/>AirPlay Mirroring 4K HDR\u00a0<br \/>Bot\u00f3n de acci\u00f3n\u00a0<br \/>Compatibilidad con Apple TV (2.\u00aa gen o posterior)\u00a0<br \/>Accesibilidad: VoiceOver, AssistiveTouch, Zoom, Live Captions, etc.\u00a0<\/p>\n<p>-ACCESORIOS INCLUIDOS\u00a0<br \/>Cable USB-C a USB-C (1 metro)\u00a0<\/p>\n<p>-CERTIFICACIONES Y SOSTENIBILIDAD\u00a0<br \/>Certificaci\u00f3n EPEAT Gold\u00a0<br \/>Contenido reciclado del producto: 30 %\u00a0<br \/>Contenido reciclado del paquete: 100 % fibra reciclada\u00a0<br \/>Materiales de tierras raras recicladas: 100 %\u00a0<br \/>Huella de carbono: 52 kg CO?\u00a0<br \/>Libre de BFR, PVC, mercurio y ars\u00e9nico\u00a0<\/p>\n<p>-GARANT\u00cdA\u00a0<br \/>Garant\u00eda limitada: 1 a\u00f1o\u00a0<br \/>Soporte t\u00e9cnico: 90 d\u00edas\u00a0<\/p>\n","protected":false},"excerpt":{"rendered":"<p>Movil apple iphone 16e 256gb black<\/p>\n","protected":false},"featured_media":230080,"comment_status":"open","ping_status":"open","template":"","meta":{"_et_pb_use_builder":"","_et_pb_old_content":"","_et_gb_content_width":""},"product_brand":[2061],"product_cat":[4524,2058,2063,2062],"product_tag":[2064,2067,2066],"class_list":{"0":"post-241522","1":"product","2":"type-product","3":"status-publish","4":"has-post-thumbnail","6":"product_brand-apple","7":"product_cat-apple-smartphones","8":"product_cat-dispositivos","9":"product_cat-smartphones","10":"product_cat-telefonia","11":"product_tag-apple","12":"product_tag-smartphones","13":"product_tag-telefonia","14":"product_shipping_class-2059","15":"pa_canon-digital-impuesto-incluido-de-325-e","16":"pa_categoria-telefonia","17":"pa_marca-apple","18":"pa_peso-4765","19":"pa_referencia-dsp0000031099","21":"first","22":"instock","23":"sale","24":"taxable","25":"shipping-taxable","26":"purchasable","27":"product-type-simple"},"_links":{"self":[{"href":"https:\/\/linkxa.es\/linkshop\/wp-json\/wp\/v2\/product\/241522","targetHints":{"allow":["GET"]}}],"collection":[{"href":"https:\/\/linkxa.es\/linkshop\/wp-json\/wp\/v2\/product"}],"about":[{"href":"https:\/\/linkxa.es\/linkshop\/wp-json\/wp\/v2\/types\/product"}],"replies":[{"embeddable":true,"href":"https:\/\/linkxa.es\/linkshop\/wp-json\/wp\/v2\/comments?post=241522"}],"wp:featuredmedia":[{"embeddable":true,"href":"https:\/\/linkxa.es\/linkshop\/wp-json\/wp\/v2\/media\/230080"}],"wp:attachment":[{"href":"https:\/\/linkxa.es\/linkshop\/wp-json\/wp\/v2\/media?parent=241522"}],"wp:term":[{"taxonomy":"product_brand","embeddable":true,"href":"https:\/\/linkxa.es\/linkshop\/wp-json\/wp\/v2\/product_brand?post=241522"},{"taxonomy":"product_cat","embeddable":true,"href":"https:\/\/linkxa.es\/linkshop\/wp-json\/wp\/v2\/product_cat?post=241522"},{"taxonomy":"product_tag","embeddable":true,"href":"https:\/\/linkxa.es\/linkshop\/wp-json\/wp\/v2\/product_tag?post=241522"}],"curies":[{"name":"wp","href":"https:\/\/api.w.org\/{rel}","templated":true}]}}