{"id":241624,"date":"2025-10-08T08:37:39","date_gmt":"2025-10-08T08:37:39","guid":{"rendered":"https:\/\/linkxa.es\/contratacion\/producto\/movil-xiaomi-redmi-note-14-5g-3\/"},"modified":"2026-03-31T21:55:16","modified_gmt":"2026-03-31T21:55:16","slug":"movil-xiaomi-redmi-note-14-5g-3","status":"publish","type":"product","link":"https:\/\/linkxa.es\/linkshop\/producto\/movil-xiaomi-redmi-note-14-5g-3\/","title":{"rendered":"Movil xiaomi redmi note 14 5g"},"content":{"rendered":"<div style=\"text-align: center; margin-bottom: 20px;\">\n<h2 style=\"font-size: 22px; font-weight: 600; margin: 0; color: #333;\">Xiaomi\u00a0|\u00a0 Smartphones<\/h2>\n<p><strong>Movil xiaomi redmi note 14 5g 8 &#8211; 256gb negro<\/strong><\/p>\n<\/div>\n<p style=\"max-width: 700px; margin: 0px auto 30px; font-size: 18px; line-height: 1.6; color: #555555; font-style: italic; text-align: left;\">&#8211; **PANTALLA**\u00a0<br \/>\u00a0 &#8211; Tipo: AMOLED de 6,67&#8243;\u00a0<br \/>\u00a0 &#8211; Resoluci\u00f3n: 2400 x 1080 p\u00edxeles (FHD+)\u00a0<br \/>\u00a0 &#8211; Tasa de refresco: hasta 120 Hz\u00a0<br \/>\u00a0 &#8211; Frecuencia de muestreo t\u00e1ctil: 240 Hz\u00a0<br \/>\u00a0 &#8211; Brillo m\u00e1ximo: 2100 nits\u00a0<br \/>\u00a0 &#8211; Brillo HBM: 1200 nits\u00a0<br \/>\u00a0 &#8211; Profundidad de color: 8 bits\u00a0<br \/>\u00a0 &#8211; Relaci\u00f3n de contraste: 5 000 000:1\u00a0<br \/>\u00a0 &#8211; Protecci\u00f3n: Corning\u00ae Gorilla\u00ae Glass 5\u00a0<br \/>\u00a0 &#8211; Otras caracter\u00edsticas:\u00a0<br \/>\u00a0\u00a0\u00a0 &#8211; Sunlight Display\u00a0<br \/>\u00a0\u00a0\u00a0 &#8211; Modo de lectura\u00a0<br \/>\u00a0\u00a0\u00a0 &#8211; Atenuaci\u00f3n PWM de 960 Hz\u00a0<br \/>\u00a0\u00a0\u00a0 &#8211; Certificaci\u00f3n T\u00dcV Rheinland y SGS para reducci\u00f3n de luz azul\u00a0<br \/>&#8211; **PROCESADOR**\u00a0<br \/>\u00a0 &#8211; Modelo: MediaTek Dimensity 7025-Ultra\u00a0<br \/>\u00a0 &#8211; Tecnolog\u00eda de fabricaci\u00f3n: 6 nm\u00a0<br \/>\u00a0 &#8211; CPU: 8 n\u00facleos, hasta 2,5 GHz\u00a0<br \/>\u00a0 &#8211; GPU: IMG BXM-8-256\u00a0<br \/>&#8211; **MEMORIA Y ALMACENAMIENTO**\u00a0<br \/>\u00a0 &#8211; RAM: 8 GB LPDDR4X\u00a0<br \/>\u00a0 &#8211; Almacenamiento interno: 256 GB UFS 2.2 (ampliable hasta 1 TB con microSD)\u00a0<br \/>&#8211; **C\u00c1MARAS**\u00a0<br \/>\u00a0 **C\u00e1mara trasera:**\u00a0<br \/>\u00a0 &#8211; C\u00e1mara triple de 108 MP + 8 MP + 2 MP\u00a0<br \/>\u00a0 &#8211; C\u00e1mara principal de 108 MP, f\/1.7, OIS, tama\u00f1o del sensor 1\/1,67&#8243;\u00a0<br \/>\u00a0 &#8211; C\u00e1mara ultra gran angular de 8 MP, f\/2.2\u00a0<br \/>\u00a0 &#8211; C\u00e1mara macro de 2 MP, f\/2.4\u00a0<br \/>\u00a0 &#8211; Zoom \u00f3ptico de 3x sin p\u00e9rdidas\u00a0<br \/>\u00a0 &#8211; Grabaci\u00f3n de v\u00eddeo:\u00a0<br \/>\u00a0\u00a0\u00a0 &#8211; 1080p a 30 fps\u00a0<br \/>\u00a0\u00a0\u00a0 &#8211; 720p a 30 fps\u00a0<br \/>\u00a0 **C\u00e1mara frontal:**\u00a0<br \/>\u00a0 &#8211; 20 MP, f\/2.2, sensor de 1\/4&#8243;\u00a0<br \/>\u00a0 &#8211; Grabaci\u00f3n de v\u00eddeo:\u00a0<br \/>\u00a0\u00a0\u00a0 &#8211; 1080p a 30 fps\u00a0<br \/>\u00a0\u00a0\u00a0 &#8211; 720p a 30 fps\u00a0<br \/>&#8211; **AUDIO**\u00a0<br \/>\u00a0 &#8211; Dos altavoces est\u00e9reo\u00a0<br \/>\u00a0 &#8211; Dolby Atmos\u00ae\u00a0<br \/>\u00a0 &#8211; Conector para auriculares de 3,5 mm\u00a0<br \/>&#8211; **REDES**\u00a0<br \/>\u00a0 &#8211; 2G: GSM 850\/900\/1800\/1900 MHz\u00a0<br \/>\u00a0 &#8211; 3G: WCDMA B1\/2\/4\/5\/6\/8\/19\u00a0<br \/>\u00a0 &#8211; 4G LTE FDD: B1\/2\/3\/4\/5\/7\/8\/12\/13\/17\/18\/19\/20\/26\/28\/32\/66\u00a0<br \/>\u00a0 &#8211; 4G LTE TDD: B38\/40\/41\/42\/48\u00a0<br \/>\u00a0 &#8211; 5G: n1\/2\/3\/5\/7\/8\/12\/20\/26\/28\/38\/40\/41\/48\/66\/77\/78\u00a0<br \/>&#8211; **CONECTIVIDAD**\u00a0<br \/>\u00a0 &#8211; WiFi 5 (802.11 a\/b\/g\/n\/ac) 2,4 GHz \/ 5 GHz\u00a0<br \/>\u00a0 &#8211; Bluetooth 5.3\u00a0<br \/>\u00a0 &#8211; NFC\u00a0<br \/>\u00a0 &#8211; Puerto USB-C\u00a0<br \/>\u00a0 &#8211; Emisor de infrarrojos\u00a0<br \/>&#8211; **NAVEGACI\u00d3N Y POSICIONAMIENTO**\u00a0<br \/>\u00a0 &#8211; GPS (L1)\u00a0<br \/>\u00a0 &#8211; GLONASS (G1)\u00a0<br \/>\u00a0 &#8211; BDS (B1I)\u00a0<br \/>\u00a0 &#8211; Galileo (E1)\u00a0<br \/>&#8211; **SEGURIDAD**\u00a0<br \/>\u00a0 &#8211; Sensor de huellas dactilares en pantalla\u00a0<br \/>\u00a0 &#8211; Desbloqueo facial con AI\u00a0<br \/>&#8211; **SENSORES**\u00a0<br \/>\u00a0 &#8211; Sensor de proximidad virtual\u00a0<br \/>\u00a0 &#8211; Sensor de luz ambiental\u00a0<br \/>\u00a0 &#8211; Aceler\u00f3metro\u00a0<br \/>\u00a0 &#8211; Br\u00fajula electr\u00f3nica\u00a0<br \/>\u00a0 &#8211; Giroscopio\u00a0<br \/>\u00a0 &#8211; Emisor de infrarrojos\u00a0<br \/>&#8211; **DISE\u00d1O Y DURABILIDAD**\u00a0<br \/>\u00a0 &#8211; Certificaci\u00f3n IP64 (resistencia al polvo y salpicaduras)\u00a0<br \/>\u00a0 &#8211; Dimensiones: 162,4 x 75,7 x 7,99 mm\u00a0<br \/>\u00a0 &#8211; Peso: 190 g\u00a0<br \/>&#8211; **BATER\u00cdA**\u00a0<br \/>\u00a0 &#8211; Capacidad: 5110 mAh (typ)\u00a0<br \/>\u00a0 &#8211; Carga r\u00e1pida: 45 W\u00a0\u00a0<br \/>&#8211; **SISTEMA OPERATIVO**\u00a0<br \/>\u00a0 &#8211; Xiaomi HyperOS\u00a0<br \/>El **Xiaomi Redmi Note 14 5G** ofrece una potente conectividad 5G, una impresionante c\u00e1mara de 108 MP con estabilizaci\u00f3n \u00f3ptica, una pantalla AMOLED de alta calidad y una bater\u00eda de larga duraci\u00f3n con carga r\u00e1pida, proporcionando un equilibrio perfecto entre rendimiento y eficiencia para usuarios exigentes.<\/p>\n","protected":false},"excerpt":{"rendered":"<p>Movil xiaomi redmi note 14 5g 8 &#8211; 256gb negro<\/p>\n","protected":false},"featured_media":241625,"comment_status":"open","ping_status":"open","template":"","meta":{"_et_pb_use_builder":"","_et_pb_old_content":"","_et_gb_content_width":""},"product_brand":[2092],"product_cat":[2058,2063,2062,4496],"product_tag":[2067,2066,2093],"class_list":{"0":"post-241624","1":"product","2":"type-product","3":"status-publish","4":"has-post-thumbnail","6":"product_brand-xiaomi","7":"product_cat-dispositivos","8":"product_cat-smartphones","9":"product_cat-telefonia","10":"product_cat-xiaomi-smartphones","11":"product_tag-smartphones","12":"product_tag-telefonia","13":"product_tag-xiaomi","14":"product_shipping_class-2059","15":"pa_canon-digital-impuesto-incluido-de-325-e","16":"pa_categoria-telefonia","17":"pa_marca-xiaomi","18":"pa_peso-4780","19":"pa_referencia-mgs0000025158","21":"first","22":"instock","23":"sale","24":"taxable","25":"shipping-taxable","26":"purchasable","27":"product-type-simple"},"_links":{"self":[{"href":"https:\/\/linkxa.es\/linkshop\/wp-json\/wp\/v2\/product\/241624","targetHints":{"allow":["GET"]}}],"collection":[{"href":"https:\/\/linkxa.es\/linkshop\/wp-json\/wp\/v2\/product"}],"about":[{"href":"https:\/\/linkxa.es\/linkshop\/wp-json\/wp\/v2\/types\/product"}],"replies":[{"embeddable":true,"href":"https:\/\/linkxa.es\/linkshop\/wp-json\/wp\/v2\/comments?post=241624"}],"wp:featuredmedia":[{"embeddable":true,"href":"https:\/\/linkxa.es\/linkshop\/wp-json\/wp\/v2\/media\/241625"}],"wp:attachment":[{"href":"https:\/\/linkxa.es\/linkshop\/wp-json\/wp\/v2\/media?parent=241624"}],"wp:term":[{"taxonomy":"product_brand","embeddable":true,"href":"https:\/\/linkxa.es\/linkshop\/wp-json\/wp\/v2\/product_brand?post=241624"},{"taxonomy":"product_cat","embeddable":true,"href":"https:\/\/linkxa.es\/linkshop\/wp-json\/wp\/v2\/product_cat?post=241624"},{"taxonomy":"product_tag","embeddable":true,"href":"https:\/\/linkxa.es\/linkshop\/wp-json\/wp\/v2\/product_tag?post=241624"}],"curies":[{"name":"wp","href":"https:\/\/api.w.org\/{rel}","templated":true}]}}