{"id":241658,"date":"2025-03-04T08:05:45","date_gmt":"2025-03-04T08:05:45","guid":{"rendered":"https:\/\/linkxa.es\/contratacion\/producto\/movil-samsung-galaxy-a26-5g-8-2\/"},"modified":"2026-03-31T21:57:00","modified_gmt":"2026-03-31T21:57:00","slug":"movil-samsung-galaxy-a26-5g-8-2","status":"publish","type":"product","link":"https:\/\/linkxa.es\/linkshop\/producto\/movil-samsung-galaxy-a26-5g-8-2\/","title":{"rendered":"Movil samsung galaxy a26 5g 8"},"content":{"rendered":"<div style=\"text-align: center; margin-bottom: 20px;\">\n<h2 style=\"font-size: 22px; font-weight: 600; margin: 0; color: #333;\">Samsung\u00a0|\u00a0 Smartphones<\/h2>\n<p><strong>Movil samsung galaxy a26 5g 8 &#8211; 256gb &#8211; 6.7 pulgadas &#8211; negro<\/strong><\/p>\n<\/div>\n<p style=\"max-width: 700px; margin: 0px auto 30px; font-size: 18px; line-height: 1.6; color: #555555; font-style: italic; text-align: left;\">El Samsung Galaxy A26 5G es el smartphone que combina potencia, conectividad y una pantalla de alta calidad. Con su procesador Exynos 1380 y una bater\u00eda de 5000 mAh con carga r\u00e1pida de 25W, ofrece un rendimiento fluido y duradero.<\/p>\n<p>Rendimiento y potencia con Awesome Intelligence<br \/>Samsung Galaxy A26 5G es el smartphone perfecto para quienes buscan potencia y facilidad. Con Awesome Intelligence, herramientas como Circle to Search te permiten obtener informaci\u00f3n al instante con un solo gesto. Adem\u00e1s, con Edit Suggestion, tus fotos se optimizan autom\u00e1ticamente, y Object Eraser elimina objetos no deseados con un toque. \u00a1Y si quieres darles un toque \u00fanico, usa los filtros personalizados!<\/p>\n<p>Dise\u00f1o elegante y resistente<br \/>Con su dise\u00f1o elegante y la certificaci\u00f3n IP67, Galaxy A26 5G est\u00e1 hecho para resistir lo que le eches. Protegido contra polvo y agua, es perfecto para cualquier entorno, sin preocuparte por da\u00f1os. Disponible en Negro, Blanco y Menta, combina estilo y durabilidad en un solo dispositivo.<\/p>\n<p>Pantalla impresionante para cada momento<br \/>La pantalla Super AMOLED FHD+ de 6,7? te ofrece colores vibrantes y negros profundos, mientras que la tasa de refresco de 120 Hz asegura una experiencia fluida. Ya sea navegando, jugando o viendo contenido, todo se ver\u00e1 perfectamente suave.<\/p>\n<p>Autonom\u00eda todo el d\u00eda<br \/>Con una bater\u00eda de 5.000 mAh, puedes disfrutar de tu Galaxy A26 5G durante todo el d\u00eda sin interrupciones. Y cuando necesites cargarlo, la carga r\u00e1pida de 25 W recupera energ\u00eda en minutos, para que sigas con tu d\u00eda sin esperar.<\/p>\n<p>C\u00e1maras para capturar cada detalle<br \/>En el apartado fotogr\u00e1fico, su c\u00e1mara principal de 50 MP con OIS captura im\u00e1genes n\u00edtidas, incluso en movimiento. La c\u00e1mara gran angular de 8 MP te permite tomar fotos panor\u00e1micas incre\u00edbles, y el sensor macro de 2 MP resalta hasta el m\u00e1s m\u00ednimo detalle. Adem\u00e1s, la c\u00e1mara frontal de 13 MP asegura selfies y videollamadas de alta calidad, con colores naturales y vibrantes.<\/p>\n<p>Rendimiento sin l\u00edmites<br \/>Gracias al procesador Samsung Exynos 1380, Galaxy A26 5G ofrece un rendimiento \u00e1gil, perfecto para multitarea, juegos y apps exigentes. Y con hasta 256 GB de almacenamiento, ampliables hasta 2 TB, nunca te faltar\u00e1 espacio para todo lo que quieras guardar.<\/p>\n","protected":false},"excerpt":{"rendered":"<p>Movil samsung galaxy a26 5g 8 &#8211; 256gb &#8211; 6.7 pulgadas &#8211; negro<\/p>\n","protected":false},"featured_media":230263,"comment_status":"open","ping_status":"open","template":"","meta":{"_et_pb_use_builder":"","_et_pb_old_content":"","_et_gb_content_width":""},"product_brand":[2072],"product_cat":[2058,4517,2063,2062],"product_tag":[2073,2067,2066],"class_list":{"0":"post-241658","1":"product","2":"type-product","3":"status-publish","4":"has-post-thumbnail","6":"product_brand-samsung","7":"product_cat-dispositivos","8":"product_cat-samsung","9":"product_cat-smartphones","10":"product_cat-telefonia","11":"product_tag-samsung","12":"product_tag-smartphones","13":"product_tag-telefonia","14":"product_shipping_class-2059","15":"pa_canon-digital-impuesto-incluido-de-325-e","16":"pa_categoria-telefonia","17":"pa_marca-samsung","18":"pa_peso-4796","19":"pa_referencia-mgs0000026587","21":"first","22":"instock","23":"sale","24":"taxable","25":"shipping-taxable","26":"purchasable","27":"product-type-simple"},"_links":{"self":[{"href":"https:\/\/linkxa.es\/linkshop\/wp-json\/wp\/v2\/product\/241658","targetHints":{"allow":["GET"]}}],"collection":[{"href":"https:\/\/linkxa.es\/linkshop\/wp-json\/wp\/v2\/product"}],"about":[{"href":"https:\/\/linkxa.es\/linkshop\/wp-json\/wp\/v2\/types\/product"}],"replies":[{"embeddable":true,"href":"https:\/\/linkxa.es\/linkshop\/wp-json\/wp\/v2\/comments?post=241658"}],"wp:featuredmedia":[{"embeddable":true,"href":"https:\/\/linkxa.es\/linkshop\/wp-json\/wp\/v2\/media\/230263"}],"wp:attachment":[{"href":"https:\/\/linkxa.es\/linkshop\/wp-json\/wp\/v2\/media?parent=241658"}],"wp:term":[{"taxonomy":"product_brand","embeddable":true,"href":"https:\/\/linkxa.es\/linkshop\/wp-json\/wp\/v2\/product_brand?post=241658"},{"taxonomy":"product_cat","embeddable":true,"href":"https:\/\/linkxa.es\/linkshop\/wp-json\/wp\/v2\/product_cat?post=241658"},{"taxonomy":"product_tag","embeddable":true,"href":"https:\/\/linkxa.es\/linkshop\/wp-json\/wp\/v2\/product_tag?post=241658"}],"curies":[{"name":"wp","href":"https:\/\/api.w.org\/{rel}","templated":true}]}}