{"id":241694,"date":"2025-03-07T09:06:03","date_gmt":"2025-03-07T09:06:03","guid":{"rendered":"https:\/\/linkxa.es\/contratacion\/producto\/telefono-movil-smartphone-xiaomi-redmi-a5-6\/"},"modified":"2026-03-31T21:59:47","modified_gmt":"2026-03-31T21:59:47","slug":"telefono-movil-smartphone-xiaomi-redmi-a5-6","status":"publish","type":"product","link":"https:\/\/linkxa.es\/linkshop\/producto\/telefono-movil-smartphone-xiaomi-redmi-a5-6\/","title":{"rendered":"Telefono movil smartphone xiaomi redmi a5"},"content":{"rendered":"<div style=\"text-align: center; margin-bottom: 20px;\">\n<h2 style=\"font-size: 22px; font-weight: 600; margin: 0; color: #333;\">Xiaomi\u00a0|\u00a0 Smartphones<\/h2>\n<p><strong>Telefono movil smartphone xiaomi redmi a5 4gb &#8211; 128gb &#8211; verde<\/strong><\/p>\n<\/div>\n<p style=\"max-width: 700px; margin: 0px auto 30px; font-size: 18px; line-height: 1.6; color: #555555; font-style: italic; text-align: left;\">La pantalla de alta frecuencia de actualizaci\u00f3n de 6,88&#8243; de Xiaomi Redmi A5 te ofrecer\u00e1 una experiencia m\u00e1s fluida e inmersiva. Sum\u00e9rgete en pel\u00edculas, libros y documentos con la gran pantalla. Admite una frecuencia de actualizaci\u00f3n adaptativa de hasta 120 Hz para un rendimiento m\u00e1s fluido.<\/p>\n<p>Caracter\u00edsticas<br \/>C\u00e1mara dual integral con IA: Im\u00e1genes s\u00faper n\u00edtidas de 32 MP. Un nuevo sistema de im\u00e1genes de doble c\u00e1mara con IA para obtener im\u00e1genes m\u00e1s claras y una experiencia fotogr\u00e1fica mejorada. Con una nueva marca de agua de c\u00e1mara para fotos m\u00e1s exclusivas.<br \/>Im\u00e1genes claras y hermosas: Fotograf\u00eda de escenas nocturnas extraordinarias. Redmi A5 cuenta con un sensor de c\u00e1mara m\u00e1s grande, que captura un 18% m\u00e1s de luz y te permite tomar fotograf\u00edas extraordinarias con poca luz e incluso de noche.<br \/>C\u00e1mara frontal de 8MP: Incluso los selfies se ven fant\u00e1sticos. Una c\u00e1mara frontal mejorada con luz de relleno garantiza una calidad de selfie perfecta.<br \/>Triple certificaci\u00f3n T\u00dcV Rheinland: Comodidad para los ojos. Cuenta con atenuaci\u00f3n CC total, luz azul baja, sin parpadeo visible y una experiencia de lectura que recuerda a un libro real para que pueda leer durante largos per\u00edodos sin da\u00f1ar sus ojos.<br \/>Tecnolog\u00eda de tacto h\u00famedo. Control t\u00e1ctil preciso incluso con las manos mojadas.<br \/>Lenguaje de dise\u00f1o renovado: Apariencia mejorada. Un elegante marco plano con una decoraci\u00f3n de c\u00e1mara resaltada crea un dise\u00f1o tan moderno como funcional.<br \/>Enormes 5200 mAh (t\u00edpico): Bater\u00eda de larga duraci\u00f3n. La gran capacidad de la bater\u00eda y la opci\u00f3n de carga r\u00e1pida de 15 W hacen que el dispositivo sea ideal para leer y ver videos durante largos periodos sin preocuparse por quedarse sin bater\u00eda. Incluso despu\u00e9s de m\u00e1s de 1000 ciclos de carga, la bater\u00eda dura inquebrantablemente.<br \/>Procesador de ocho n\u00facleos: Para un rendimiento m\u00e1s potente. Un nuevo procesador de ocho n\u00facleos ofrece mayor rendimiento con menor consumo de energ\u00eda. Adem\u00e1s, admite la expansi\u00f3n din\u00e1mica de RAM para una experiencia optimizada.<br \/>Extensi\u00f3n de memoria: Funcionamiento suave. Con hasta 8 GB de RAM a trav\u00e9s de la extensi\u00f3n de memoria, disfrute de una experiencia m\u00e1s fluida para aplicaciones, juegos y uso diario. *La versi\u00f3n de 8 GB de RAM con extensi\u00f3n de memoria se basa en la versi\u00f3n de 4 GB de RAM. La RAM adicional ocupar\u00e1 la cantidad correspondiente de almacenamiento ROM. La extensi\u00f3n de memoria solo est\u00e1 disponible cuando hay suficiente espacio de almacenamiento en el dispositivo. La capacidad real de extensi\u00f3n de RAM var\u00eda seg\u00fan el modelo<br \/>36 meses: Experiencia de software como nueva. Redmi A5 est\u00e1 optimizado para minimizar la degradaci\u00f3n del rendimiento con el tiempo y probado para conservar su experiencia de usuario perfecta desde el primer momento, incluso despu\u00e9s de 36 meses de uso regular.<\/p>\n<p>Especificaciones Xiaomi Redmi A5<\/p>\n<p>Exhibici\u00f3n<br \/>Diagonal de la pantalla: 17,5 cm (6.88&#8243;)<br \/>Forma de la pantalla: Plana<br \/>Relaci\u00f3n pantalla-cuerpo: 90%<br \/>Tipo de cristal de pantalla: Corning Glass<br \/>Resoluci\u00f3n de la pantalla: 1640 x 720 Pixeles<br \/>Profundidad de color: 8 bit<br \/>Raz\u00f3n de contraste (t\u00edpica): 1500:1<br \/>M\u00e1xima velocidad de actualizaci\u00f3n: 120 Hz<br \/>Velocidad de respuesta t\u00e1ctil: 240 Hz<br \/>Brillo de pantalla: 450 cd \/ m\u00b2<br \/>Densidad del pixel: 260 ppp<br \/>Cobertura NTSC (t\u00edpica): 70%<br \/>Procesador<br \/>Familia de procesador: Unisoc<br \/>N\u00famero de n\u00facleos de procesador: 8<br \/>Frecuencia del procesador turbo: 1,8 GHz<br \/>Medios de almacenaje<br \/>Capacidad de RAM: 4 GB (admite ampliaci\u00f3n de memoria hasta 8 GB)<br \/>Tipo de RAM: LPDDR4X<br \/>Capacidad de almacenamiento interno: 128 GB eMMC 5.1<br \/>Tarjetas de memoria compatibles: MicroSD (TransFlash)<br \/>Tama\u00f1o m\u00e1ximo de tarjeta de memoria: 1 TB<br \/>C\u00e1mara fotogr\u00e1fica<br \/>Resoluci\u00f3n de la c\u00e1mara trasera (num\u00e9rica): 32 MP<br \/>N\u00famero de apertura de la c\u00e1mara trasera: 2<br \/>Elementos de la lente de la c\u00e1mara trasera: Lente de 4 elementos<br \/>Tipo de c\u00e1mara frontal: C\u00e1mara \u00fanica<br \/>Resoluci\u00f3n de la c\u00e1mara frontal (num\u00e9rica): 8 MP<br \/>N\u00famero de apertura de la c\u00e1mara frontal: 2,2<br \/>C\u00e1mara trasera con flash: Si<br \/>Resoluci\u00f3n de captura de video: 1920 x 1080 Pixeles<br \/>Velocidad m\u00e1xima de cuadro: 30 pps<br \/>Resoluci\u00f3n en velocidad de captura: 1280&#215;720@30fps, 1920&#215;1080@30fps<br \/>Modos de grabaci\u00f3n de v\u00eddeo: 720p, 1080p<br \/>Tipo de c\u00e1mara trasera: C\u00e1mara \u00fanica<br \/>Modo de alto rango din\u00e1mico (HDR) de la c\u00e1mara: Si<br \/>Modo de lapso de tiempo: Si<br \/>Modo noche: Si<br \/>Conexi\u00f3n<br \/>Capacidad de la tarjeta SIM: SIM doble<br \/>Generaci\u00f3n de red m\u00f3vil: 4G<br \/>Tipo de tarjeta SIM: NanoSIM<br \/>Est\u00e1ndares 3G: WCDMA<br \/>Est\u00e1ndar 4G: LTE-TDD &#038; LTE-FDD<br \/>Est\u00e1ndar 5G: No compatible<br \/>Wifi: Si<br \/>Est\u00e1ndar Wi-Fi: Wi-Fi 5 (802.11ac)<br \/>Bluetooth: Si<br \/>Versi\u00f3n de Bluetooth: 5.2<br \/>Perfiles de Bluetooth: AAC, SBC<br \/>Suscripci\u00f3n<br \/>Tipo de suscripci\u00f3n: Sin suscripci\u00f3n<br \/>Puertos e Interfaces<br \/>Puerto USB: Si<br \/>Conector USB: USB Tipo C<br \/>Auriculares: 3,5 mm<br \/>Mensajer\u00eda<br \/>Servicios de mensajes cortos (SMS): Si<br \/>Sistema de mensajer\u00eda multimedia (MMS): Si<br \/>Correo electr\u00f3nico: Si<br \/>Dise\u00f1o<br \/>Factor de forma: Barra<br \/>Color del producto: Verde<br \/>Nombre del color: Lake Green<br \/>Desempe\u00f1o<br \/>Videollamada: Si<br \/>Lector de huella digital: Si<br \/>Reconocimiento de cara: Si<br \/>Altavoz: Si<br \/>Alerta vibratoria: Si<br \/>Navegaci\u00f3n<br \/>GPS (sat\u00e9lite): Si<br \/>GLONASS: Si<br \/>BeiDou: Si<br \/>Galileo: Si<br \/>Br\u00fajula electr\u00f3nica: Si<br \/>GPS: Si<br \/>Multimedia<br \/>Radio FM: Si<br \/>Formatos de audio soportados: 3GP, AAC, AMR, AWB, FLAC, M4A, Semitorre, MIDI, MP4, OGA, OGG, OTA, RTX, SMF<br \/>Formatos de v\u00eddeo compatibles: 3GP, AV1, H.264, H.265, MKV, MP4, MPEG2, MPEG4, TS, VP8, VP9, WEBM<br \/>Software<br \/>Plataforma: Android<br \/>Sistema operativo instalado: Android 15<br \/>Bater\u00eda<br \/>Capacidad de bater\u00eda: 5200 mAh<br \/>Sensores<br \/>Sensor de proximidad: Si<br \/>Aceler\u00f3metro: Si<br \/>Sensor de luz ambiental: Si<br \/>Control de energ\u00eda<br \/>Puerto de carga USB tipo C: Si<br \/>Peso y dimensiones<br \/>Ancho: 77,8 mm<br \/>Profundidad: 8,26 mm<br \/>Altura: 193 mm<br \/>Contenido del embalaje<br \/>Gu\u00eda de configuraci\u00f3n r\u00e1pida: Si<br \/>Tarjeta de garant\u00eda: Si<br \/>Cables incluidos: USB Tipo C<br \/>Instrumento para extraer tarjeta SIM: Si<\/p>\n","protected":false},"excerpt":{"rendered":"<p>Telefono movil smartphone xiaomi redmi a5 4gb &#8211; 128gb &#8211; verde<\/p>\n","protected":false},"featured_media":230152,"comment_status":"open","ping_status":"open","template":"","meta":{"_et_pb_use_builder":"","_et_pb_old_content":"","_et_gb_content_width":""},"product_brand":[2092],"product_cat":[2058,2063,2062,4496],"product_tag":[2067,2066,2093],"class_list":{"0":"post-241694","1":"product","2":"type-product","3":"status-publish","4":"has-post-thumbnail","6":"product_brand-xiaomi","7":"product_cat-dispositivos","8":"product_cat-smartphones","9":"product_cat-telefonia","10":"product_cat-xiaomi-smartphones","11":"product_tag-smartphones","12":"product_tag-telefonia","13":"product_tag-xiaomi","14":"product_shipping_class-2059","15":"pa_canon-digital-impuesto-incluido-de-325-e","16":"pa_categoria-telefonia","17":"pa_marca-xiaomi","18":"pa_peso-4809","19":"pa_referencia-mgs0000027081","21":"first","22":"instock","23":"sale","24":"taxable","25":"shipping-taxable","26":"purchasable","27":"product-type-simple"},"_links":{"self":[{"href":"https:\/\/linkxa.es\/linkshop\/wp-json\/wp\/v2\/product\/241694","targetHints":{"allow":["GET"]}}],"collection":[{"href":"https:\/\/linkxa.es\/linkshop\/wp-json\/wp\/v2\/product"}],"about":[{"href":"https:\/\/linkxa.es\/linkshop\/wp-json\/wp\/v2\/types\/product"}],"replies":[{"embeddable":true,"href":"https:\/\/linkxa.es\/linkshop\/wp-json\/wp\/v2\/comments?post=241694"}],"wp:featuredmedia":[{"embeddable":true,"href":"https:\/\/linkxa.es\/linkshop\/wp-json\/wp\/v2\/media\/230152"}],"wp:attachment":[{"href":"https:\/\/linkxa.es\/linkshop\/wp-json\/wp\/v2\/media?parent=241694"}],"wp:term":[{"taxonomy":"product_brand","embeddable":true,"href":"https:\/\/linkxa.es\/linkshop\/wp-json\/wp\/v2\/product_brand?post=241694"},{"taxonomy":"product_cat","embeddable":true,"href":"https:\/\/linkxa.es\/linkshop\/wp-json\/wp\/v2\/product_cat?post=241694"},{"taxonomy":"product_tag","embeddable":true,"href":"https:\/\/linkxa.es\/linkshop\/wp-json\/wp\/v2\/product_tag?post=241694"}],"curies":[{"name":"wp","href":"https:\/\/api.w.org\/{rel}","templated":true}]}}