{"id":241725,"date":"2025-05-10T11:56:12","date_gmt":"2025-05-10T11:56:12","guid":{"rendered":"https:\/\/linkxa.es\/contratacion\/producto\/movil-xiaomi-redmi-a5-3-64gb-3\/"},"modified":"2026-03-31T22:01:08","modified_gmt":"2026-03-31T22:01:08","slug":"movil-xiaomi-redmi-a5-3-64gb-3","status":"publish","type":"product","link":"https:\/\/linkxa.es\/linkshop\/producto\/movil-xiaomi-redmi-a5-3-64gb-3\/","title":{"rendered":"Movil xiaomi redmi a5 3 64gb"},"content":{"rendered":"<div style=\"text-align: center; margin-bottom: 20px;\">\n<h2 style=\"font-size: 22px; font-weight: 600; margin: 0; color: #333;\">Xiaomi\u00a0|\u00a0 Smartphones<\/h2>\n<p><strong>Movil xiaomi redmi a5 3 &#8211; 64gb azul<\/strong><\/p>\n<\/div>\n<p style=\"max-width: 700px; margin: 0px auto 30px; font-size: 18px; line-height: 1.6; color: #555555; font-style: italic; text-align: left;\">&#8211; CATEGOR\u00cdA\u00a0<br \/>Smartphone\u00a0<\/p>\n<p>&#8211; MARCA\u00a0<br \/>Xiaomi\u00a0<\/p>\n<p>&#8211; MODELO\u00a0<br \/>Redmi A5\u00a0<\/p>\n<p>&#8211; PANTALLA\u00a0<br \/>Tama\u00f1o: 6,88 pulgadas (17,5 cm)\u00a0<br \/>Resoluci\u00f3n: 1640 x 720 p\u00edxeles\u00a0<br \/>Relaci\u00f3n de aspecto: 20.6:9\u00a0<br \/>Relaci\u00f3n pantalla-cuerpo: 90%\u00a0<br \/>Tipo: IPS LCD\u00a0<br \/>Frecuencia de actualizaci\u00f3n: Hasta 120 Hz\u00a0<br \/>Velocidad de respuesta t\u00e1ctil: 240 Hz\u00a0<br \/>Brillo: 450 cd\/m\u00b2\u00a0<br \/>Contraste: 1500:1\u00a0<br \/>Densidad de p\u00edxeles: 260 ppp\u00a0<br \/>Protecci\u00f3n: Corning Glass\u00a0<br \/>Cobertura NTSC: 70%\u00a0<br \/>HDR10: S\u00ed\u00a0<br \/>Profundidad de color: 8 bits\u00a0<br \/>Pantalla antirreflectante: S\u00ed\u00a0<\/p>\n<p>&#8211; C\u00c1MARA TRASERA\u00a0<br \/>Resoluci\u00f3n: 32 MP\u00a0<br \/>Apertura: f\/2.0\u00a0<br \/>Lente de 4 elementos\u00a0<br \/>Modo noche: S\u00ed\u00a0<br \/>HDR: S\u00ed\u00a0<br \/>Flash: S\u00ed\u00a0<br \/>Resoluci\u00f3n de video: Hasta 1920 x 1080 px @30fps\u00a0<br \/>Modos de grabaci\u00f3n: 720p, 1080p\u00a0<br \/>Modo timelapse: S\u00ed\u00a0<\/p>\n<p>&#8211; C\u00c1MARA FRONTAL\u00a0<br \/>Resoluci\u00f3n: 8 MP\u00a0<br \/>Apertura: f\/2.2\u00a0<br \/>Luz de relleno para selfies: S\u00ed\u00a0<\/p>\n<p>&#8211; PROCESADOR\u00a0<br \/>Fabricante: Unisoc\u00a0<br \/>N\u00facleos: 8\u00a0<br \/>Frecuencia m\u00e1xima: 1,8 GHz\u00a0<\/p>\n<p>&#8211; MEMORIA Y ALMACENAMIENTO\u00a0<br \/>RAM: 3 GB (ampliable hasta 6 GB con memoria virtual)\u00a0<br \/>Tipo de RAM: LPDDR4X\u00a0<br \/>Almacenamiento interno: 64 GB eMMC 5.1\u00a0<br \/>Ranura para MicroSD: Hasta 1 TB\u00a0<\/p>\n<p>&#8211; BATER\u00cdA\u00a0<br \/>Capacidad: 5200 mAh\u00a0<br \/>Carga r\u00e1pida: 15 W\u00a0<br \/>Ciclos de carga: M\u00e1s de 1000 con rendimiento sostenido\u00a0<\/p>\n<p>&#8211; CONECTIVIDAD\u00a0<br \/>Red m\u00f3vil: Dual SIM (Nano SIM)\u00a0<br \/>4G: LTE-TDD y LTE-FDD\u00a0<br \/>Wi-Fi: 802.11ac (Wi-Fi 5)\u00a0<br \/>Bluetooth: 5.2\u00a0<br \/>Puertos: USB Tipo C, Jack 3,5 mm\u00a0<br \/>Servicios de localizaci\u00f3n: GPS, GLONASS, Galileo, BeiDou\u00a0<br \/>Br\u00fajula electr\u00f3nica: S\u00ed\u00a0<\/p>\n<p>&#8211; DISE\u00d1O\u00a0<br \/>Color: Ocean Blue\u00a0<br \/>Factor de forma: Barra\u00a0<br \/>Material: No especificado\u00a0<br \/>Tecnolog\u00eda de tacto h\u00famedo: S\u00ed\u00a0<\/p>\n<p>&#8211; DIMENSIONES Y PESO\u00a0<br \/>Altura: 193 mm\u00a0<br \/>Ancho: 77,8 mm\u00a0<br \/>Grosor: 8,26 mm\u00a0<\/p>\n<p>&#8211; PESO\u00a0<br \/>No especificado\u00a0<\/p>\n<p>&#8211; SISTEMA OPERATIVO\u00a0<br \/>Versi\u00f3n: Android 15\u00a0<br \/>Interfaz: No especificada\u00a0<\/p>\n<p>&#8211; FUNCIONES ADICIONALES\u00a0<br \/>Lector de huella digital\u00a0<br \/>Reconocimiento facial\u00a0<br \/>Altavoz incorporado\u00a0<br \/>Videollamadas\u00a0<br \/>Alerta por vibraci\u00f3n\u00a0<br \/>Radio FM\u00a0<br \/>Sensores: Aceler\u00f3metro, sensor de luz ambiental, sensor de proximidad\u00a0<\/p>\n<p>&#8211; CERTIFICACIONES\u00a0<br \/>Triple certificaci\u00f3n T\u00dcV Rheinland: luz azul baja, sin parpadeo, atenuaci\u00f3n CC total\u00a0<\/p>\n<p>&#8211; CONTENIDO DEL EMBALAJE\u00a0<br \/>Gu\u00eda de configuraci\u00f3n r\u00e1pida\u00a0<br \/>Tarjeta de garant\u00eda\u00a0<br \/>Cable USB Tipo C\u00a0<br \/>Pin para extracci\u00f3n de SIM\u00a0<\/p>\n","protected":false},"excerpt":{"rendered":"<p>Movil xiaomi redmi a5 3 &#8211; 64gb azul<\/p>\n","protected":false},"featured_media":230407,"comment_status":"open","ping_status":"open","template":"","meta":{"_et_pb_use_builder":"","_et_pb_old_content":"","_et_gb_content_width":""},"product_brand":[2092],"product_cat":[2058,2063,2062,4496],"product_tag":[2067,2066,2093],"class_list":{"0":"post-241725","1":"product","2":"type-product","3":"status-publish","4":"has-post-thumbnail","6":"product_brand-xiaomi","7":"product_cat-dispositivos","8":"product_cat-smartphones","9":"product_cat-telefonia","10":"product_cat-xiaomi-smartphones","11":"product_tag-smartphones","12":"product_tag-telefonia","13":"product_tag-xiaomi","14":"product_shipping_class-2059","15":"pa_canon-digital-impuesto-incluido-de-325-e","16":"pa_categoria-telefonia","17":"pa_marca-xiaomi","18":"pa_peso-4809","19":"pa_referencia-mgs0000027661","21":"first","22":"instock","23":"sale","24":"taxable","25":"shipping-taxable","26":"purchasable","27":"product-type-simple"},"_links":{"self":[{"href":"https:\/\/linkxa.es\/linkshop\/wp-json\/wp\/v2\/product\/241725","targetHints":{"allow":["GET"]}}],"collection":[{"href":"https:\/\/linkxa.es\/linkshop\/wp-json\/wp\/v2\/product"}],"about":[{"href":"https:\/\/linkxa.es\/linkshop\/wp-json\/wp\/v2\/types\/product"}],"replies":[{"embeddable":true,"href":"https:\/\/linkxa.es\/linkshop\/wp-json\/wp\/v2\/comments?post=241725"}],"wp:featuredmedia":[{"embeddable":true,"href":"https:\/\/linkxa.es\/linkshop\/wp-json\/wp\/v2\/media\/230407"}],"wp:attachment":[{"href":"https:\/\/linkxa.es\/linkshop\/wp-json\/wp\/v2\/media?parent=241725"}],"wp:term":[{"taxonomy":"product_brand","embeddable":true,"href":"https:\/\/linkxa.es\/linkshop\/wp-json\/wp\/v2\/product_brand?post=241725"},{"taxonomy":"product_cat","embeddable":true,"href":"https:\/\/linkxa.es\/linkshop\/wp-json\/wp\/v2\/product_cat?post=241725"},{"taxonomy":"product_tag","embeddable":true,"href":"https:\/\/linkxa.es\/linkshop\/wp-json\/wp\/v2\/product_tag?post=241725"}],"curies":[{"name":"wp","href":"https:\/\/api.w.org\/{rel}","templated":true}]}}