{"id":241885,"date":"2026-04-07T18:09:33","date_gmt":"2026-04-07T18:09:33","guid":{"rendered":"https:\/\/linkxa.es\/contratacion\/producto\/movil-80-gb-acumulables-ilimitadas-1-000-min-internacional-2\/"},"modified":"2026-04-23T12:46:07","modified_gmt":"2026-04-23T12:46:07","slug":"movil-80-gb-acumulables-ilimitadas-1-000-min-internacional-2","status":"publish","type":"product","link":"https:\/\/linkxa.es\/linkshop\/producto\/movil-80-gb-acumulables-ilimitadas-1-000-min-internacional-2\/","title":{"rendered":"movil 80 GB Acumulables + Ilimitadas + 1.000 min Internacional"},"content":{"rendered":"<p data-start=\"702\" data-end=\"814\">Disfruta de tu tarifa } con }, ideal para un uso intensivo y sin limitaciones.<\/p>\n<p data-start=\"821\" data-end=\"933\">Incluye } de datos m\u00f3viles a m\u00e1xima velocidad y llamadas ilimitadas a fijos y m\u00f3viles nacionales.<\/p>\n<p data-start=\"940\" data-end=\"1048\">\u2714 } de datos m\u00f3viles<br data-start=\"973\" data-end=\"976\" \/>\u2714 Llamadas ilimitadas<br data-start=\"999\" data-end=\"1002\" \/>\u2714 Cobertura nacional<\/p>\n<p data-start=\"1055\" data-end=\"1098\">Conecta, navega y habla con total libertad.<\/p>\n","protected":false},"excerpt":{"rendered":"<p>80 GB Acumulables + Ilimitadas + 1.000 min Internacional<\/p>\n","protected":false},"featured_media":241872,"comment_status":"closed","ping_status":"open","template":"","meta":{"_et_pb_use_builder":"","_et_pb_old_content":"","_et_gb_content_width":""},"product_brand":[4834],"product_cat":[4835,4832,4836,4842],"product_tag":[4837],"class_list":{"0":"post-241885","1":"product","2":"type-product","3":"status-publish","4":"has-post-thumbnail","6":"product_brand-likes","7":"product_cat-likes","8":"product_cat-linkxa-telcom","9":"product_cat-movil","10":"product_cat-servicios","11":"product_tag-active","13":"first","14":"instock","15":"taxable","16":"shipping-taxable","17":"purchasable","18":"product-type-subscription"},"_links":{"self":[{"href":"https:\/\/linkxa.es\/linkshop\/wp-json\/wp\/v2\/product\/241885","targetHints":{"allow":["GET"]}}],"collection":[{"href":"https:\/\/linkxa.es\/linkshop\/wp-json\/wp\/v2\/product"}],"about":[{"href":"https:\/\/linkxa.es\/linkshop\/wp-json\/wp\/v2\/types\/product"}],"replies":[{"embeddable":true,"href":"https:\/\/linkxa.es\/linkshop\/wp-json\/wp\/v2\/comments?post=241885"}],"wp:featuredmedia":[{"embeddable":true,"href":"https:\/\/linkxa.es\/linkshop\/wp-json\/wp\/v2\/media\/241872"}],"wp:attachment":[{"href":"https:\/\/linkxa.es\/linkshop\/wp-json\/wp\/v2\/media?parent=241885"}],"wp:term":[{"taxonomy":"product_brand","embeddable":true,"href":"https:\/\/linkxa.es\/linkshop\/wp-json\/wp\/v2\/product_brand?post=241885"},{"taxonomy":"product_cat","embeddable":true,"href":"https:\/\/linkxa.es\/linkshop\/wp-json\/wp\/v2\/product_cat?post=241885"},{"taxonomy":"product_tag","embeddable":true,"href":"https:\/\/linkxa.es\/linkshop\/wp-json\/wp\/v2\/product_tag?post=241885"}],"curies":[{"name":"wp","href":"https:\/\/api.w.org\/{rel}","templated":true}]}}