{"id":241898,"date":"2026-04-07T18:09:37","date_gmt":"2026-04-07T18:09:37","guid":{"rendered":"https:\/\/linkxa.es\/contratacion\/producto\/fibra-fibra-naranja-600-2x30gb-acumulables\/"},"modified":"2026-04-23T12:45:56","modified_gmt":"2026-04-23T12:45:56","slug":"fibra-fibra-naranja-600-2x30gb-acumulables","status":"publish","type":"product","link":"https:\/\/linkxa.es\/linkshop\/producto\/fibra-fibra-naranja-600-2x30gb-acumulables\/","title":{"rendered":"Fibra Fibra naranja 600 + 2x30GB Acumulables"},"content":{"rendered":"<p data-start=\"702\" data-end=\"814\">Disfruta de tu tarifa } con }, ideal para un uso intensivo y sin limitaciones.<\/p>\n<p data-start=\"821\" data-end=\"933\">Incluye } de datos m\u00f3viles a m\u00e1xima velocidad y llamadas ilimitadas a fijos y m\u00f3viles nacionales.<\/p>\n<p data-start=\"940\" data-end=\"1048\">\u2714 } de datos m\u00f3viles<br data-start=\"973\" data-end=\"976\" \/>\u2714 Llamadas ilimitadas<br data-start=\"999\" data-end=\"1002\" \/>\u2714 Cobertura nacional<\/p>\n<p data-start=\"1055\" data-end=\"1098\">Conecta, navega y habla con total libertad.<\/p>\n","protected":false},"excerpt":{"rendered":"<p>Fibra naranja 600 + 2x30GB Acumulables<\/p>\n","protected":false},"featured_media":241872,"comment_status":"closed","ping_status":"open","template":"","meta":{"_et_pb_use_builder":"","_et_pb_old_content":"","_et_gb_content_width":""},"product_brand":[4834],"product_cat":[4838,4835,4832,4842],"product_tag":[4837],"class_list":{"0":"post-241898","1":"product","2":"type-product","3":"status-publish","4":"has-post-thumbnail","6":"product_brand-likes","7":"product_cat-fibra","8":"product_cat-likes","9":"product_cat-linkxa-telcom","10":"product_cat-servicios","11":"product_tag-active","13":"first","14":"instock","15":"taxable","16":"shipping-taxable","17":"purchasable","18":"product-type-subscription"},"_links":{"self":[{"href":"https:\/\/linkxa.es\/linkshop\/wp-json\/wp\/v2\/product\/241898","targetHints":{"allow":["GET"]}}],"collection":[{"href":"https:\/\/linkxa.es\/linkshop\/wp-json\/wp\/v2\/product"}],"about":[{"href":"https:\/\/linkxa.es\/linkshop\/wp-json\/wp\/v2\/types\/product"}],"replies":[{"embeddable":true,"href":"https:\/\/linkxa.es\/linkshop\/wp-json\/wp\/v2\/comments?post=241898"}],"wp:featuredmedia":[{"embeddable":true,"href":"https:\/\/linkxa.es\/linkshop\/wp-json\/wp\/v2\/media\/241872"}],"wp:attachment":[{"href":"https:\/\/linkxa.es\/linkshop\/wp-json\/wp\/v2\/media?parent=241898"}],"wp:term":[{"taxonomy":"product_brand","embeddable":true,"href":"https:\/\/linkxa.es\/linkshop\/wp-json\/wp\/v2\/product_brand?post=241898"},{"taxonomy":"product_cat","embeddable":true,"href":"https:\/\/linkxa.es\/linkshop\/wp-json\/wp\/v2\/product_cat?post=241898"},{"taxonomy":"product_tag","embeddable":true,"href":"https:\/\/linkxa.es\/linkshop\/wp-json\/wp\/v2\/product_tag?post=241898"}],"curies":[{"name":"wp","href":"https:\/\/api.w.org\/{rel}","templated":true}]}}